{"id":744464,"date":"2025-08-28T01:57:33","date_gmt":"2025-08-27T22:57:33","guid":{"rendered":"https:\/\/roveyayinevi.com.tr\/index.php\/urun\/liderligin-karanlik-yuzu\/"},"modified":"2026-04-16T02:56:31","modified_gmt":"2026-04-15T23:56:31","slug":"liderligin-karanlik-yuzu","status":"publish","type":"product","link":"https:\/\/roveyayinevi.com.tr\/index.php\/urun\/liderligin-karanlik-yuzu\/","title":{"rendered":"Liderli\u011fin Karanl\u0131k Y\u00fcz\u00fc"},"content":{"rendered":"<p>Kazanmak i\u00e7in feda etmek gerekir.   Ya lidersiniz ya da de\u011filsiniz! Bu, gece ile g\u00fcnd\u00fcz kadar nettir. Organizasyonlar \u00fc\u00e7gendir ve tepe noktaya y\u00fckseldik\u00e7e burgu ka\u00e7\u0131n\u0131lmaz olur. Madalyonun bir y\u00fcz\u00fcnde yaln\u0131zl\u0131\u011f\u0131 i\u00e7eren bir d\u00fczen, \u00f6b\u00fcr y\u00fcz\u00fcnde ise ba\u015far\u0131 ve zafer vard\u0131r.   Hayat \u00e7at\u0131\u015fmalardan ve zorluklardan olu\u015fur. \u0130\u015f hayat\u0131 da bu \u00e7at\u0131\u015fmalar\u0131n en g\u00f6r\u00fcn\u00fcr oldu\u011fu yerdir. \u015eirkette i\u015fler her zaman o kadar da yolunda gitmez. Uyumlu insanlar oldu\u011fu gibi illa ki aksi tipler de vard\u0131r. Lider; g\u00f6r\u00fc\u015f ayr\u0131l\u0131klar\u0131n\u0131 \u00e7\u00f6zmek, duygular\u0131n tutu\u015fturdu\u011fu yang\u0131nlar\u0131 s\u00f6nd\u00fcrmek, m\u00fcnasebetsiz sorularla, dedikodularla, imalarla, kavgalarla hatta hafife al\u0131nmalarla ba\u015fa \u00e7\u0131kmak zorunda olan ki\u015fidir.   Bu kitapta liderli\u011fin \u00e7ok da bahsedilmeyen, karanl\u0131kta kalm\u0131\u015f y\u00f6nleri anlat\u0131l\u0131yor. Liderlik sadece g\u00fczel g\u00fcllerin oldu\u011fu bir g\u00fcl bah\u00e7esi de\u011fildir; ayn\u0131 zamanda y\u00fczlerce dikeni vard\u0131r.   Profesyonel i\u015f hayat\u0131na \u201c126 y\u0131ll\u0131k!\u201d i\u015f tecr\u00fcbesini s\u0131\u011fd\u0131ran G\u00fclden T\u00fcrktan, size liderli\u011fin karanl\u0131k y\u00fcz\u00fcn\u00fc g\u00f6sterip, bunun ayd\u0131nl\u0131\u011fa nas\u0131l \u00e7evrilece\u011fini paha bi\u00e7ilmez i\u015f ve ya\u015fam tecr\u00fcbesiyle anlat\u0131yor. Pek \u00e7ok ilke \u00f6nc\u00fcl\u00fck etmi\u015f, uluslararas\u0131 \u015firketlerde \u00f6nemli g\u00f6revlerde bulunmu\u015f, \u015firket y\u00f6netim kurullar\u0131nda 30 sene ba\u015fkan olarak g\u00f6rev yapm\u0131\u015f, belli ba\u015fl\u0131 derneklerde g\u00f6revler \u00fcstlenmi\u015f, W20 (WOMAN20) Kurucu Ba\u015fkan\u0131 olmu\u015f bir kad\u0131n liderin kaleminden okuyaca\u011f\u0131n\u0131z bu kitapta; \u015firketlerin \u00e7ok da bilinmeyen hik\u00e2yelerini ve liderli\u011fin arka y\u00fcz\u00fcn\u00fc bulacaks\u0131n\u0131z. <\/p>\n","protected":false},"excerpt":{"rendered":"<p>Kazanmak i\u00e7in feda etmek gerekir. Ya lidersiniz ya da de\u011filsiniz! Bu, gece ile g\u00fcnd\u00fcz kadar nettir. Organizasyonlar \u00fc\u00e7gendir ve tepe noktaya y\u00fckseldik\u00e7e burgu ka\u00e7\u0131n\u0131lmaz olur. Madalyonun<span class=\"excerpt-hellip\"> [\u2026]<\/span><\/p>\n","protected":false},"featured_media":0,"template":"","meta":{"_monsterinsights_skip_tracking":false,"_monsterinsights_sitenote_active":false,"_monsterinsights_sitenote_note":"","_monsterinsights_sitenote_category":0},"product_brand":[],"product_cat":[13043,17647],"product_tag":[],"class_list":{"0":"post-744464","1":"product","2":"type-product","3":"status-publish","5":"product_cat-ekonomi","6":"product_cat-is-dunyasi","7":"pa_cilt-ciltsiz","8":"pa_tur-kitap","9":"pa_yayinevi-destek-yayinlari","10":"pa_yazar-gulden-turktan","12":"first","13":"instock","14":"sale","15":"shipping-taxable","16":"purchasable","17":"product-type-simple"},"_links":{"self":[{"href":"https:\/\/roveyayinevi.com.tr\/index.php\/wp-json\/wp\/v2\/product\/744464","targetHints":{"allow":["GET"]}}],"collection":[{"href":"https:\/\/roveyayinevi.com.tr\/index.php\/wp-json\/wp\/v2\/product"}],"about":[{"href":"https:\/\/roveyayinevi.com.tr\/index.php\/wp-json\/wp\/v2\/types\/product"}],"wp:attachment":[{"href":"https:\/\/roveyayinevi.com.tr\/index.php\/wp-json\/wp\/v2\/media?parent=744464"}],"wp:term":[{"taxonomy":"product_brand","embeddable":true,"href":"https:\/\/roveyayinevi.com.tr\/index.php\/wp-json\/wp\/v2\/product_brand?post=744464"},{"taxonomy":"product_cat","embeddable":true,"href":"https:\/\/roveyayinevi.com.tr\/index.php\/wp-json\/wp\/v2\/product_cat?post=744464"},{"taxonomy":"product_tag","embeddable":true,"href":"https:\/\/roveyayinevi.com.tr\/index.php\/wp-json\/wp\/v2\/product_tag?post=744464"}],"curies":[{"name":"wp","href":"https:\/\/api.w.org\/{rel}","templated":true}]}}