{"id":744463,"date":"2025-08-28T01:57:32","date_gmt":"2025-08-27T22:57:32","guid":{"rendered":"https:\/\/roveyayinevi.com.tr\/index.php\/urun\/dunya-okulunda-ruhun-devrimi\/"},"modified":"2026-04-03T03:00:04","modified_gmt":"2026-04-03T00:00:04","slug":"dunya-okulunda-ruhun-devrimi","status":"publish","type":"product","link":"https:\/\/roveyayinevi.com.tr\/index.php\/urun\/dunya-okulunda-ruhun-devrimi\/","title":{"rendered":"D\u00fcnya Okulunda Ruhun Devrimi"},"content":{"rendered":"<p>\u201cD\u00dcNYAYA H\u00c2L\u00c2 KIZGINSAN, KEND\u0130NLE KAVGAN HEN\u00dcZ B\u0130TMEM\u0130\u015e DEMEKT\u0130R.\u201d \u2013 \u015eEMS-\u0130 TEBR\u0130Z\u0130   Bug\u00fcne kadar kar\u015f\u0131la\u015ft\u0131\u011f\u0131n zorluklar, ya\u015fad\u0131\u011f\u0131n ac\u0131lar ve i\u00e7ine do\u011fdu\u011fun s\u0131n\u0131rl\u0131 ko\u015fullar ya seni \u00e7ok daha geli\u015fmi\u015f bir bilin\u00e7 boyutuna \u00e7\u0131karmak i\u00e7inse? Dibe vurdu\u011funu d\u00fc\u015f\u00fcnd\u00fc\u011f\u00fcn an, seni \u00e7ok daha yukar\u0131 s\u0131\u00e7ratmak i\u00e7in b\u00fcy\u00fck bir plan\u0131 varsa hayat\u0131n? Kendi hik\u00e2yenin ba\u015frol\u00fcndeki insanlar ya seni sana uyand\u0131rmak i\u00e7in, sana i\u00e7indeki mucizeyi g\u00f6stermek i\u00e7in se\u00e7ti\u011fin yol arkada\u015flar\u0131n, aynalar\u0131nsa? Ya ya\u015fanm\u0131\u015fl\u0131klar sadece bir tesad\u00fcf de\u011filse, ya t\u00fcm kar\u015f\u0131la\u015fmalar bir tevafuk ise? Sen d\u00fcnyaya kendini fethetmeye, ke\u015ffetmeye, ruhundaki ilahi g\u00fcc\u00fc deneyimlemeye geldin. Ne oldu\u011funu, kim oldu\u011funu, neye d\u00f6n\u00fc\u015fmek \u00fczere var oldu\u011funu \u00f6\u011frenmek isteyenlerden biri oldu\u011fun i\u00e7in bu kitapla bulu\u015fuyorsun. O halde \u015fimdi i\u00e7indeki ger\u00e7ek g\u00fcce uyan\u0131p ruhunun devrimini ba\u015flatma vakti. <\/p>\n","protected":false},"excerpt":{"rendered":"<p>\u201cD\u00dcNYAYA H\u00c2L\u00c2 KIZGINSAN, KEND\u0130NLE KAVGAN HEN\u00dcZ B\u0130TMEM\u0130\u015e DEMEKT\u0130R.\u201d \u2013 \u015eEMS-\u0130 TEBR\u0130Z\u0130 Bug\u00fcne kadar kar\u015f\u0131la\u015ft\u0131\u011f\u0131n zorluklar, ya\u015fad\u0131\u011f\u0131n ac\u0131lar ve i\u00e7ine do\u011fdu\u011fun s\u0131n\u0131rl\u0131 ko\u015fullar ya seni \u00e7ok daha<span class=\"excerpt-hellip\"> [\u2026]<\/span><\/p>\n","protected":false},"featured_media":0,"template":"","meta":{"_monsterinsights_skip_tracking":false,"_monsterinsights_sitenote_active":false,"_monsterinsights_sitenote_note":"","_monsterinsights_sitenote_category":0},"product_brand":[],"product_cat":[12364,12376],"product_tag":[],"class_list":{"0":"post-744463","1":"product","2":"type-product","3":"status-publish","5":"product_cat-genel-konular","6":"product_cat-kisisel-gelisim","7":"pa_cilt-ciltsiz","8":"pa_tur-kitap","9":"pa_yayinevi-destek-yayinlari","10":"pa_yazar-anil-sehirlioglu","12":"first","13":"instock","14":"sale","15":"shipping-taxable","16":"purchasable","17":"product-type-simple"},"_links":{"self":[{"href":"https:\/\/roveyayinevi.com.tr\/index.php\/wp-json\/wp\/v2\/product\/744463","targetHints":{"allow":["GET"]}}],"collection":[{"href":"https:\/\/roveyayinevi.com.tr\/index.php\/wp-json\/wp\/v2\/product"}],"about":[{"href":"https:\/\/roveyayinevi.com.tr\/index.php\/wp-json\/wp\/v2\/types\/product"}],"wp:attachment":[{"href":"https:\/\/roveyayinevi.com.tr\/index.php\/wp-json\/wp\/v2\/media?parent=744463"}],"wp:term":[{"taxonomy":"product_brand","embeddable":true,"href":"https:\/\/roveyayinevi.com.tr\/index.php\/wp-json\/wp\/v2\/product_brand?post=744463"},{"taxonomy":"product_cat","embeddable":true,"href":"https:\/\/roveyayinevi.com.tr\/index.php\/wp-json\/wp\/v2\/product_cat?post=744463"},{"taxonomy":"product_tag","embeddable":true,"href":"https:\/\/roveyayinevi.com.tr\/index.php\/wp-json\/wp\/v2\/product_tag?post=744463"}],"curies":[{"name":"wp","href":"https:\/\/api.w.org\/{rel}","templated":true}]}}