{"id":744462,"date":"2025-08-28T01:57:30","date_gmt":"2025-08-27T22:57:30","guid":{"rendered":"https:\/\/roveyayinevi.com.tr\/index.php\/urun\/inziva-2\/"},"modified":"2026-04-16T02:56:31","modified_gmt":"2026-04-15T23:56:31","slug":"inziva-2","status":"publish","type":"product","link":"https:\/\/roveyayinevi.com.tr\/index.php\/urun\/inziva-2\/","title":{"rendered":"\u0130nziva"},"content":{"rendered":"<p>Bu \u0131\u015f\u0131k da nereden geliyor b\u00f6yle? G\u00f6zlerim kama\u015f\u0131yor. Ba\u015f\u0131mdaki insanlar, u\u011fultular\u2026 Siz de kimsiniz? L\u00fctfen yaln\u0131z b\u0131rak\u0131n beni; uyumak s\u0131cak geliyor. Her yan\u0131m d\u00f6k\u00fcl\u00fcyor; ne de \u00e7ok yorulmu\u015fum? \u00c7ok mu oldu ben buraya geleli, neredeyim ki, siz de kimsiniz? Art\u0131k rahat b\u0131rak\u0131n beni! G\u00f6z\u00fcm\u00fc a\u00e7maya \u00e7al\u0131\u015f\u0131yorum, yine ba\u015faramad\u0131m. Hafif aralayabiliyorum, san\u0131r\u0131m kirpik diplerime kadar uyu\u015fukluk hissediyorum. Hey siz! H\u00e2l\u00e2 konu\u015fmaya devam m\u0131 ediyorsunuz? Sessiz olun dedim, uyuyorum! Her \u015feyin bir nedeni ve bir bedeli olmal\u0131 hayatta, derdim hep. Burada olmam\u0131n nedeni neydi ki? Kefaretim \u00f6denmedi mi? Art\u0131k bitmeli bu \u0131st\u0131rap. Yapraklar\u0131 s\u00fcr\u00fckleyen r\u00fczg\u00e2r nas\u0131l da esiyor, iliklerime kadar i\u015fliyor. Kula\u011f\u0131mda \u00e7\u0131rp\u0131nan kanatlar ku\u015f sesleri mi? Evet evet, onlar! Yine pencereme gelmi\u015fler. Beni mi ar\u0131yorsunuz? Hey!  Buraday\u0131m i\u015fte, yan\u0131ma do\u011fru gelin\u2026<\/p>\n","protected":false},"excerpt":{"rendered":"<p>Bu \u0131\u015f\u0131k da nereden geliyor b\u00f6yle? G\u00f6zlerim kama\u015f\u0131yor. Ba\u015f\u0131mdaki insanlar, u\u011fultular\u2026 Siz de kimsiniz? L\u00fctfen yaln\u0131z b\u0131rak\u0131n beni; uyumak s\u0131cak geliyor. Her yan\u0131m d\u00f6k\u00fcl\u00fcyor; ne de<span class=\"excerpt-hellip\"> [\u2026]<\/span><\/p>\n","protected":false},"featured_media":0,"template":"","meta":{"_monsterinsights_skip_tracking":false,"_monsterinsights_sitenote_active":false,"_monsterinsights_sitenote_note":"","_monsterinsights_sitenote_category":0},"product_brand":[],"product_cat":[12291,12711],"product_tag":[],"class_list":{"0":"post-744462","1":"product","2":"type-product","3":"status-publish","5":"product_cat-edebiyat","6":"product_cat-roman-oyku","7":"pa_cilt-ciltsiz","8":"pa_tur-kitap","9":"pa_yayinevi-kitap-muptelasi-yayinlari","10":"pa_yazar-dilek-olgun","12":"first","13":"instock","14":"sale","15":"shipping-taxable","16":"purchasable","17":"product-type-simple"},"_links":{"self":[{"href":"https:\/\/roveyayinevi.com.tr\/index.php\/wp-json\/wp\/v2\/product\/744462","targetHints":{"allow":["GET"]}}],"collection":[{"href":"https:\/\/roveyayinevi.com.tr\/index.php\/wp-json\/wp\/v2\/product"}],"about":[{"href":"https:\/\/roveyayinevi.com.tr\/index.php\/wp-json\/wp\/v2\/types\/product"}],"wp:attachment":[{"href":"https:\/\/roveyayinevi.com.tr\/index.php\/wp-json\/wp\/v2\/media?parent=744462"}],"wp:term":[{"taxonomy":"product_brand","embeddable":true,"href":"https:\/\/roveyayinevi.com.tr\/index.php\/wp-json\/wp\/v2\/product_brand?post=744462"},{"taxonomy":"product_cat","embeddable":true,"href":"https:\/\/roveyayinevi.com.tr\/index.php\/wp-json\/wp\/v2\/product_cat?post=744462"},{"taxonomy":"product_tag","embeddable":true,"href":"https:\/\/roveyayinevi.com.tr\/index.php\/wp-json\/wp\/v2\/product_tag?post=744462"}],"curies":[{"name":"wp","href":"https:\/\/api.w.org\/{rel}","templated":true}]}}