{"id":744460,"date":"2025-08-28T01:57:27","date_gmt":"2025-08-27T22:57:27","guid":{"rendered":"https:\/\/roveyayinevi.com.tr\/index.php\/urun\/dijital-cagda-anne-baba-olmak\/"},"modified":"2026-04-16T02:56:31","modified_gmt":"2026-04-15T23:56:31","slug":"dijital-cagda-anne-baba-olmak","status":"publish","type":"product","link":"https:\/\/roveyayinevi.com.tr\/index.php\/urun\/dijital-cagda-anne-baba-olmak\/","title":{"rendered":"Dijital \u00c7a\u011fda Anne Baba Olmak"},"content":{"rendered":"<p>Tabletle, telefonla b\u00fcy\u00fcyen bir nesli anlamak onlar\u0131n hasars\u0131z, \u00f6z g\u00fcvenli, sevgi dolu, \u015fiddetten ve korkulardan uzak yeti\u015fmesini sa\u011flamak i\u00e7in \u00f6nemli bir ba\u015flang\u0131\u00e7. Peki, \u00f6nce ebeveynlerin bu fark\u0131ndal\u0131\u011fa sahip olmas\u0131 gerekmez mi? Kontrols\u00fcz internet kullan\u0131m\u0131, oyun siteleri, zararl\u0131 gruplar, zararl\u0131 arkada\u015flar, siber zorbal\u0131k ve daha pek \u00e7o\u011fu \u00e7ocuklar\u0131n etraf\u0131n\u0131 \u00e7evreleyen ba\u015fka bir d\u00fcnyan\u0131n par\u00e7alar\u0131. \u00c7ocuk ve ebeveyn ili\u015fkisini koparmadan, \u00e7ocuklar\u0131m\u0131z \u00fczerinde bask\u0131 kurmadan, korkutmadan, b\u0131kt\u0131rmadan, \u00f6z g\u00fcvenlerini ellerinden almadan onlara g\u00fcvenli bir gelecek kurmak m\u00fcmk\u00fcn. Dijital \u00c7a\u011fda Anne Baba Olmak tavsiyeleri ve ele\u015ftirileri ile \u00e7ocuklar\u0131 anlamay\u0131 ve sorunlar\u0131na \u00e7\u00f6z\u00fcm bulmay\u0131 ama\u00e7layan bir \u00e7al\u0131\u015fma.  \u2018\u201cE\u011fitimde; \u00f6\u011frenmeye etki eden farkl\u0131 zek\u00e2 alanlar\u0131n\u0131 \u00f6\u011frencilerine fark ettirmek ve \u00f6\u011fretim s\u00fcrecinde aktif rol almalar\u0131n\u0131 sa\u011flayarak onlar\u0131 kazanmak ve gizli g\u00fc\u00e7lerini a\u00e7\u0131\u011fa \u00e7\u0131karmak temel esas alm\u0131\u015f, her konu ba\u015fl\u0131\u011f\u0131 \u015fefkatle yaz\u0131lm\u0131\u015f ebeveynlik yolunda ilham verici bir kitap.\u2019\u2019 Do\u00e7. Dr. Vicdan Nalbur Marmara \u00dcniversitesi  \u201cAile i\u00e7i e\u011fitime de\u011ferli \u00f6neriler ve a\u00e7\u0131klamalar kazand\u0131rm\u0131\u015f, aile i\u00e7i ileti\u015fimi sevgiyle harmanlay\u0131p, ebeveynlerin \u00e7ocuklara nas\u0131l sa\u011fduyu ile yakla\u015faca\u011f\u0131n\u0131 de\u011ferler e\u011fitimi ile anlat\u0131p, ak\u0131c\u0131 bir dille sorunlar\u0131n \u00e7\u00f6z\u00fcm\u00fcne destek olacak bir anne baba k\u0131lavuzu ortaya \u00e7\u0131km\u0131\u015f.\u2019\u2019 Ebru Albayrak Yarat\u0131c\u0131 Drama E\u011fitmeni, P4C E\u011fitim Uzman\u0131 <\/p>\n","protected":false},"excerpt":{"rendered":"<p>Tabletle, telefonla b\u00fcy\u00fcyen bir nesli anlamak onlar\u0131n hasars\u0131z, \u00f6z g\u00fcvenli, sevgi dolu, \u015fiddetten ve korkulardan uzak yeti\u015fmesini sa\u011flamak i\u00e7in \u00f6nemli bir ba\u015flang\u0131\u00e7. Peki, \u00f6nce ebeveynlerin bu<span class=\"excerpt-hellip\"> [\u2026]<\/span><\/p>\n","protected":false},"featured_media":0,"template":"","meta":{"_monsterinsights_skip_tracking":false,"_monsterinsights_sitenote_active":false,"_monsterinsights_sitenote_note":"","_monsterinsights_sitenote_category":0},"product_brand":[],"product_cat":[17996,12364],"product_tag":[],"class_list":{"0":"post-744460","1":"product","2":"type-product","3":"status-publish","5":"product_cat-ebeveyn-kitaplari","6":"product_cat-genel-konular","7":"pa_cilt-ciltsiz","8":"pa_tur-kitap","9":"pa_yayinevi-kitap-muptelasi-yayinlari","10":"pa_yazar-pinar-bilecen","12":"first","13":"instock","14":"sale","15":"shipping-taxable","16":"purchasable","17":"product-type-simple"},"_links":{"self":[{"href":"https:\/\/roveyayinevi.com.tr\/index.php\/wp-json\/wp\/v2\/product\/744460","targetHints":{"allow":["GET"]}}],"collection":[{"href":"https:\/\/roveyayinevi.com.tr\/index.php\/wp-json\/wp\/v2\/product"}],"about":[{"href":"https:\/\/roveyayinevi.com.tr\/index.php\/wp-json\/wp\/v2\/types\/product"}],"wp:attachment":[{"href":"https:\/\/roveyayinevi.com.tr\/index.php\/wp-json\/wp\/v2\/media?parent=744460"}],"wp:term":[{"taxonomy":"product_brand","embeddable":true,"href":"https:\/\/roveyayinevi.com.tr\/index.php\/wp-json\/wp\/v2\/product_brand?post=744460"},{"taxonomy":"product_cat","embeddable":true,"href":"https:\/\/roveyayinevi.com.tr\/index.php\/wp-json\/wp\/v2\/product_cat?post=744460"},{"taxonomy":"product_tag","embeddable":true,"href":"https:\/\/roveyayinevi.com.tr\/index.php\/wp-json\/wp\/v2\/product_tag?post=744460"}],"curies":[{"name":"wp","href":"https:\/\/api.w.org\/{rel}","templated":true}]}}