{"id":744454,"date":"2025-08-28T01:57:20","date_gmt":"2025-08-27T22:57:20","guid":{"rendered":"https:\/\/roveyayinevi.com.tr\/index.php\/urun\/muhasebe-meslegi-ve-yeni-teknolojiler\/"},"modified":"2026-04-16T02:56:31","modified_gmt":"2026-04-15T23:56:31","slug":"muhasebe-meslegi-ve-yeni-teknolojiler","status":"publish","type":"product","link":"https:\/\/roveyayinevi.com.tr\/index.php\/urun\/muhasebe-meslegi-ve-yeni-teknolojiler\/","title":{"rendered":"Muhasebe Mesle\u011fi ve Yeni Teknolojiler"},"content":{"rendered":"<p>1. MUHASEBE MESLE\u011e\u0130 VE YEN\u0130 TEKNOLOJ\u0130LER 1.1. 3D Bask\u0131 Teknolojisi 1.2. Bulut Sistemi (Teknolojisi) 1.3. Blockchain Teknolojisi 1.4. Siber G\u00fcvenlik 1.5. Big Data 1.6. Nesnelerin \u0130nterneti 1.7. Radyo Frekans\u0131 Tan\u0131mlama Teknolojisi 1.8. Art\u0131r\u0131lm\u0131\u015f Ger\u00e7eklik 1.9. Robot Teknolojisi 1.10. Muhasebede Yaz\u0131mlar 1.11. Sanayi 1.0 1.12. Sanayi 2.0 1.13. Sanayi 3.0 1.14. Sanayi 4.0 1.15. Toplum 5.0 <\/p>\n","protected":false},"excerpt":{"rendered":"<p>1. MUHASEBE MESLE\u011e\u0130 VE YEN\u0130 TEKNOLOJ\u0130LER 1.1. 3D Bask\u0131 Teknolojisi 1.2. Bulut Sistemi (Teknolojisi) 1.3. Blockchain Teknolojisi 1.4. Siber G\u00fcvenlik 1.5. Big Data 1.6. Nesnelerin \u0130nterneti<span class=\"excerpt-hellip\"> [\u2026]<\/span><\/p>\n","protected":false},"featured_media":0,"template":"","meta":{"_monsterinsights_skip_tracking":false,"_monsterinsights_sitenote_active":false,"_monsterinsights_sitenote_note":"","_monsterinsights_sitenote_category":0},"product_brand":[],"product_cat":[13043,14381],"product_tag":[],"class_list":{"0":"post-744454","1":"product","2":"type-product","3":"status-publish","5":"product_cat-ekonomi","6":"product_cat-isletme-muhasebe-maliye","7":"pa_cilt-ciltsiz","8":"pa_tur-kitap","9":"pa_yayinevi-gazi-kitabevi","10":"pa_yazar-mehmet-sirin-yakut","12":"first","13":"instock","14":"sale","15":"shipping-taxable","16":"purchasable","17":"product-type-simple"},"_links":{"self":[{"href":"https:\/\/roveyayinevi.com.tr\/index.php\/wp-json\/wp\/v2\/product\/744454","targetHints":{"allow":["GET"]}}],"collection":[{"href":"https:\/\/roveyayinevi.com.tr\/index.php\/wp-json\/wp\/v2\/product"}],"about":[{"href":"https:\/\/roveyayinevi.com.tr\/index.php\/wp-json\/wp\/v2\/types\/product"}],"wp:attachment":[{"href":"https:\/\/roveyayinevi.com.tr\/index.php\/wp-json\/wp\/v2\/media?parent=744454"}],"wp:term":[{"taxonomy":"product_brand","embeddable":true,"href":"https:\/\/roveyayinevi.com.tr\/index.php\/wp-json\/wp\/v2\/product_brand?post=744454"},{"taxonomy":"product_cat","embeddable":true,"href":"https:\/\/roveyayinevi.com.tr\/index.php\/wp-json\/wp\/v2\/product_cat?post=744454"},{"taxonomy":"product_tag","embeddable":true,"href":"https:\/\/roveyayinevi.com.tr\/index.php\/wp-json\/wp\/v2\/product_tag?post=744454"}],"curies":[{"name":"wp","href":"https:\/\/api.w.org\/{rel}","templated":true}]}}