{"id":744453,"date":"2025-08-28T01:57:19","date_gmt":"2025-08-27T22:57:19","guid":{"rendered":"https:\/\/roveyayinevi.com.tr\/index.php\/urun\/sporcularda-zihinsel-dayaniklilik-ve-oz-yeterlilik\/"},"modified":"2026-04-16T02:56:31","modified_gmt":"2026-04-15T23:56:31","slug":"sporcularda-zihinsel-dayaniklilik-ve-oz-yeterlilik","status":"publish","type":"product","link":"https:\/\/roveyayinevi.com.tr\/index.php\/urun\/sporcularda-zihinsel-dayaniklilik-ve-oz-yeterlilik\/","title":{"rendered":"Sporcularda Zihinsel Dayan\u0131kl\u0131l\u0131k ve \u00d6z Yeterlilik"},"content":{"rendered":"<p>1. G\u0130R\u0130\u015e 2. GENEL B\u0130LG\u0130LER 2.1. Spor ve Egzersiz Kavramlar\u0131 2.1.1. Spor Kavram\u0131 2.1.1.1. Sporun Psikolojik Faydalar\u0131 2.1.2. Egzersiz Kavram\u0131 2.1.2.1. Egzersizin Psikolojik Faydalar\u0131 2.2. Spor ve Egzersiz Psikolojisi 2.2.1. Psikoloji 2.2.2. Pozitif Psikoloji 2.2.3. Spor ve Egzersiz Psikolojisi 2.3. Zihinsel Dayan\u0131kl\u0131l\u0131k 2.3.1. Sporda Zihinsel Dayan\u0131kl\u0131l\u0131k 2.4. \u00d6z Yeterlik Kavram\u0131 2.4.1. Sosyal Bili\u015fsel Kuram 2.4.2. \u00d6z Yeterlik 2.4.3. Spor ve \u00d6z Yeterlik 2.4.4. \u00d6z Yeterlik ile \u0130lgili Kuramlar 2.4.4.1. Bandura\u2019n\u0131n \u00d6z Yeterlik Kuram\u0131 2.4.4.2. Harter\u2019\u0131n \u00d6z Yeterlik Kuram\u0131 3. MATERYAL VE Y\u00d6NTEM 3.1. Ara\u015ft\u0131rma Modeli 3.2. Ara\u015ft\u0131rma Grubu 3.3. Veri Toplama Ara\u00e7lar\u0131 3.4. Verileri Toplama Y\u00f6ntemi 3.5. Verilerin Analizi   4. BULGULAR 5. TARTI\u015eMA 6. SONU\u00c7 VE \u00d6NER\u0130LER 7. KAYNAKLAR <\/p>\n","protected":false},"excerpt":{"rendered":"<p>1. G\u0130R\u0130\u015e 2. GENEL B\u0130LG\u0130LER 2.1. Spor ve Egzersiz Kavramlar\u0131 2.1.1. Spor Kavram\u0131 2.1.1.1. Sporun Psikolojik Faydalar\u0131 2.1.2. Egzersiz Kavram\u0131 2.1.2.1. Egzersizin Psikolojik Faydalar\u0131 2.2. Spor<span class=\"excerpt-hellip\"> [\u2026]<\/span><\/p>\n","protected":false},"featured_media":0,"template":"","meta":{"_monsterinsights_skip_tracking":false,"_monsterinsights_sitenote_active":false,"_monsterinsights_sitenote_note":"","_monsterinsights_sitenote_category":0},"product_brand":[],"product_cat":[15563,15564],"product_tag":[],"class_list":{"0":"post-744453","1":"product","2":"type-product","3":"status-publish","5":"product_cat-hobi","6":"product_cat-spor","7":"pa_cilt-ciltsiz","8":"pa_tur-kitap","9":"pa_yayinevi-gazi-kitabevi","10":"pa_yazar-aydiner-birsin-yildiz","12":"first","13":"instock","14":"sale","15":"shipping-taxable","16":"purchasable","17":"product-type-simple"},"_links":{"self":[{"href":"https:\/\/roveyayinevi.com.tr\/index.php\/wp-json\/wp\/v2\/product\/744453","targetHints":{"allow":["GET"]}}],"collection":[{"href":"https:\/\/roveyayinevi.com.tr\/index.php\/wp-json\/wp\/v2\/product"}],"about":[{"href":"https:\/\/roveyayinevi.com.tr\/index.php\/wp-json\/wp\/v2\/types\/product"}],"wp:attachment":[{"href":"https:\/\/roveyayinevi.com.tr\/index.php\/wp-json\/wp\/v2\/media?parent=744453"}],"wp:term":[{"taxonomy":"product_brand","embeddable":true,"href":"https:\/\/roveyayinevi.com.tr\/index.php\/wp-json\/wp\/v2\/product_brand?post=744453"},{"taxonomy":"product_cat","embeddable":true,"href":"https:\/\/roveyayinevi.com.tr\/index.php\/wp-json\/wp\/v2\/product_cat?post=744453"},{"taxonomy":"product_tag","embeddable":true,"href":"https:\/\/roveyayinevi.com.tr\/index.php\/wp-json\/wp\/v2\/product_tag?post=744453"}],"curies":[{"name":"wp","href":"https:\/\/api.w.org\/{rel}","templated":true}]}}