{"id":744452,"date":"2025-08-28T01:57:19","date_gmt":"2025-08-27T22:57:19","guid":{"rendered":"https:\/\/roveyayinevi.com.tr\/index.php\/urun\/antrenorlerde-algilanan-stres-ozyeterlilik-ve-yasam-doyumu\/"},"modified":"2026-04-16T02:56:31","modified_gmt":"2026-04-15T23:56:31","slug":"antrenorlerde-algilanan-stres-ozyeterlilik-ve-yasam-doyumu","status":"publish","type":"product","link":"https:\/\/roveyayinevi.com.tr\/index.php\/urun\/antrenorlerde-algilanan-stres-ozyeterlilik-ve-yasam-doyumu\/","title":{"rendered":"Antren\u00f6rlerde Alg\u0131lanan Stres \u00d6zyeterlilik ve Ya\u015fam Doyumu"},"content":{"rendered":"<p>1. G\u0130R\u0130\u015e 1.1. Spor 1.1.1. Sporun Tarihsel Geli\u015fimi 1.1.2. Sporun Tan\u0131m\u0131 1.1.3. Sporun \u00d6nemi ve Amac\u0131 1.1.4. Bireysel Spor ve Tak\u0131m Sporu Kavramlar\u0131 1.1.4.1. Bireysel Sporlar 1.1.4.2. Tak\u0131m Sporlar\u0131 1.2. Antren\u00f6r 1.2.1. Antren\u00f6r Tan\u0131m\u0131 1.2.2. Antren\u00f6rlerin Sahip Olmas\u0131 Gereken \u00d6zellikleri 1.2.2.1. Antren\u00f6rlerin Entelekt\u00fcel \u00d6zellikleri 1.2.2.2. Antren\u00f6rlerin Sosyal \u00d6zellikleri 1.2.2.3. Antren\u00f6rlerin Psikolojik \u00d6zellikleri 1.2.2.4. Antren\u00f6rlerin Karakter \u00d6zellikleri 1.2.3. Antren\u00f6rlerin G\u00f6revleri 1.2.4. Antren\u00f6r Tipleri ve \u00d6zellikleri 1.2.4.1. A\u015f\u0131r\u0131 Disiplinli ve Otoriter Antren\u00f6rler 1.2.4.2. Uysal ve \u0130yi Huylu Antren\u00f6rler 1.2.4.3. Gergin ve Hareketli Antren\u00f6rler 1.2.4.4. Gev\u015fek Antren\u00f6rler 1.2.4.5. \u0130\u015f Yapar G\u00f6r\u00fcn\u00fc\u015fl\u00fc ve Gayretli Antren\u00f6rler 1.2.5. Antren\u00f6r Sporcu \u0130li\u015fkisi 1.3. Stres 1.3.1. Stres Kavram\u0131n\u0131n Geli\u015fimi ve Tan\u0131m\u0131 1.3.2. Stresin A\u015famalar\u0131 1.3.2.1. Alarm A\u015famas\u0131 1.3.2.2. Direnme A\u015famas\u0131 1.3.2.3. T\u00fckenme A\u015famas\u0131 1.3.3. Stresin Belirtileri 1.3.3.1. Fiziksel Belirtiler 1.3.3.2. Psikolojik Belirtiler 1.3.3.3. Davran\u0131\u015fsal Belirtiler 1.3.4. Stres Kaynaklar\u0131 1.3.4.1. Bireysel Stres Kaynaklar\u0131 1.3.4.2. \u00c7evresel Stres Kaynaklar\u0131 1.3.4.3. \u00d6rg\u00fctsel Stres Kaynaklar\u0131 1.3.5. Stres T\u00fcrleri 1.3.5.1. Olumlu (Yap\u0131c\u0131) ve Olumsuz (Y\u0131k\u0131c\u0131) Stres 1.3.5.2. K\u0131sa S\u00fcreli (Akut) ve Uzun S\u00fcreli (Kronik) Stres 1.3.6. Spor ve Stres \u0130li\u015fkisi 1.4. \u00d6z Yeterlilik 1.4.1. \u00d6z Yeterlili\u011fin Kaynaklar\u0131 1.4.1.1. Do\u011frudan Ya\u015fant\u0131lar 1.4.1.2. Dolayl\u0131 Ya\u015fant\u0131lar 1.4.1.3. S\u00f6zel \u0130kna 1.4.1.4. Fizyolojik ve Psikolojik Durumlar .4.2. \u00d6z Yeterlili\u011fin S\u00fcre\u00e7leri 1.4.2.1. Bili\u015fsel S\u00fcre\u00e7 1.4.2.2. Motivasyonel S\u00fcre\u00e7 1.4.2.3. Duyu\u015fsal S\u00fcre\u00e7 1.4.2.4. Se\u00e7imsel S\u00fcre\u00e7 1.4.3. \u00d6z Yeterlili\u011fi D\u00fc\u015f\u00fck Olan Bireylerin \u00d6zellikleri 1.4.4. \u00d6z Yeterlili\u011fi Y\u00fcksek Olan Bireylerin \u00d6zellikleri 1.4.5. Spor ve \u00d6z Yeterlilik 1.5. Ya\u015fam Doyumu 1.5.1. Ya\u015fam Doyumu Kavram\u0131 ve Tan\u0131m\u0131 1.5.2. Ya\u015fam Doyumunu Etkileyen Fakt\u00f6rler 1.5.3. Ya\u015fam Doyumu Kuramlar\u0131 1.5.3.1. Ereksel Kuram 1.5.3.2. Yarg\u0131 Kuram\u0131 1.5.3.3. Etkinlik Kuram\u0131 1.5.3.4. Tavandan Tabana ve Tabandan Tavana Kuram\u0131 1.5.3.5. Ba\u011f Kuram\u0131 1.5.4. Spor ve Ya\u015fam Doyumu 2. GERE\u00c7 VE Y\u00d6NTEM   2.1. Ara\u015ft\u0131rman\u0131n Y\u00f6ntemi 2.2. Evren ve \u00d6rneklem 2.3. Veri Toplama Ara\u00e7lar\u0131 2.3.1. Alg\u0131lanan Stres \u00d6l\u00e7e\u011fi (AS\u00d6)  2.3.2. Genel \u00d6z Yeterlilik \u00d6l\u00e7e\u011fi (G\u00d6\u00d6) 2.3.3. Ya\u015fam Doyumu \u00d6l\u00e7e\u011fi (YD\u00d6) 2.4. Verilerin Analizi   3. BULGULAR 4. TARTI\u015eMA VE SONU\u00c7 5. KAYNAKLAR 6. EKLER 7. \u00d6ZGE\u00c7M\u0130\u015e <\/p>\n","protected":false},"excerpt":{"rendered":"<p>1. G\u0130R\u0130\u015e 1.1. Spor 1.1.1. Sporun Tarihsel Geli\u015fimi 1.1.2. Sporun Tan\u0131m\u0131 1.1.3. Sporun \u00d6nemi ve Amac\u0131 1.1.4. Bireysel Spor ve Tak\u0131m Sporu Kavramlar\u0131 1.1.4.1. Bireysel Sporlar<span class=\"excerpt-hellip\"> [\u2026]<\/span><\/p>\n","protected":false},"featured_media":0,"template":"","meta":{"_monsterinsights_skip_tracking":false,"_monsterinsights_sitenote_active":false,"_monsterinsights_sitenote_note":"","_monsterinsights_sitenote_category":0},"product_brand":[],"product_cat":[15563,15564],"product_tag":[],"class_list":{"0":"post-744452","1":"product","2":"type-product","3":"status-publish","5":"product_cat-hobi","6":"product_cat-spor","7":"pa_cilt-ciltsiz","8":"pa_tur-kitap","9":"pa_yayinevi-gazi-kitabevi","10":"pa_yazar-enes-pamukcu","12":"first","13":"instock","14":"sale","15":"shipping-taxable","16":"purchasable","17":"product-type-simple"},"_links":{"self":[{"href":"https:\/\/roveyayinevi.com.tr\/index.php\/wp-json\/wp\/v2\/product\/744452","targetHints":{"allow":["GET"]}}],"collection":[{"href":"https:\/\/roveyayinevi.com.tr\/index.php\/wp-json\/wp\/v2\/product"}],"about":[{"href":"https:\/\/roveyayinevi.com.tr\/index.php\/wp-json\/wp\/v2\/types\/product"}],"wp:attachment":[{"href":"https:\/\/roveyayinevi.com.tr\/index.php\/wp-json\/wp\/v2\/media?parent=744452"}],"wp:term":[{"taxonomy":"product_brand","embeddable":true,"href":"https:\/\/roveyayinevi.com.tr\/index.php\/wp-json\/wp\/v2\/product_brand?post=744452"},{"taxonomy":"product_cat","embeddable":true,"href":"https:\/\/roveyayinevi.com.tr\/index.php\/wp-json\/wp\/v2\/product_cat?post=744452"},{"taxonomy":"product_tag","embeddable":true,"href":"https:\/\/roveyayinevi.com.tr\/index.php\/wp-json\/wp\/v2\/product_tag?post=744452"}],"curies":[{"name":"wp","href":"https:\/\/api.w.org\/{rel}","templated":true}]}}