{"id":744451,"date":"2025-08-28T01:57:18","date_gmt":"2025-08-27T22:57:18","guid":{"rendered":"https:\/\/roveyayinevi.com.tr\/index.php\/urun\/bireysel-ve-takim-sporcularinda-tepkisellik-ve-sportmenlik-davranislari\/"},"modified":"2026-04-16T02:56:31","modified_gmt":"2026-04-15T23:56:31","slug":"bireysel-ve-takim-sporcularinda-tepkisellik-ve-sportmenlik-davranislari","status":"publish","type":"product","link":"https:\/\/roveyayinevi.com.tr\/index.php\/urun\/bireysel-ve-takim-sporcularinda-tepkisellik-ve-sportmenlik-davranislari\/","title":{"rendered":"Bireysel ve Tak\u0131m Sporcular\u0131nda Tepkisellik ve Sportmenlik Davran\u0131\u015flar\u0131"},"content":{"rendered":"<p>1. G\u0130R\u0130\u015e 1.1. Spor 1.2. Empati 1.3. Tepkisellik Kavram\u0131 1.4. Sportmenlik Kavram\u0131   2. GERE\u00c7 VE Y\u00d6NTEM 2.1. Ara\u015ft\u0131rman\u0131n Y\u00f6ntemi 2.2. Evren ve \u00d6rneklem 2.2.1. Evren 2.2.2. \u00d6rneklem 2.3. Veri Toplama Ara\u00e7lar\u0131 2.3.1. Ki\u015fileraras\u0131 Tepkisellik \u0130ndeksi (IRI) 2.3.2. \u00c7ok Boyutlu Sportmenlik Y\u00f6nelimi \u00d6l\u00e7e\u011fi (MSOS) 2.4. Verilerin Analizi   3. BULGULAR 4. TARTI\u015eMA VE SONU\u00c7 5. KAYNAKLAR 6. EKLER 7. \u00d6ZGE\u00c7M\u0130\u015e<\/p>\n","protected":false},"excerpt":{"rendered":"<p>1. G\u0130R\u0130\u015e 1.1. Spor 1.2. Empati 1.3. Tepkisellik Kavram\u0131 1.4. Sportmenlik Kavram\u0131 2. GERE\u00c7 VE Y\u00d6NTEM 2.1. Ara\u015ft\u0131rman\u0131n Y\u00f6ntemi 2.2. Evren ve \u00d6rneklem 2.2.1. Evren 2.2.2.<span class=\"excerpt-hellip\"> [\u2026]<\/span><\/p>\n","protected":false},"featured_media":0,"template":"","meta":{"_monsterinsights_skip_tracking":false,"_monsterinsights_sitenote_active":false,"_monsterinsights_sitenote_note":"","_monsterinsights_sitenote_category":0},"product_brand":[],"product_cat":[15563,15564],"product_tag":[],"class_list":{"0":"post-744451","1":"product","2":"type-product","3":"status-publish","5":"product_cat-hobi","6":"product_cat-spor","7":"pa_cilt-ciltsiz","8":"pa_tur-kitap","9":"pa_yayinevi-gazi-kitabevi","10":"pa_yazar-fehime-konur","12":"first","13":"instock","14":"sale","15":"shipping-taxable","16":"purchasable","17":"product-type-simple"},"_links":{"self":[{"href":"https:\/\/roveyayinevi.com.tr\/index.php\/wp-json\/wp\/v2\/product\/744451","targetHints":{"allow":["GET"]}}],"collection":[{"href":"https:\/\/roveyayinevi.com.tr\/index.php\/wp-json\/wp\/v2\/product"}],"about":[{"href":"https:\/\/roveyayinevi.com.tr\/index.php\/wp-json\/wp\/v2\/types\/product"}],"wp:attachment":[{"href":"https:\/\/roveyayinevi.com.tr\/index.php\/wp-json\/wp\/v2\/media?parent=744451"}],"wp:term":[{"taxonomy":"product_brand","embeddable":true,"href":"https:\/\/roveyayinevi.com.tr\/index.php\/wp-json\/wp\/v2\/product_brand?post=744451"},{"taxonomy":"product_cat","embeddable":true,"href":"https:\/\/roveyayinevi.com.tr\/index.php\/wp-json\/wp\/v2\/product_cat?post=744451"},{"taxonomy":"product_tag","embeddable":true,"href":"https:\/\/roveyayinevi.com.tr\/index.php\/wp-json\/wp\/v2\/product_tag?post=744451"}],"curies":[{"name":"wp","href":"https:\/\/api.w.org\/{rel}","templated":true}]}}