{"id":744450,"date":"2025-08-28T01:57:16","date_gmt":"2025-08-27T22:57:16","guid":{"rendered":"https:\/\/roveyayinevi.com.tr\/index.php\/urun\/hestir-mezal-nedane\/"},"modified":"2026-04-16T02:56:31","modified_gmt":"2026-04-15T23:56:31","slug":"hestir-mezal-nedane","status":"publish","type":"product","link":"https:\/\/roveyayinevi.com.tr\/index.php\/urun\/hestir-mezal-nedane\/","title":{"rendered":"Hest\u0131r Mezal Nedane"},"content":{"rendered":"<p>Sene oxto daye, r\u0131c\u0131yo ro asmen, koyi biye v\u0131rqo\u015fi, na sene dinawa? Sere hardide we\u015fiya can-u royi, biya hesa verg-u heso. Dereyi derxoney biye rae ola\u011fe d\u0131zdo, cendege cenco biye werde l\u00fcyo khuzo.Daye sere dinade di chekuye hewl ne mande ke tore vaci. M\u0131 zerre xo kerd v\u0131la, hewne xo kerd letey, porre m\u0131 bi sh\u0131pe, kameci hetra \u015feker domani berbene.Ni d\u0131re qeseyi m\u0131 roye xora qerefit, zerre xora ruchk\u0131t, b\u0131ne zone xode dard we. Qem\u0131se c\u0131 nebiyo caede roni.Daye!T\u0131 delaliya,T\u0131 zelaliyaT\u0131 cane OliyaEz qurban,Dina m\u0131 t\u0131ya.<\/p>\n","protected":false},"excerpt":{"rendered":"<p>Sene oxto daye, r\u0131c\u0131yo ro asmen, koyi biye v\u0131rqo\u015fi, na sene dinawa? Sere hardide we\u015fiya can-u royi, biya hesa verg-u heso. Dereyi derxoney biye rae ola\u011fe<span class=\"excerpt-hellip\"> [\u2026]<\/span><\/p>\n","protected":false},"featured_media":0,"template":"","meta":{"_monsterinsights_skip_tracking":false,"_monsterinsights_sitenote_active":false,"_monsterinsights_sitenote_note":"","_monsterinsights_sitenote_category":0},"product_brand":[],"product_cat":[12291,18576],"product_tag":[],"class_list":{"0":"post-744450","1":"product","2":"type-product","3":"status-publish","5":"product_cat-edebiyat","6":"product_cat-kurt-edebiyati","7":"pa_cilt-ciltsiz","8":"pa_tur-kitap","9":"pa_yayinevi-totem-yayinlari","10":"pa_yazar-mahir-cicek","12":"first","13":"instock","14":"sale","15":"shipping-taxable","16":"purchasable","17":"product-type-simple"},"_links":{"self":[{"href":"https:\/\/roveyayinevi.com.tr\/index.php\/wp-json\/wp\/v2\/product\/744450","targetHints":{"allow":["GET"]}}],"collection":[{"href":"https:\/\/roveyayinevi.com.tr\/index.php\/wp-json\/wp\/v2\/product"}],"about":[{"href":"https:\/\/roveyayinevi.com.tr\/index.php\/wp-json\/wp\/v2\/types\/product"}],"wp:attachment":[{"href":"https:\/\/roveyayinevi.com.tr\/index.php\/wp-json\/wp\/v2\/media?parent=744450"}],"wp:term":[{"taxonomy":"product_brand","embeddable":true,"href":"https:\/\/roveyayinevi.com.tr\/index.php\/wp-json\/wp\/v2\/product_brand?post=744450"},{"taxonomy":"product_cat","embeddable":true,"href":"https:\/\/roveyayinevi.com.tr\/index.php\/wp-json\/wp\/v2\/product_cat?post=744450"},{"taxonomy":"product_tag","embeddable":true,"href":"https:\/\/roveyayinevi.com.tr\/index.php\/wp-json\/wp\/v2\/product_tag?post=744450"}],"curies":[{"name":"wp","href":"https:\/\/api.w.org\/{rel}","templated":true}]}}