{"id":744449,"date":"2025-08-28T01:57:16","date_gmt":"2025-08-27T22:57:16","guid":{"rendered":"https:\/\/roveyayinevi.com.tr\/index.php\/urun\/hayattan-yabancilasmis\/"},"modified":"2026-04-16T02:56:31","modified_gmt":"2026-04-15T23:56:31","slug":"hayattan-yabancilasmis","status":"publish","type":"product","link":"https:\/\/roveyayinevi.com.tr\/index.php\/urun\/hayattan-yabancilasmis\/","title":{"rendered":"Hayattan Yabanc\u0131la\u015fm\u0131\u015f"},"content":{"rendered":"<p>Bilincimiz ve Ger\u00e7ekli\u011fimiz krizler, nefret, a\u015f\u0131r\u0131l\u0131klar ve \u015fiddet taraf\u0131ndan y\u00f6netilir, hatta insan\u0131 hor g\u00f6r\u00fcr. Bilimsel bulgular, teknoloji ve bilgisayar teknolojisi bilimi bizi etkiler, kontrol eder ve \u00e2deta emreder. Soyut bilin\u00e7 bizi durdurulamaz bir \u015fekilde hayattan uzakla\u015ft\u0131r\u0131r. Ger\u00e7eklik duygusu ve di\u011fer insanlar i\u00e7in merhamet, do\u011fal olmayan ve art\u0131k insan olmayan bir bilin\u00e7 taraf\u0131ndan daha fazla de\u011fersizle\u015ftirilir ve bast\u0131r\u0131l\u0131r. Bu y\u00fczden art\u0131k kendi kendini yok eden Eylemlerimizin k\u00f6kenini fark edemiyoruz.Ama yine de Empatik bilin\u00e7 ya\u015fam yolunu yeniden ke\u015ffetmemize izin verecektir.\u201cHayattan Yabanc\u0131la\u015fm\u0131\u015f\u201d psikolojik uzmanl\u0131k, felsefi ve tarihsel arka plan, politik konular, bilimsel \u00e7al\u0131\u015fmalar ve de e\u011fitim -pratik a\u00e7\u0131klamalarla i\u00e7 i\u00e7e ge\u00e7mi\u015f g\u00fcncel fenomenlerin ba\u015far\u0131l\u0131 bir kompozisyonudur. Kitap okuru etkileyici ve d\u00fc\u015f\u00fcnceli bir \u015fekilde geride b\u0131rakan bir roman gibi pe\u015fi s\u0131ra s\u00fcr\u00fckl\u00fcyor. Arno Gruen\u2019in ta\u015f\u0131d\u0131\u011f\u0131 \u00f6z\u00fcne kar\u015f\u0131 d\u00fc\u015f\u00fcnceli tutumundan, yazarken olu\u015fturdu\u011fu arka plan bilgisinden ve kombinasyon yetene\u011finden \u00e7ok etkilendim.Psikolog Dr Kirsten Oleimeulen- Akredite sa\u011fl\u0131k psikolojisi ve \u00d6nleme psikolo\u011fu (BDP)<\/p>\n","protected":false},"excerpt":{"rendered":"<p>Bilincimiz ve Ger\u00e7ekli\u011fimiz krizler, nefret, a\u015f\u0131r\u0131l\u0131klar ve \u015fiddet taraf\u0131ndan y\u00f6netilir, hatta insan\u0131 hor g\u00f6r\u00fcr. Bilimsel bulgular, teknoloji ve bilgisayar teknolojisi bilimi bizi etkiler, kontrol eder ve<span class=\"excerpt-hellip\"> [\u2026]<\/span><\/p>\n","protected":false},"featured_media":0,"template":"","meta":{"_monsterinsights_skip_tracking":false,"_monsterinsights_sitenote_active":false,"_monsterinsights_sitenote_note":"","_monsterinsights_sitenote_category":0},"product_brand":[],"product_cat":[12358,12357],"product_tag":[],"class_list":{"0":"post-744449","1":"product","2":"type-product","3":"status-publish","5":"product_cat-genel-psikoloji","6":"product_cat-psikoloji","7":"pa_cilt-ciltsiz","8":"pa_tur-kitap","9":"pa_yayinevi-totem-yayinlari","10":"pa_yazar-arno-gruen","12":"first","13":"instock","14":"sale","15":"shipping-taxable","16":"purchasable","17":"product-type-simple"},"_links":{"self":[{"href":"https:\/\/roveyayinevi.com.tr\/index.php\/wp-json\/wp\/v2\/product\/744449","targetHints":{"allow":["GET"]}}],"collection":[{"href":"https:\/\/roveyayinevi.com.tr\/index.php\/wp-json\/wp\/v2\/product"}],"about":[{"href":"https:\/\/roveyayinevi.com.tr\/index.php\/wp-json\/wp\/v2\/types\/product"}],"wp:attachment":[{"href":"https:\/\/roveyayinevi.com.tr\/index.php\/wp-json\/wp\/v2\/media?parent=744449"}],"wp:term":[{"taxonomy":"product_brand","embeddable":true,"href":"https:\/\/roveyayinevi.com.tr\/index.php\/wp-json\/wp\/v2\/product_brand?post=744449"},{"taxonomy":"product_cat","embeddable":true,"href":"https:\/\/roveyayinevi.com.tr\/index.php\/wp-json\/wp\/v2\/product_cat?post=744449"},{"taxonomy":"product_tag","embeddable":true,"href":"https:\/\/roveyayinevi.com.tr\/index.php\/wp-json\/wp\/v2\/product_tag?post=744449"}],"curies":[{"name":"wp","href":"https:\/\/api.w.org\/{rel}","templated":true}]}}