{"id":744448,"date":"2025-08-28T01:57:14","date_gmt":"2025-08-27T22:57:14","guid":{"rendered":"https:\/\/roveyayinevi.com.tr\/index.php\/urun\/hayat-sen-hic-olmayacak-bir-seydin\/"},"modified":"2026-04-16T02:56:31","modified_gmt":"2026-04-15T23:56:31","slug":"hayat-sen-hic-olmayacak-bir-seydin","status":"publish","type":"product","link":"https:\/\/roveyayinevi.com.tr\/index.php\/urun\/hayat-sen-hic-olmayacak-bir-seydin\/","title":{"rendered":"Hayat Sen Hi\u00e7 Olmayacak Bir \u015eeydin"},"content":{"rendered":"<p>Be DoktorKurt ku\u015f masallar\u0131 bu be doktorAy \u0131\u015f\u0131\u011f\u0131 ak\u0131yor kurnadan ben \u015fimdi uyuyamamAyakkab\u0131mda k\u00fc\u00e7\u00fck bir kedi uyuyor evime gidememYollar\u0131 kaybettim evim hangi y\u0131ld\u0131zda bulamamBulsam da ta\u015fa \u00e7alm\u0131\u015f\u0131m anahtar\u0131 eve girememNeyi fark ettim be doktor sen bilirsinYery\u00fcz\u00fcnde bir yara gibi duruyor bu insanlarAc\u0131 sular ge\u00e7iyor evlerinin alt\u0131ndan\u00dcstlerinden muhte\u015fem y\u0131ld\u0131zlarKurt ku\u015f masallar\u0131n\u0131 yatak yorgan yapm\u0131\u015flarBir d\u00fcnyal\u0131k yol gidiyorlarNereye gider bu insanlar doktor nereye gitmeli<\/p>\n","protected":false},"excerpt":{"rendered":"<p>Be DoktorKurt ku\u015f masallar\u0131 bu be doktorAy \u0131\u015f\u0131\u011f\u0131 ak\u0131yor kurnadan ben \u015fimdi uyuyamamAyakkab\u0131mda k\u00fc\u00e7\u00fck bir kedi uyuyor evime gidememYollar\u0131 kaybettim evim hangi y\u0131ld\u0131zda bulamamBulsam da ta\u015fa<span class=\"excerpt-hellip\"> [\u2026]<\/span><\/p>\n","protected":false},"featured_media":0,"template":"","meta":{"_monsterinsights_skip_tracking":false,"_monsterinsights_sitenote_active":false,"_monsterinsights_sitenote_note":"","_monsterinsights_sitenote_category":0},"product_brand":[],"product_cat":[12291,12509],"product_tag":[],"class_list":{"0":"post-744448","1":"product","2":"type-product","3":"status-publish","5":"product_cat-edebiyat","6":"product_cat-siir","7":"pa_cilt-ciltsiz","8":"pa_tur-kitap","9":"pa_yayinevi-totem-yayinlari","10":"pa_yazar-atnan-baskesen","12":"first","13":"instock","14":"sale","15":"shipping-taxable","16":"purchasable","17":"product-type-simple"},"_links":{"self":[{"href":"https:\/\/roveyayinevi.com.tr\/index.php\/wp-json\/wp\/v2\/product\/744448","targetHints":{"allow":["GET"]}}],"collection":[{"href":"https:\/\/roveyayinevi.com.tr\/index.php\/wp-json\/wp\/v2\/product"}],"about":[{"href":"https:\/\/roveyayinevi.com.tr\/index.php\/wp-json\/wp\/v2\/types\/product"}],"wp:attachment":[{"href":"https:\/\/roveyayinevi.com.tr\/index.php\/wp-json\/wp\/v2\/media?parent=744448"}],"wp:term":[{"taxonomy":"product_brand","embeddable":true,"href":"https:\/\/roveyayinevi.com.tr\/index.php\/wp-json\/wp\/v2\/product_brand?post=744448"},{"taxonomy":"product_cat","embeddable":true,"href":"https:\/\/roveyayinevi.com.tr\/index.php\/wp-json\/wp\/v2\/product_cat?post=744448"},{"taxonomy":"product_tag","embeddable":true,"href":"https:\/\/roveyayinevi.com.tr\/index.php\/wp-json\/wp\/v2\/product_tag?post=744448"}],"curies":[{"name":"wp","href":"https:\/\/api.w.org\/{rel}","templated":true}]}}