{"id":744447,"date":"2025-08-28T01:57:13","date_gmt":"2025-08-27T22:57:13","guid":{"rendered":"https:\/\/roveyayinevi.com.tr\/index.php\/urun\/gumruk-skandallari\/"},"modified":"2026-04-16T02:56:30","modified_gmt":"2026-04-15T23:56:30","slug":"gumruk-skandallari","status":"publish","type":"product","link":"https:\/\/roveyayinevi.com.tr\/index.php\/urun\/gumruk-skandallari\/","title":{"rendered":"G\u00fcmr\u00fck Skandallar\u0131"},"content":{"rendered":"<p>Bu kitapta yaz\u0131lanlar, bir hik\u00e2ye, roman ya da masalde\u011fildir!Bu kitap; Bilgi Teknolojileri ve \u0130leti\u015fim Kurumu\u2019nda,\u0130stanbul G\u00fcmr\u00fckleri ile G\u00fcmr\u00fck Muhafaza Ka\u00e7ak\u00e7\u0131l\u0131kve \u0130stihbarat Te\u015fkilat\u0131\u2019nda, G\u00fcmr\u00fck ve Ticaret Bakanl\u0131\u011f\u0131 Rehberlik ve Tefti\u015f Ba\u015fkanl\u0131\u011f\u0131 ile Merkez Disiplin Kurulu Ba\u015fkanl\u0131\u011f\u0131 ve Hukuk M\u00fc\u015favirli\u011fi\u2019nde ve de Bak\u0131rk\u00f6y Cumhuriyet Ba\u015fsavc\u0131l\u0131\u011f\u0131\u2019nda yap\u0131lan yanl\u0131\u015fl\u0131klar\u0131 ve yanl\u0131\u015f yapanlar\u0131 tespit eden ve ortaya koyan de\u011ferli bir \u00e7al\u0131\u015fman\u0131n \u00fcr\u00fcn\u00fcd\u00fcr.Bu kitap, bir nevi iddianamedir; bir su\u00e7 \u00f6rg\u00fct\u00fcn\u00fcdo\u011frudan ortaya \u00e7\u0131kartan ve FET\u00d6 Ter\u00f6r \u00d6rg\u00fct\u00fc ileba\u011flant\u0131l\u0131 G\u00fcmr\u00fck kadrolar\u0131n\u0131 da i\u00e7eren bir belgeseldir.Bu kitap, G\u00fcmr\u00fck tarihine d\u00fc\u015f\u00fclm\u00fc\u015f \u00f6nemli bir nottur!&#8230;<\/p>\n","protected":false},"excerpt":{"rendered":"<p>Bu kitapta yaz\u0131lanlar, bir hik\u00e2ye, roman ya da masalde\u011fildir!Bu kitap; Bilgi Teknolojileri ve \u0130leti\u015fim Kurumu\u2019nda,\u0130stanbul G\u00fcmr\u00fckleri ile G\u00fcmr\u00fck Muhafaza Ka\u00e7ak\u00e7\u0131l\u0131kve \u0130stihbarat Te\u015fkilat\u0131\u2019nda, G\u00fcmr\u00fck ve Ticaret Bakanl\u0131\u011f\u0131<span class=\"excerpt-hellip\"> [\u2026]<\/span><\/p>\n","protected":false},"featured_media":0,"template":"","meta":{"_monsterinsights_skip_tracking":false,"_monsterinsights_sitenote_active":false,"_monsterinsights_sitenote_note":"","_monsterinsights_sitenote_category":0},"product_brand":[],"product_cat":[31194,12337],"product_tag":[],"class_list":{"0":"post-744447","1":"product","2":"type-product","3":"status-publish","5":"product_cat-guncel-siyaset","6":"product_cat-politika-siyaset","7":"pa_cilt-ciltsiz","8":"pa_tur-kitap","9":"pa_yayinevi-totem-yayinlari","10":"pa_yazar-mehmet-cardak","12":"first","13":"instock","14":"sale","15":"shipping-taxable","16":"purchasable","17":"product-type-simple"},"_links":{"self":[{"href":"https:\/\/roveyayinevi.com.tr\/index.php\/wp-json\/wp\/v2\/product\/744447","targetHints":{"allow":["GET"]}}],"collection":[{"href":"https:\/\/roveyayinevi.com.tr\/index.php\/wp-json\/wp\/v2\/product"}],"about":[{"href":"https:\/\/roveyayinevi.com.tr\/index.php\/wp-json\/wp\/v2\/types\/product"}],"wp:attachment":[{"href":"https:\/\/roveyayinevi.com.tr\/index.php\/wp-json\/wp\/v2\/media?parent=744447"}],"wp:term":[{"taxonomy":"product_brand","embeddable":true,"href":"https:\/\/roveyayinevi.com.tr\/index.php\/wp-json\/wp\/v2\/product_brand?post=744447"},{"taxonomy":"product_cat","embeddable":true,"href":"https:\/\/roveyayinevi.com.tr\/index.php\/wp-json\/wp\/v2\/product_cat?post=744447"},{"taxonomy":"product_tag","embeddable":true,"href":"https:\/\/roveyayinevi.com.tr\/index.php\/wp-json\/wp\/v2\/product_tag?post=744447"}],"curies":[{"name":"wp","href":"https:\/\/api.w.org\/{rel}","templated":true}]}}