{"id":744446,"date":"2025-08-28T01:57:12","date_gmt":"2025-08-27T22:57:12","guid":{"rendered":"https:\/\/roveyayinevi.com.tr\/index.php\/urun\/ermeni-av-hikayeleri\/"},"modified":"2026-04-16T02:56:30","modified_gmt":"2026-04-15T23:56:30","slug":"ermeni-av-hikayeleri","status":"publish","type":"product","link":"https:\/\/roveyayinevi.com.tr\/index.php\/urun\/ermeni-av-hikayeleri\/","title":{"rendered":"Ermeni Av Hikayeleri"},"content":{"rendered":"<p>Etraf\u0131m\u0131zda kat kat karla kaplanm\u0131\u015ft\u0131. Kar y\u00fcz\u00fcnden, a\u015fa\u011f\u0131daki u\u00e7urumun dibini bile g\u00f6remiyorduk. T\u00fcfeklerimizin dip\u00e7i\u011fiyle kar\u0131 yararak, y\u00fckseklere do\u011fru t\u0131rman\u0131yorduk. bu y\u00fcr\u00fcy\u00fc\u015f olduk\u00e7a eziyetliydi ve bir arada y\u00fcr\u00fcmek \u00e7ok zor oluyordu; bu y\u00fczden yola ayr\u0131 ayr\u0131 devam etmeye karar verdik. Da\u011f\u0131n zirvesine \u00e7\u0131kt\u0131\u011f\u0131mda g\u00f6rd\u00fc\u011f\u00fcm manzara kar\u015f\u0131s\u0131nda meredeyse akl\u0131m\u0131 oynatacakt\u0131m. Parlak ve g\u00fcne\u015fli bir g\u00fcnd\u00fc. G\u00fcne\u015f alt\u0131ndaki kar\u0131n \u0131\u015f\u0131lt\u0131l\u0131 yans\u0131malar\u0131, da\u011flara sanki p\u0131rlantayla kapl\u0131ym\u0131\u015f havas\u0131 veriyordu. Ayaklar\u0131m\u0131n alt\u0131nda Lori Vadisi uzan\u0131yor, kar\u015f\u0131mda ise B\u00fcy\u00fck Kafkaslar\u0131n en y\u00fcksek doruklar\u0131ndan biri yokseliyordu. Vanu amca, bu da\u011f\u0131n Kazbek Da\u011f\u0131 oldu\u011funu s\u00f6ylemi\u015fti. Arkama do\u011fru bakt\u0131\u011f\u0131mda; ge\u00e7ti\u011fimiz ormanlar\u0131, u\u00e7urumlar\u0131, hatta Kura Irma\u011f\u0131&#8217;n\u0131 bile g\u00f6rebiliyordum. G\u00fcneyde Ararat Da\u011f\u0131&#8217;n\u0131n karl\u0131 tepeleri, hemen yan\u0131nda ise sanki g\u00f6kten yere inmi\u015f bir par\u00e7a gibi, Sevan G\u00f6l\u00fc vard\u0131. Zirveden Kafkasya&#8217;n\u0131n tamam\u0131n\u0131 seyrederken, d\u00fcnyada b\u00f6ylesine muhte\u015fem bir ba\u015fka manzara olmad\u0131\u011f\u0131na kesinlikle emindim.<\/p>\n","protected":false},"excerpt":{"rendered":"<p>Etraf\u0131m\u0131zda kat kat karla kaplanm\u0131\u015ft\u0131. Kar y\u00fcz\u00fcnden, a\u015fa\u011f\u0131daki u\u00e7urumun dibini bile g\u00f6remiyorduk. T\u00fcfeklerimizin dip\u00e7i\u011fiyle kar\u0131 yararak, y\u00fckseklere do\u011fru t\u0131rman\u0131yorduk. bu y\u00fcr\u00fcy\u00fc\u015f olduk\u00e7a eziyetliydi ve bir arada<span class=\"excerpt-hellip\"> [\u2026]<\/span><\/p>\n","protected":false},"featured_media":0,"template":"","meta":{"_monsterinsights_skip_tracking":false,"_monsterinsights_sitenote_active":false,"_monsterinsights_sitenote_note":"","_monsterinsights_sitenote_category":0},"product_brand":[],"product_cat":[20234,12291],"product_tag":[],"class_list":{"0":"post-744446","1":"product","2":"type-product","3":"status-publish","5":"product_cat-divan-edebiyati-halk-edebiyati","6":"product_cat-edebiyat","7":"pa_cilt-ciltsiz","8":"pa_tur-kitap","9":"pa_yayinevi-totem-yayinlari","10":"pa_yazar-vahtang-ananyan","12":"first","13":"instock","14":"sale","15":"shipping-taxable","16":"purchasable","17":"product-type-simple"},"_links":{"self":[{"href":"https:\/\/roveyayinevi.com.tr\/index.php\/wp-json\/wp\/v2\/product\/744446","targetHints":{"allow":["GET"]}}],"collection":[{"href":"https:\/\/roveyayinevi.com.tr\/index.php\/wp-json\/wp\/v2\/product"}],"about":[{"href":"https:\/\/roveyayinevi.com.tr\/index.php\/wp-json\/wp\/v2\/types\/product"}],"wp:attachment":[{"href":"https:\/\/roveyayinevi.com.tr\/index.php\/wp-json\/wp\/v2\/media?parent=744446"}],"wp:term":[{"taxonomy":"product_brand","embeddable":true,"href":"https:\/\/roveyayinevi.com.tr\/index.php\/wp-json\/wp\/v2\/product_brand?post=744446"},{"taxonomy":"product_cat","embeddable":true,"href":"https:\/\/roveyayinevi.com.tr\/index.php\/wp-json\/wp\/v2\/product_cat?post=744446"},{"taxonomy":"product_tag","embeddable":true,"href":"https:\/\/roveyayinevi.com.tr\/index.php\/wp-json\/wp\/v2\/product_tag?post=744446"}],"curies":[{"name":"wp","href":"https:\/\/api.w.org\/{rel}","templated":true}]}}