{"id":744445,"date":"2025-08-28T01:57:11","date_gmt":"2025-08-27T22:57:11","guid":{"rendered":"https:\/\/roveyayinevi.com.tr\/index.php\/urun\/erkekler-gercekten-ne-ister\/"},"modified":"2026-04-16T02:56:30","modified_gmt":"2026-04-15T23:56:30","slug":"erkekler-gercekten-ne-ister","status":"publish","type":"product","link":"https:\/\/roveyayinevi.com.tr\/index.php\/urun\/erkekler-gercekten-ne-ister\/","title":{"rendered":"Erkekler Ger\u00e7ekten Ne \u0130ster"},"content":{"rendered":"<p>Dr. Herb GoldbergS\u00fcrekli dile getirilen bir soruyu soruyor:Erkekler sevebilir mi?\u201cBir kad\u0131n ne kadar \u00e7ok ya da az seviyorsa, erkek de kendince o kadar sever. Geleneksel ili\u015fki de\u011ferlendirmesi standartlar\u0131n\u0131n, kad\u0131n\u0131n seven taraf oldu\u011funu d\u00fc\u015f\u00fcnd\u00fcrmesine ra\u011fmen, bu b\u00f6yledir. Kad\u0131n erke\u011fi sevmek istiyorsa, ilk \u00f6nce erke\u011fin ger\u00e7ekli\u011fini ve kad\u0131n\u0131n bu ger\u00e7eklik \u00fczerindeki etkisini bilmesi gerekir.Bu kitap, kad\u0131nlar\u0131 kendi a\u00e7\u0131klamalar\u0131n\u0131n ve erkeklere y\u00f6nelik tepkilerinin \u00f6tesine ge\u00e7erek, erke\u011fe erke\u011fin g\u00f6z\u00fcyle ve i\u00e7 ger\u00e7ekli\u011fiyle bakmaya davet ediyor.Erke\u011fin en iyi a\u015fk potansiyeli, hen\u00fcz a\u00e7\u0131\u011fa \u00e7\u0131kar\u0131labilmi\u015f de\u011fildir.\u201dYazar, erkekle kad\u0131n\u0131n birbirini onca yanl\u0131\u015f anlama ve i\u00e7erlemeden uzak, birbirlerini ger\u00e7ekten nas\u0131l anlayabilece\u011fini, beraber olmaktan nas\u0131l zevk alabileceklerini ortaya koyuyor.Erkekler ger\u00e7ekten ne ister?Hayat\u0131nda bir erke\u011fi seven her kad\u0131n\u2026 Ve bir kad\u0131nla daha yak\u0131n ve daha \u00f6zel bir ili\u015fki isteyen her erke\u011fin okumas\u0131 gereken bir kitap\u2026Psikolog Herb Goldberg, Amerika\u2019n\u0131n en \u00e7ok okunan yazarlar\u0131ndan biridir. Eserleri uzun s\u00fcre liste ba\u015f\u0131 olmu\u015ftur.<\/p>\n","protected":false},"excerpt":{"rendered":"<p>Dr. Herb GoldbergS\u00fcrekli dile getirilen bir soruyu soruyor:Erkekler sevebilir mi?\u201cBir kad\u0131n ne kadar \u00e7ok ya da az seviyorsa, erkek de kendince o kadar sever. Geleneksel ili\u015fki<span class=\"excerpt-hellip\"> [\u2026]<\/span><\/p>\n","protected":false},"featured_media":0,"template":"","meta":{"_monsterinsights_skip_tracking":false,"_monsterinsights_sitenote_active":false,"_monsterinsights_sitenote_note":"","_monsterinsights_sitenote_category":0},"product_brand":[],"product_cat":[26396,13488],"product_tag":[],"class_list":{"0":"post-744445","1":"product","2":"type-product","3":"status-publish","5":"product_cat-kadin-erkek-iliskileri","6":"product_cat-toplum-ve-insan","7":"pa_cilt-ciltsiz","8":"pa_tur-kitap","9":"pa_yayinevi-totem-yayinlari","10":"pa_yazar-herb-goldberg","12":"first","13":"instock","14":"sale","15":"shipping-taxable","16":"purchasable","17":"product-type-simple"},"_links":{"self":[{"href":"https:\/\/roveyayinevi.com.tr\/index.php\/wp-json\/wp\/v2\/product\/744445","targetHints":{"allow":["GET"]}}],"collection":[{"href":"https:\/\/roveyayinevi.com.tr\/index.php\/wp-json\/wp\/v2\/product"}],"about":[{"href":"https:\/\/roveyayinevi.com.tr\/index.php\/wp-json\/wp\/v2\/types\/product"}],"wp:attachment":[{"href":"https:\/\/roveyayinevi.com.tr\/index.php\/wp-json\/wp\/v2\/media?parent=744445"}],"wp:term":[{"taxonomy":"product_brand","embeddable":true,"href":"https:\/\/roveyayinevi.com.tr\/index.php\/wp-json\/wp\/v2\/product_brand?post=744445"},{"taxonomy":"product_cat","embeddable":true,"href":"https:\/\/roveyayinevi.com.tr\/index.php\/wp-json\/wp\/v2\/product_cat?post=744445"},{"taxonomy":"product_tag","embeddable":true,"href":"https:\/\/roveyayinevi.com.tr\/index.php\/wp-json\/wp\/v2\/product_tag?post=744445"}],"curies":[{"name":"wp","href":"https:\/\/api.w.org\/{rel}","templated":true}]}}