{"id":744444,"date":"2025-08-28T01:57:10","date_gmt":"2025-08-27T22:57:10","guid":{"rendered":"https:\/\/roveyayinevi.com.tr\/index.php\/urun\/erkek-olmanin-tehlikeleri\/"},"modified":"2026-04-16T02:56:30","modified_gmt":"2026-04-15T23:56:30","slug":"erkek-olmanin-tehlikeleri","status":"publish","type":"product","link":"https:\/\/roveyayinevi.com.tr\/index.php\/urun\/erkek-olmanin-tehlikeleri\/","title":{"rendered":"Erkek Olman\u0131n Tehlikeleri"},"content":{"rendered":"<p>Bug\u00fcn erkekle kad\u0131n aras\u0131ndaki b\u00fcy\u00fck bir fark, kad\u0131nlar\u0131n en az\u0131ndanbask\u0131 alt\u0131nda olduklar\u0131n\u0131 biliyor olmalar\u0131d\u0131r.Erkeklere k\u00fc\u00e7\u00fck ya\u015ftan itibaren, d\u00fcnyan\u0131n \u201cerkeklerin d\u00fcnyas\u0131\u201d oldu\u011fu,ayr\u0131cal\u0131kl\u0131 cins olduklar\u0131 s\u00f6ylenip durur.Sahip olduklar\u0131 \u201cayr\u0131cal\u0131klar\u201d aras\u0131nda s\u00fcrekli derinle\u015fen hayalk\u0131r\u0131kl\u0131klar\u0131yla, t\u00fckenmi\u015flikle ve yaln\u0131zl\u0131kla dolu bir hayat\u0131 ya\u015fama vekad\u0131n muhataplar\u0131ndan \u00e7ok \u00f6nce g\u00f6\u00e7\u00fcp gitme ayr\u0131cal\u0131\u011f\u0131n\u0131n dabulundu\u011funu ke\u015ffettiklerinde, \u00e7o\u011fu kez \u00e7ok ge\u00e7 kalm\u0131\u015f oluyorlar.Erkekleri ebeveynleri yeti\u015ftiriyor, toplum \u015fartland\u0131r\u0131yor, annesi (birkad\u0131n), bir a\u015f\u0131k, koca, baba, evin ekme\u011fini kazanan g\u00fc\u00e7l\u00fc ve sessiz adamolmaya \u00f6zendiriyor. T\u00fcm bu kat\u0131 rollerin yerine getirilmesi imkans\u0131zbeklentileri ise, erke\u011fi duygusal a\u00e7\u0131dan k\u00f6t\u00fcr\u00fcm ediyor ve sonundaerken ya\u015fta \u00f6l\u00fcp gitmesine neden oluyor.Erkekseniz, bu kitab\u0131 okudu\u011funuzda, kendinizi, i\u00e7inde bulundu\u011funuz tehlikeleri, erkek\u201d olmak i\u00e7in \u00f6dedi\u011finiz bedeli kavrayacaks\u0131n\u0131z.Hayat\u0131nda bir erke\u011fi seven bir kad\u0131nsan\u0131z, kitab\u0131 okuyacak ve onun daokumas\u0131n\u0131 isteyeceksiniz.Erkek Olman\u0131n Tehlikeleri\u201cKad\u0131n hareketine kar\u015f\u0131l\u0131k olarak erkekteki yeni bir olgunluk d\u00fczeyiniyans\u0131tmakta&#8230; Erke\u011fin kendi bedeniyle ve kendi duygular\u0131yla tekrarba\u011f kurmas\u0131n\u0131 sa\u011flamakta ve kendi E\u011filimlerine g\u00fcvenini tekrarkazand\u0131rmaktad\u0131r.\u201dLibrary Journal<\/p>\n","protected":false},"excerpt":{"rendered":"<p>Bug\u00fcn erkekle kad\u0131n aras\u0131ndaki b\u00fcy\u00fck bir fark, kad\u0131nlar\u0131n en az\u0131ndanbask\u0131 alt\u0131nda olduklar\u0131n\u0131 biliyor olmalar\u0131d\u0131r.Erkeklere k\u00fc\u00e7\u00fck ya\u015ftan itibaren, d\u00fcnyan\u0131n \u201cerkeklerin d\u00fcnyas\u0131\u201d oldu\u011fu,ayr\u0131cal\u0131kl\u0131 cins olduklar\u0131 s\u00f6ylenip durur.Sahip olduklar\u0131<span class=\"excerpt-hellip\"> [\u2026]<\/span><\/p>\n","protected":false},"featured_media":0,"template":"","meta":{"_monsterinsights_skip_tracking":false,"_monsterinsights_sitenote_active":false,"_monsterinsights_sitenote_note":"","_monsterinsights_sitenote_category":0},"product_brand":[],"product_cat":[26396,13488],"product_tag":[],"class_list":{"0":"post-744444","1":"product","2":"type-product","3":"status-publish","5":"product_cat-kadin-erkek-iliskileri","6":"product_cat-toplum-ve-insan","7":"pa_cilt-ciltsiz","8":"pa_tur-kitap","9":"pa_yayinevi-totem-yayinlari","10":"pa_yazar-herb-goldberg","12":"first","13":"instock","14":"sale","15":"shipping-taxable","16":"purchasable","17":"product-type-simple"},"_links":{"self":[{"href":"https:\/\/roveyayinevi.com.tr\/index.php\/wp-json\/wp\/v2\/product\/744444","targetHints":{"allow":["GET"]}}],"collection":[{"href":"https:\/\/roveyayinevi.com.tr\/index.php\/wp-json\/wp\/v2\/product"}],"about":[{"href":"https:\/\/roveyayinevi.com.tr\/index.php\/wp-json\/wp\/v2\/types\/product"}],"wp:attachment":[{"href":"https:\/\/roveyayinevi.com.tr\/index.php\/wp-json\/wp\/v2\/media?parent=744444"}],"wp:term":[{"taxonomy":"product_brand","embeddable":true,"href":"https:\/\/roveyayinevi.com.tr\/index.php\/wp-json\/wp\/v2\/product_brand?post=744444"},{"taxonomy":"product_cat","embeddable":true,"href":"https:\/\/roveyayinevi.com.tr\/index.php\/wp-json\/wp\/v2\/product_cat?post=744444"},{"taxonomy":"product_tag","embeddable":true,"href":"https:\/\/roveyayinevi.com.tr\/index.php\/wp-json\/wp\/v2\/product_tag?post=744444"}],"curies":[{"name":"wp","href":"https:\/\/api.w.org\/{rel}","templated":true}]}}