{"id":744443,"date":"2025-08-28T01:57:09","date_gmt":"2025-08-27T22:57:09","guid":{"rendered":"https:\/\/roveyayinevi.com.tr\/index.php\/urun\/dunyayi-sekillendiren-felsefe\/"},"modified":"2026-04-16T02:56:30","modified_gmt":"2026-04-15T23:56:30","slug":"dunyayi-sekillendiren-felsefe","status":"publish","type":"product","link":"https:\/\/roveyayinevi.com.tr\/index.php\/urun\/dunyayi-sekillendiren-felsefe\/","title":{"rendered":"D\u00fcnyay\u0131 \u015eekillendiren Felsefe"},"content":{"rendered":"<p>Felsefi sorgulama t\u00fcm insan bilgisinin k\u00f6k\u00fcd\u00fcr. Felsefe, yeni kavramlar geli\u015ftirerek, eski hakikatleri yeniden yorumlayarak ve temel sorular\u0131 yeniden kavramsalla\u015ft\u0131rarak, iki bin y\u0131ldan daha uzun bir s\u00fcredir ilerlemi\u015f ve insan geli\u015fiminde itici g\u00fc\u00e7 olmu\u015ftur. K\u0131sacas\u0131, biz felsefenin \u015fekillendirdi\u011fi bir d\u00fcnya \u00fczerinde ya\u015far\u0131z. Scott Soames, felsefenin d\u00fcnyay\u0131 \u015fekillendiren etkilerini anlatt\u0131\u011f\u0131 bu \u00f6zl\u00fc tarihte felsefe alan\u0131ndaki ilerlemeler olmaks\u0131z\u0131n \u00e7a\u011fda\u015f d\u00fcnyan\u0131n olanakl\u0131 olmayaca\u011f\u0131n\u0131 basit\u00e7e ortaya koymu\u015ftur.Soames felsefenin fildi\u015fi kule d\u00fc\u015f\u00fcncesi olarak yanl\u0131\u015f bir \u015fekilde kavramsalla\u015ft\u0131r\u0131lmas\u0131n\u0131 \u00e7\u00fcr\u00fcterek, onun hukuk, mant\u0131k, psikoloji, ekonomi, g\u00f6relilik ve mant\u0131kl\u0131 karar verme teorisi gibi \u00e7e\u015fitli alanlarda yapt\u0131\u011f\u0131 \u00f6nemli katk\u0131lar\u0131n izini s\u00fcrm\u00fc\u015ft\u00fcr. Kitap antik Yunan felsefesinin devlerinden ba\u015flayarak orta\u00e7a\u011f ve erken \u00e7a\u011fda\u015f d\u00f6nemden g\u00fcn\u00fcm\u00fcze kadar b\u00fcy\u00fck d\u00fc\u015f\u00fcn\u00fcrlerin tarihini aktar\u0131r. Kitapta felsefenin kendimizi anlamam\u0131z\u0131n yan\u0131 s\u0131ra dilimizi, bilimi, matemati\u011fi, dini, k\u00fclt\u00fcr\u00fc, ahlak\u0131, e\u011fitimi ve politikay\u0131 nas\u0131l \u015fekillendirdi\u011fi anlat\u0131lmaktad\u0131r.\u201cHer ne kadar, her zaman fark\u0131nda olmasak ve bizi nas\u0131l etkiledi\u011fini bilmesek bile, felsefe her yerdedir. Scott Soames felsefenin yaln\u0131zca fildi\u015fi kule i\u00e7in uygun olan soyutlamalar i\u00e7ermedi\u011fini, bunun yerine entelekt\u00fcel ilgi alanlar\u0131m\u0131z ve g\u00fcndelik ya\u015fant\u0131m\u0131z i\u00e7inde canl\u0131 bir \u015fekilde etkile\u015fimde bulunmay\u0131 s\u00fcrd\u00fcrd\u00fc\u011f\u00fcn\u00fc ifade eder. Bu, felsefenin anlat\u0131lmas\u0131 gereken bir \u00f6yk\u00fcs\u00fcd\u00fcr.\u201d\u2014Sean Carroll, B\u00fcy\u00fck Resim: Hayat\u0131n K\u00f6kenleri, Anlam ve Evrenin Kendisi \u00dczerine kitab\u0131n\u0131n yazar\u0131<\/p>\n","protected":false},"excerpt":{"rendered":"<p>Felsefi sorgulama t\u00fcm insan bilgisinin k\u00f6k\u00fcd\u00fcr. Felsefe, yeni kavramlar geli\u015ftirerek, eski hakikatleri yeniden yorumlayarak ve temel sorular\u0131 yeniden kavramsalla\u015ft\u0131rarak, iki bin y\u0131ldan daha uzun bir s\u00fcredir<span class=\"excerpt-hellip\"> [\u2026]<\/span><\/p>\n","protected":false},"featured_media":0,"template":"","meta":{"_monsterinsights_skip_tracking":false,"_monsterinsights_sitenote_active":false,"_monsterinsights_sitenote_note":"","_monsterinsights_sitenote_category":0},"product_brand":[],"product_cat":[12388,13555],"product_tag":[],"class_list":{"0":"post-744443","1":"product","2":"type-product","3":"status-publish","5":"product_cat-felsefe","6":"product_cat-genel-felsefe","7":"pa_cilt-ciltsiz","8":"pa_tur-kitap","9":"pa_yayinevi-totem-yayinlari","10":"pa_yazar-scott-soames","12":"first","13":"instock","14":"sale","15":"shipping-taxable","16":"purchasable","17":"product-type-simple"},"_links":{"self":[{"href":"https:\/\/roveyayinevi.com.tr\/index.php\/wp-json\/wp\/v2\/product\/744443","targetHints":{"allow":["GET"]}}],"collection":[{"href":"https:\/\/roveyayinevi.com.tr\/index.php\/wp-json\/wp\/v2\/product"}],"about":[{"href":"https:\/\/roveyayinevi.com.tr\/index.php\/wp-json\/wp\/v2\/types\/product"}],"wp:attachment":[{"href":"https:\/\/roveyayinevi.com.tr\/index.php\/wp-json\/wp\/v2\/media?parent=744443"}],"wp:term":[{"taxonomy":"product_brand","embeddable":true,"href":"https:\/\/roveyayinevi.com.tr\/index.php\/wp-json\/wp\/v2\/product_brand?post=744443"},{"taxonomy":"product_cat","embeddable":true,"href":"https:\/\/roveyayinevi.com.tr\/index.php\/wp-json\/wp\/v2\/product_cat?post=744443"},{"taxonomy":"product_tag","embeddable":true,"href":"https:\/\/roveyayinevi.com.tr\/index.php\/wp-json\/wp\/v2\/product_tag?post=744443"}],"curies":[{"name":"wp","href":"https:\/\/api.w.org\/{rel}","templated":true}]}}