{"id":744442,"date":"2025-08-28T01:57:08","date_gmt":"2025-08-27T22:57:08","guid":{"rendered":"https:\/\/roveyayinevi.com.tr\/index.php\/urun\/dolunayda-kizil-tef-calan-kadinlar\/"},"modified":"2026-04-16T02:56:30","modified_gmt":"2026-04-15T23:56:30","slug":"dolunayda-kizil-tef-calan-kadinlar","status":"publish","type":"product","link":"https:\/\/roveyayinevi.com.tr\/index.php\/urun\/dolunayda-kizil-tef-calan-kadinlar\/","title":{"rendered":"Dolunayda K\u0131z\u0131l Tef \u00c7alan Kad\u0131nlar"},"content":{"rendered":"<p>\u201cTef \u00e7alarak \u00e7a\u011f\u0131r\u0131r, tef \u00e7alarak g\u00f6ndeririz. O tef kad\u0131nlar\u0131n ellerindedir \u015fimdi! Kad\u0131nlar toplumun karanl\u0131klar\u0131n\u0131 ayd\u0131nlatan dolunaylar olarak, ellerinde tuttuklar\u0131 kanl\u0131 dolunay tefini \u00e7alarak uyand\u0131r\u0131yor hepimizi. Kad\u0131n parmaklar\u0131n\u0131n her darbesi y\u00fcre\u011finin vuru\u015flar\u0131n\u0131 serpiyor gerilen dolunay tefine! Bu kanl\u0131 tef hepimizindir. Bu kanl\u0131 tef hepimizin g\u00f6ky\u00fcz\u00fcnden akar. Bu k\u0131z\u0131l tef hepimizin ya\u015fam\u0131ndad\u0131r. Ve ya\u015fam \u015fimdilerde kan seli gibi ak\u0131p gidiyor, senin d\u0131\u015f\u0131nda ve benim d\u0131\u015f\u0131mda ve biz onun i\u00e7indeyken.\u201dBu se\u00e7kinin bir araya getirili\u015finin gayesi \u015fiiri yazan \u0130ran kad\u0131n\u0131n dizelerinden \u00f6rneklemedir. Ayn\u0131 zamanda kad\u0131nlar\u0131n duru\u015funun bir ifadesidir. Di\u015fil sesin yarat\u0131c\u0131 \u00e7\u0131\u011fl\u0131\u011f\u0131d\u0131r. Bu \u015fiirlerin \u201cdili\u201d farkl\u0131 da olsa \u0130ran kad\u0131n\u0131n\u0131n sesi olmas\u0131 dolay\u0131s\u0131yla \u00f6nemlidir. Ancak bu se\u00e7ki sadece \u0130ranl\u0131 kad\u0131n \u015fairlerin sesi olarak okunmamal\u0131d\u0131r. Yery\u00fcz\u00fcnde her cephede en \u00f6n safta yer alan kad\u0131nlar\u0131n direni\u015fi ve onuru olarak okunmal\u0131d\u0131r.<\/p>\n","protected":false},"excerpt":{"rendered":"<p>\u201cTef \u00e7alarak \u00e7a\u011f\u0131r\u0131r, tef \u00e7alarak g\u00f6ndeririz. O tef kad\u0131nlar\u0131n ellerindedir \u015fimdi! Kad\u0131nlar toplumun karanl\u0131klar\u0131n\u0131 ayd\u0131nlatan dolunaylar olarak, ellerinde tuttuklar\u0131 kanl\u0131 dolunay tefini \u00e7alarak uyand\u0131r\u0131yor hepimizi. Kad\u0131n<span class=\"excerpt-hellip\"> [\u2026]<\/span><\/p>\n","protected":false},"featured_media":0,"template":"","meta":{"_monsterinsights_skip_tracking":false,"_monsterinsights_sitenote_active":false,"_monsterinsights_sitenote_note":"","_monsterinsights_sitenote_category":0},"product_brand":[],"product_cat":[12291,12509],"product_tag":[],"class_list":{"0":"post-744442","1":"product","2":"type-product","3":"status-publish","5":"product_cat-edebiyat","6":"product_cat-siir","7":"pa_cilt-ciltsiz","8":"pa_tur-kitap","9":"pa_yayinevi-totem-yayinlari","10":"pa_yazar-hasim-husrevsahi","12":"first","13":"instock","14":"sale","15":"shipping-taxable","16":"purchasable","17":"product-type-simple"},"_links":{"self":[{"href":"https:\/\/roveyayinevi.com.tr\/index.php\/wp-json\/wp\/v2\/product\/744442","targetHints":{"allow":["GET"]}}],"collection":[{"href":"https:\/\/roveyayinevi.com.tr\/index.php\/wp-json\/wp\/v2\/product"}],"about":[{"href":"https:\/\/roveyayinevi.com.tr\/index.php\/wp-json\/wp\/v2\/types\/product"}],"wp:attachment":[{"href":"https:\/\/roveyayinevi.com.tr\/index.php\/wp-json\/wp\/v2\/media?parent=744442"}],"wp:term":[{"taxonomy":"product_brand","embeddable":true,"href":"https:\/\/roveyayinevi.com.tr\/index.php\/wp-json\/wp\/v2\/product_brand?post=744442"},{"taxonomy":"product_cat","embeddable":true,"href":"https:\/\/roveyayinevi.com.tr\/index.php\/wp-json\/wp\/v2\/product_cat?post=744442"},{"taxonomy":"product_tag","embeddable":true,"href":"https:\/\/roveyayinevi.com.tr\/index.php\/wp-json\/wp\/v2\/product_tag?post=744442"}],"curies":[{"name":"wp","href":"https:\/\/api.w.org\/{rel}","templated":true}]}}