{"id":744441,"date":"2025-08-28T01:57:06","date_gmt":"2025-08-27T22:57:06","guid":{"rendered":"https:\/\/roveyayinevi.com.tr\/index.php\/urun\/dikte-ve-kose\/"},"modified":"2026-04-08T03:04:28","modified_gmt":"2026-04-08T00:04:28","slug":"dikte-ve-kose","status":"publish","type":"product","link":"https:\/\/roveyayinevi.com.tr\/index.php\/urun\/dikte-ve-kose\/","title":{"rendered":"Dikte ve K\u00f6\u015fe"},"content":{"rendered":"<p>Gulam H\u00fcseyin Saedi (1935-1985) \u0130ran\u2019\u0131n modern dramatik edebiyat\u0131n\u0131n temelini atan yazarlardan birisidir. Bug\u00fcne kadar birka\u00e7 roman\u0131yla toplu \u00f6yk\u00fcleri T\u00fcrkiye\u2019de yay\u0131nlanm\u0131\u015f olsa da, tiyatro eserleri tan\u0131nmam\u0131\u015ft\u0131r. S\u00e2edi\u2019nin \u201cBeyel\u2019in Yas Tutanlar\u0131\u201d adl\u0131 eseri yay\u0131nevimiz taraf\u0131ndan yay\u0131nlanm\u0131\u015ft\u0131r.Elinizdeki kitapta, Gulam H\u00fcseyin Saedi\u2019nin k\u0131sa fakat siyasi oyunlar\u0131ndan ikisini T\u00fcrkiye tiyatrosuna sunmaktay\u0131z. Bu evrensel yazar\u0131n di\u011fer oyunlar\u0131n\u0131n da T\u00fcrk\u00e7e\u2019ye \u00e7evrilip sahnelenmesini diliyoruz.Ha\u015fim H\u00fcsrev\u015fahi<\/p>\n","protected":false},"excerpt":{"rendered":"<p>Gulam H\u00fcseyin Saedi (1935-1985) \u0130ran\u2019\u0131n modern dramatik edebiyat\u0131n\u0131n temelini atan yazarlardan birisidir. Bug\u00fcne kadar birka\u00e7 roman\u0131yla toplu \u00f6yk\u00fcleri T\u00fcrkiye\u2019de yay\u0131nlanm\u0131\u015f olsa da, tiyatro eserleri tan\u0131nmam\u0131\u015ft\u0131r. S\u00e2edi\u2019nin<span class=\"excerpt-hellip\"> [\u2026]<\/span><\/p>\n","protected":false},"featured_media":0,"template":"","meta":{"_monsterinsights_skip_tracking":false,"_monsterinsights_sitenote_active":false,"_monsterinsights_sitenote_note":"","_monsterinsights_sitenote_category":0},"product_brand":[],"product_cat":[12291,12711],"product_tag":[],"class_list":{"0":"post-744441","1":"product","2":"type-product","3":"status-publish","5":"product_cat-edebiyat","6":"product_cat-roman-oyku","7":"pa_cilt-ciltsiz","8":"pa_tur-kitap","9":"pa_yayinevi-totem-yayinlari","10":"pa_yazar-gulam-huseyin-saedi","12":"first","13":"instock","14":"sale","15":"shipping-taxable","16":"purchasable","17":"product-type-simple"},"_links":{"self":[{"href":"https:\/\/roveyayinevi.com.tr\/index.php\/wp-json\/wp\/v2\/product\/744441","targetHints":{"allow":["GET"]}}],"collection":[{"href":"https:\/\/roveyayinevi.com.tr\/index.php\/wp-json\/wp\/v2\/product"}],"about":[{"href":"https:\/\/roveyayinevi.com.tr\/index.php\/wp-json\/wp\/v2\/types\/product"}],"wp:attachment":[{"href":"https:\/\/roveyayinevi.com.tr\/index.php\/wp-json\/wp\/v2\/media?parent=744441"}],"wp:term":[{"taxonomy":"product_brand","embeddable":true,"href":"https:\/\/roveyayinevi.com.tr\/index.php\/wp-json\/wp\/v2\/product_brand?post=744441"},{"taxonomy":"product_cat","embeddable":true,"href":"https:\/\/roveyayinevi.com.tr\/index.php\/wp-json\/wp\/v2\/product_cat?post=744441"},{"taxonomy":"product_tag","embeddable":true,"href":"https:\/\/roveyayinevi.com.tr\/index.php\/wp-json\/wp\/v2\/product_tag?post=744441"}],"curies":[{"name":"wp","href":"https:\/\/api.w.org\/{rel}","templated":true}]}}