{"id":744440,"date":"2025-08-28T01:57:04","date_gmt":"2025-08-27T22:57:04","guid":{"rendered":"https:\/\/roveyayinevi.com.tr\/index.php\/urun\/dersim-kultur-sanat-icinde\/"},"modified":"2026-04-16T02:56:30","modified_gmt":"2026-04-15T23:56:30","slug":"dersim-kultur-sanat-icinde","status":"publish","type":"product","link":"https:\/\/roveyayinevi.com.tr\/index.php\/urun\/dersim-kultur-sanat-icinde\/","title":{"rendered":"Dersim K\u00fclt\u00fcr Sanat \u0130\u00e7inde"},"content":{"rendered":"<p>Dersim, tarihin ve zaman\u0131n sa\u011faltamad\u0131\u011f\u0131 bir yarad\u0131r. Ku\u015fkusuz bu yaran\u0131n en \u00e7ok kanad\u0131\u011f\u0131 d\u00f6nem 1938&#8217;dir. Otuz Sekiz, insanl\u0131\u011f\u0131n vah\u015fet tarihinde yer alan b\u00fcy\u00fck bir k\u0131r\u0131lma olarak okunmal\u0131d\u0131r. Yazar bu \u00e7al\u0131\u015fmas\u0131nda, da\u011f\u0131n r\u00fczgarla olan muhalefetiyle; suyun toprakla birle\u015fen bereketini, ontolojik d\u00fczlemde bulu\u015fturan Dersim&#8217;in k\u00fclt\u00fcrel kodlar\u0131n\u0131 irdelemi\u015ftir. Ayr\u0131ca ideolojik, stat\u00fckocu bak\u0131\u015f a\u00e7\u0131s\u0131yla \u00fcretilenle, insani olan\u0131n g\u00f6r\u00fcn\u00fcr k\u0131l\u0131nma \u00e7abas\u0131na \u0131\u015f\u0131k tutulup; Dersim&#8217;in \u015fiir, roman, \u00f6yk\u00fc, karikat\u00fcr ve sinemadaki yerinin ne oldu\u011fu anla\u015f\u0131l\u0131r k\u0131l\u0131nm\u0131\u015ft\u0131r. Dersim K\u00fclt\u00fcr Sanat \u0130\u00e7inde, oral\u0131 bir \u015fairin izlenimleri ve incelemelerini vicdani olanaklar \u00f6l\u00e7\u00fcs\u00fcnde okura g\u00f6sterme \u00e7abas\u0131ndad\u0131r.<\/p>\n","protected":false},"excerpt":{"rendered":"<p>Dersim, tarihin ve zaman\u0131n sa\u011faltamad\u0131\u011f\u0131 bir yarad\u0131r. Ku\u015fkusuz bu yaran\u0131n en \u00e7ok kanad\u0131\u011f\u0131 d\u00f6nem 1938&#8217;dir. Otuz Sekiz, insanl\u0131\u011f\u0131n vah\u015fet tarihinde yer alan b\u00fcy\u00fck bir k\u0131r\u0131lma olarak<span class=\"excerpt-hellip\"> [\u2026]<\/span><\/p>\n","protected":false},"featured_media":0,"template":"","meta":{"_monsterinsights_skip_tracking":false,"_monsterinsights_sitenote_active":false,"_monsterinsights_sitenote_note":"","_monsterinsights_sitenote_category":0},"product_brand":[],"product_cat":[13072,12291],"product_tag":[],"class_list":{"0":"post-744440","1":"product","2":"type-product","3":"status-publish","5":"product_cat-arastirma-inceleme-referans","6":"product_cat-edebiyat","7":"pa_cilt-ciltsiz","8":"pa_tur-kitap","9":"pa_yayinevi-totem-yayinlari","10":"pa_yazar-ozgun-e-bulut","12":"first","13":"instock","14":"sale","15":"shipping-taxable","16":"purchasable","17":"product-type-simple"},"_links":{"self":[{"href":"https:\/\/roveyayinevi.com.tr\/index.php\/wp-json\/wp\/v2\/product\/744440","targetHints":{"allow":["GET"]}}],"collection":[{"href":"https:\/\/roveyayinevi.com.tr\/index.php\/wp-json\/wp\/v2\/product"}],"about":[{"href":"https:\/\/roveyayinevi.com.tr\/index.php\/wp-json\/wp\/v2\/types\/product"}],"wp:attachment":[{"href":"https:\/\/roveyayinevi.com.tr\/index.php\/wp-json\/wp\/v2\/media?parent=744440"}],"wp:term":[{"taxonomy":"product_brand","embeddable":true,"href":"https:\/\/roveyayinevi.com.tr\/index.php\/wp-json\/wp\/v2\/product_brand?post=744440"},{"taxonomy":"product_cat","embeddable":true,"href":"https:\/\/roveyayinevi.com.tr\/index.php\/wp-json\/wp\/v2\/product_cat?post=744440"},{"taxonomy":"product_tag","embeddable":true,"href":"https:\/\/roveyayinevi.com.tr\/index.php\/wp-json\/wp\/v2\/product_tag?post=744440"}],"curies":[{"name":"wp","href":"https:\/\/api.w.org\/{rel}","templated":true}]}}