{"id":744439,"date":"2025-08-28T01:57:03","date_gmt":"2025-08-27T22:57:03","guid":{"rendered":"https:\/\/roveyayinevi.com.tr\/index.php\/urun\/derekoy-ciltli\/"},"modified":"2026-04-16T02:56:30","modified_gmt":"2026-04-15T23:56:30","slug":"derekoy-ciltli","status":"publish","type":"product","link":"https:\/\/roveyayinevi.com.tr\/index.php\/urun\/derekoy-ciltli\/","title":{"rendered":"Derek\u00f6y (Ciltli)"},"content":{"rendered":"<p>Derek\u00f6y kitab\u0131n\u0131 iki a\u00e7\u0131dan d\u00fc\u015f\u00fcnmek m\u00fcmk\u00fcn. Hem bir vefa kitab\u0131 olmas\u0131, hem de Dersim inan\u00e7 ve k\u00fclt\u00fcr\u00fcne dair ipu\u00e7lar\u0131 veren bir paz\u0131l\u0131n par\u00e7alar\u0131ndan biri olmas\u0131\u2026 Bir k\u00f6yden, bir k\u00f6y\u00fcn hikayesinden Dersim k\u00fclt\u00fcr\u00fcne dair ipu\u00e7lar\u0131 veriliyor burada. Her \u015feyden bir par\u00e7a bulmak m\u00fcmk\u00fcn. D\u00fcn nas\u0131ld\u0131k, bug\u00fcnlere nas\u0131l gelindi? Baz\u0131 izler neden okunmuyor art\u0131k? Yapt\u0131\u011f\u0131m\u0131z, bu izlerin pe\u015finden gitmek.De\u011ferlerimizi bir bir kaybedince elimizi \u00e7abuk tutmam\u0131z gerekti\u011fini anlam\u0131\u015ft\u0131k. \u00c7\u00fcnk\u00fc bellek denen \u015fey zaman\u0131n o geni\u015f hallerinde eriyip gidiyor ve geriye saatin s\u0131n\u0131rl\u0131 an\u0131 kal\u0131yordu. Ge\u00e7mi\u015fimizi en k\u00fc\u00e7\u00fck yerle\u015fim birimindeki ya\u015famdan ba\u015flay\u0131p kay\u0131t alt\u0131na almam\u0131z gerekti\u011finin alt\u0131n\u0131 \u00e7izmekle kalmay\u0131p, b\u00fct\u00fcne do\u011fru bir anlam ta\u015f\u0131yoruz Derek\u00f6y\u2019\u00fcn hikayesiyle.<\/p>\n","protected":false},"excerpt":{"rendered":"<p>Derek\u00f6y kitab\u0131n\u0131 iki a\u00e7\u0131dan d\u00fc\u015f\u00fcnmek m\u00fcmk\u00fcn. Hem bir vefa kitab\u0131 olmas\u0131, hem de Dersim inan\u00e7 ve k\u00fclt\u00fcr\u00fcne dair ipu\u00e7lar\u0131 veren bir paz\u0131l\u0131n par\u00e7alar\u0131ndan biri olmas\u0131\u2026 Bir<span class=\"excerpt-hellip\"> [\u2026]<\/span><\/p>\n","protected":false},"featured_media":0,"template":"","meta":{"_monsterinsights_skip_tracking":false,"_monsterinsights_sitenote_active":false,"_monsterinsights_sitenote_note":"","_monsterinsights_sitenote_category":0},"product_brand":[],"product_cat":[12325,12324],"product_tag":[],"class_list":{"0":"post-744439","1":"product","2":"type-product","3":"status-publish","5":"product_cat-diger-sosyoloji","6":"product_cat-sosyoloji","7":"pa_cilt-ciltli","8":"pa_tur-kitap","9":"pa_yayinevi-totem-yayinlari","10":"pa_yazar-ozgun-enver-bulut","12":"first","13":"instock","14":"sale","15":"shipping-taxable","16":"purchasable","17":"product-type-simple"},"_links":{"self":[{"href":"https:\/\/roveyayinevi.com.tr\/index.php\/wp-json\/wp\/v2\/product\/744439","targetHints":{"allow":["GET"]}}],"collection":[{"href":"https:\/\/roveyayinevi.com.tr\/index.php\/wp-json\/wp\/v2\/product"}],"about":[{"href":"https:\/\/roveyayinevi.com.tr\/index.php\/wp-json\/wp\/v2\/types\/product"}],"wp:attachment":[{"href":"https:\/\/roveyayinevi.com.tr\/index.php\/wp-json\/wp\/v2\/media?parent=744439"}],"wp:term":[{"taxonomy":"product_brand","embeddable":true,"href":"https:\/\/roveyayinevi.com.tr\/index.php\/wp-json\/wp\/v2\/product_brand?post=744439"},{"taxonomy":"product_cat","embeddable":true,"href":"https:\/\/roveyayinevi.com.tr\/index.php\/wp-json\/wp\/v2\/product_cat?post=744439"},{"taxonomy":"product_tag","embeddable":true,"href":"https:\/\/roveyayinevi.com.tr\/index.php\/wp-json\/wp\/v2\/product_tag?post=744439"}],"curies":[{"name":"wp","href":"https:\/\/api.w.org\/{rel}","templated":true}]}}