{"id":744438,"date":"2025-08-28T01:57:01","date_gmt":"2025-08-27T22:57:01","guid":{"rendered":"https:\/\/roveyayinevi.com.tr\/index.php\/urun\/denizlerin-dalgasiyim\/"},"modified":"2026-04-16T02:56:30","modified_gmt":"2026-04-15T23:56:30","slug":"denizlerin-dalgasiyim","status":"publish","type":"product","link":"https:\/\/roveyayinevi.com.tr\/index.php\/urun\/denizlerin-dalgasiyim\/","title":{"rendered":"Denizlerin Dalgas\u0131y\u0131m"},"content":{"rendered":"<p>Bir \u00e7ok \u00fcnl\u00fc sanat\u00e7\u0131 taraf\u0131ndan seslendirilen Mehmet \u00d6zcan \u015fiirlerinden baz\u0131lar\u0131 \u015funlard\u0131r: Denizlerin Dalgas\u0131y\u0131m, Sivas&#8217;\u0131n Yollar\u0131nda, Da\u011flar\u0131n Ete\u011fi Kard\u0131r, Arguvanl\u0131m, Mercan Da\u011flar\u0131, Derdi G\u00fczel, Hak Can \u0130\u00e7inde, G\u00fcne\u015fin \u00c7ocuklar\u0131, Vurdun Vurdun gibi dilden dile, g\u00f6n\u00fclden g\u00f6n\u00fclle dola\u015fan \u00f6nemli bestelere imza atm\u0131\u015ft\u0131r. Bestelerini; Ferhat Tun\u00e7, Yusuf Hayalo\u011flu, \u0130brahim Tatl\u0131ses, Selda Ba\u011fcan, Emre Salt\u0131k, Sabahat Akkiraz, Erdal Erzincan, Seher Dilovan, Ali\u015fan, Ceylan, Y\u0131lmaz \u00c7elik, Arzu \u015eahin, Abidin Biter, G\u00fclcihan Ko\u00e7, Serpil Sar\u0131, Erensoy Akkaya, Song\u00fcl Karl\u0131, T\u00fcrk\u00fc?, Metin Karata\u015f, Seyfi Do\u011fanay gibi \u00f6nemli isimler okumu\u015ftur. Mehmet \u00d6zcan, sanatsal \u00e7al\u0131\u015fmalar\u0131na \u0130stanbul&#8217;dadevam etmektedir&#8230;<\/p>\n","protected":false},"excerpt":{"rendered":"<p>Bir \u00e7ok \u00fcnl\u00fc sanat\u00e7\u0131 taraf\u0131ndan seslendirilen Mehmet \u00d6zcan \u015fiirlerinden baz\u0131lar\u0131 \u015funlard\u0131r: Denizlerin Dalgas\u0131y\u0131m, Sivas&#8217;\u0131n Yollar\u0131nda, Da\u011flar\u0131n Ete\u011fi Kard\u0131r, Arguvanl\u0131m, Mercan Da\u011flar\u0131, Derdi G\u00fczel, Hak Can \u0130\u00e7inde,<span class=\"excerpt-hellip\"> [\u2026]<\/span><\/p>\n","protected":false},"featured_media":0,"template":"","meta":{"_monsterinsights_skip_tracking":false,"_monsterinsights_sitenote_active":false,"_monsterinsights_sitenote_note":"","_monsterinsights_sitenote_category":0},"product_brand":[],"product_cat":[12291,12509],"product_tag":[],"class_list":{"0":"post-744438","1":"product","2":"type-product","3":"status-publish","5":"product_cat-edebiyat","6":"product_cat-siir","7":"pa_cilt-ciltsiz","8":"pa_tur-kitap","9":"pa_yayinevi-totem-yayinlari","10":"pa_yazar-mehmet-ozcan","12":"first","13":"instock","14":"sale","15":"shipping-taxable","16":"purchasable","17":"product-type-simple"},"_links":{"self":[{"href":"https:\/\/roveyayinevi.com.tr\/index.php\/wp-json\/wp\/v2\/product\/744438","targetHints":{"allow":["GET"]}}],"collection":[{"href":"https:\/\/roveyayinevi.com.tr\/index.php\/wp-json\/wp\/v2\/product"}],"about":[{"href":"https:\/\/roveyayinevi.com.tr\/index.php\/wp-json\/wp\/v2\/types\/product"}],"wp:attachment":[{"href":"https:\/\/roveyayinevi.com.tr\/index.php\/wp-json\/wp\/v2\/media?parent=744438"}],"wp:term":[{"taxonomy":"product_brand","embeddable":true,"href":"https:\/\/roveyayinevi.com.tr\/index.php\/wp-json\/wp\/v2\/product_brand?post=744438"},{"taxonomy":"product_cat","embeddable":true,"href":"https:\/\/roveyayinevi.com.tr\/index.php\/wp-json\/wp\/v2\/product_cat?post=744438"},{"taxonomy":"product_tag","embeddable":true,"href":"https:\/\/roveyayinevi.com.tr\/index.php\/wp-json\/wp\/v2\/product_tag?post=744438"}],"curies":[{"name":"wp","href":"https:\/\/api.w.org\/{rel}","templated":true}]}}