{"id":744436,"date":"2025-08-28T01:56:57","date_gmt":"2025-08-27T22:56:57","guid":{"rendered":"https:\/\/roveyayinevi.com.tr\/index.php\/urun\/dagin-seyhi-hasan-sabbah\/"},"modified":"2026-04-05T03:01:25","modified_gmt":"2026-04-05T00:01:25","slug":"dagin-seyhi-hasan-sabbah","status":"publish","type":"product","link":"https:\/\/roveyayinevi.com.tr\/index.php\/urun\/dagin-seyhi-hasan-sabbah\/","title":{"rendered":"Da\u011f\u0131n \u015eeyhi Hasan Sabbah"},"content":{"rendered":"<p>\u0130ranl\u0131 yazar Freidoune Sahebjam roman\u0131n\u0131n ana eksenine onbirinci y\u00fczy\u0131l\u0131n \u00f6nemli karakterlerinden Hasan Sabah, Nizam\u00fclm\u00fclk ve \u00d6mer Hayyam\u2019\u0131 al\u0131yor. Kurgu ve ger\u00e7e\u011fin i\u00e7 i\u00e7e ge\u00e7ti\u011fi, duygunun ve h\u0131rs\u0131n bir insan\u0131n y\u00fcre\u011finde hangi kap\u0131lar\u0131 a\u00e7aca\u011f\u0131na dair bir yol hikayesidir anlat\u0131lan. \u015eiirsel bir gezinti ile tarihin derinliklerinden ge\u00e7erek kimilerince kahraman, kimilerince cani olarak adland\u0131r\u0131lan Hasan Sabah\u2019\u0131n tart\u0131\u015fmal\u0131 ya\u015fam\u0131d\u0131r \u00f6n\u00fcm\u00fczde duran.Verilen s\u00f6zlerin de\u011feri ile kesi\u015fen yollar, f\u0131rt\u0131na yaratmaya yetmi\u015ftir. \u0130\u015fte bu f\u0131rt\u0131nan\u0131n sonucunda s\u00f6zler unutulmu\u015f ve m\u00fccadele ba\u015flam\u0131\u015ft\u0131r. M\u00fccadelenin merkezi Alamut Kalesi\u2019dir. Tarikat\u0131n \u00f6\u011fretileri ve m\u00fcritleri burada yeti\u015fmi\u015ftir. Burada ha\u015fha\u015f ile tan\u0131\u015fan m\u00fcritlerin Hasan Sabah\u2019\u0131n telkinleriyle siyasi cinayetler i\u015fledikleri rivayeti g\u00fcn\u00fcm\u00fcze kadar gelmi\u015ftir..Freidoune Sahebjam sadece gizemli bir kahramandan s\u00f6z etmiyor roman\u0131nda. \u00d6zel bir kahraman da yaratm\u0131yor. Her \u015fey roman\u0131n di\u011fer kahraman\u0131 olan \u00d6mer Hayyam\u2019\u0131n dizesindeki gibi akmaktad\u0131r.Hayat\u0131m\u0131n a\u011fac\u0131 s\u00f6k\u00fcld\u00fc\u011f\u00fcVe v\u00fccudum da\u011f\u0131ld\u0131\u011f\u0131 g\u00fcnde,Kilimden bir kadeh yaparlar belki,O zaman, \u015farapla dolu o kadehtenYeniden do\u011far\u0131m ben de.Anlat\u0131lan tam da budur.<\/p>\n","protected":false},"excerpt":{"rendered":"<p>\u0130ranl\u0131 yazar Freidoune Sahebjam roman\u0131n\u0131n ana eksenine onbirinci y\u00fczy\u0131l\u0131n \u00f6nemli karakterlerinden Hasan Sabah, Nizam\u00fclm\u00fclk ve \u00d6mer Hayyam\u2019\u0131 al\u0131yor. Kurgu ve ger\u00e7e\u011fin i\u00e7 i\u00e7e ge\u00e7ti\u011fi, duygunun ve<span class=\"excerpt-hellip\"> [\u2026]<\/span><\/p>\n","protected":false},"featured_media":0,"template":"","meta":{"_monsterinsights_skip_tracking":false,"_monsterinsights_sitenote_active":false,"_monsterinsights_sitenote_note":"","_monsterinsights_sitenote_category":0},"product_brand":[],"product_cat":[12291,12711],"product_tag":[],"class_list":{"0":"post-744436","1":"product","2":"type-product","3":"status-publish","5":"product_cat-edebiyat","6":"product_cat-roman-oyku","7":"pa_cilt-ciltsiz","8":"pa_tur-kitap","9":"pa_yayinevi-totem-yayinlari","10":"pa_yazar-freidoune-sahebjam","12":"first","13":"instock","14":"sale","15":"shipping-taxable","16":"purchasable","17":"product-type-simple"},"_links":{"self":[{"href":"https:\/\/roveyayinevi.com.tr\/index.php\/wp-json\/wp\/v2\/product\/744436","targetHints":{"allow":["GET"]}}],"collection":[{"href":"https:\/\/roveyayinevi.com.tr\/index.php\/wp-json\/wp\/v2\/product"}],"about":[{"href":"https:\/\/roveyayinevi.com.tr\/index.php\/wp-json\/wp\/v2\/types\/product"}],"wp:attachment":[{"href":"https:\/\/roveyayinevi.com.tr\/index.php\/wp-json\/wp\/v2\/media?parent=744436"}],"wp:term":[{"taxonomy":"product_brand","embeddable":true,"href":"https:\/\/roveyayinevi.com.tr\/index.php\/wp-json\/wp\/v2\/product_brand?post=744436"},{"taxonomy":"product_cat","embeddable":true,"href":"https:\/\/roveyayinevi.com.tr\/index.php\/wp-json\/wp\/v2\/product_cat?post=744436"},{"taxonomy":"product_tag","embeddable":true,"href":"https:\/\/roveyayinevi.com.tr\/index.php\/wp-json\/wp\/v2\/product_tag?post=744436"}],"curies":[{"name":"wp","href":"https:\/\/api.w.org\/{rel}","templated":true}]}}