{"id":744435,"date":"2025-08-28T01:56:56","date_gmt":"2025-08-27T22:56:56","guid":{"rendered":"https:\/\/roveyayinevi.com.tr\/index.php\/urun\/bolunmus-haritalara-agit\/"},"modified":"2026-04-16T02:56:30","modified_gmt":"2026-04-15T23:56:30","slug":"bolunmus-haritalara-agit","status":"publish","type":"product","link":"https:\/\/roveyayinevi.com.tr\/index.php\/urun\/bolunmus-haritalara-agit\/","title":{"rendered":"B\u00f6l\u00fcnm\u00fc\u015f Haritalara A\u011f\u0131t"},"content":{"rendered":"<p>\u201cDeryalar\u0131 seninle kesiyor y\u00fcz\u00fcm,Bo\u011fulmu\u015f bir m\u00fclteci \u00e7ocu\u011funad\u0131r harflerimAkl\u0131m hi\u00e7 aksatmadan dokunuyor yaralar\u0131maAte\u015fe dalar gibiDamar damar keserek,Silindir gibi \u00fcst\u00fcnden ezip ge\u00e7erek.\u201d<\/p>\n","protected":false},"excerpt":{"rendered":"<p>\u201cDeryalar\u0131 seninle kesiyor y\u00fcz\u00fcm,Bo\u011fulmu\u015f bir m\u00fclteci \u00e7ocu\u011funad\u0131r harflerimAkl\u0131m hi\u00e7 aksatmadan dokunuyor yaralar\u0131maAte\u015fe dalar gibiDamar damar keserek,Silindir gibi \u00fcst\u00fcnden ezip ge\u00e7erek.\u201d<\/p>\n","protected":false},"featured_media":0,"template":"","meta":{"_monsterinsights_skip_tracking":false,"_monsterinsights_sitenote_active":false,"_monsterinsights_sitenote_note":"","_monsterinsights_sitenote_category":0},"product_brand":[],"product_cat":[12291,12509],"product_tag":[],"class_list":{"0":"post-744435","1":"product","2":"type-product","3":"status-publish","5":"product_cat-edebiyat","6":"product_cat-siir","7":"pa_cilt-ciltsiz","8":"pa_tur-kitap","9":"pa_yayinevi-totem-yayinlari","10":"pa_yazar-mahir-cicek","12":"first","13":"instock","14":"sale","15":"shipping-taxable","16":"purchasable","17":"product-type-simple"},"_links":{"self":[{"href":"https:\/\/roveyayinevi.com.tr\/index.php\/wp-json\/wp\/v2\/product\/744435","targetHints":{"allow":["GET"]}}],"collection":[{"href":"https:\/\/roveyayinevi.com.tr\/index.php\/wp-json\/wp\/v2\/product"}],"about":[{"href":"https:\/\/roveyayinevi.com.tr\/index.php\/wp-json\/wp\/v2\/types\/product"}],"wp:attachment":[{"href":"https:\/\/roveyayinevi.com.tr\/index.php\/wp-json\/wp\/v2\/media?parent=744435"}],"wp:term":[{"taxonomy":"product_brand","embeddable":true,"href":"https:\/\/roveyayinevi.com.tr\/index.php\/wp-json\/wp\/v2\/product_brand?post=744435"},{"taxonomy":"product_cat","embeddable":true,"href":"https:\/\/roveyayinevi.com.tr\/index.php\/wp-json\/wp\/v2\/product_cat?post=744435"},{"taxonomy":"product_tag","embeddable":true,"href":"https:\/\/roveyayinevi.com.tr\/index.php\/wp-json\/wp\/v2\/product_tag?post=744435"}],"curies":[{"name":"wp","href":"https:\/\/api.w.org\/{rel}","templated":true}]}}