{"id":744432,"date":"2025-08-28T01:56:51","date_gmt":"2025-08-27T22:56:51","guid":{"rendered":"https:\/\/roveyayinevi.com.tr\/index.php\/urun\/bana-aydinliktan-soz-et\/"},"modified":"2026-04-08T03:04:28","modified_gmt":"2026-04-08T00:04:28","slug":"bana-aydinliktan-soz-et","status":"publish","type":"product","link":"https:\/\/roveyayinevi.com.tr\/index.php\/urun\/bana-aydinliktan-soz-et\/","title":{"rendered":"Bana Ayd\u0131nl\u0131ktan S\u00f6z Et"},"content":{"rendered":"<p>ran Edebiyat\u0131&#8217;n\u0131n en \u00f6nemli isimlerinden biri olan Ahmet \u015eamlu&#8217;nun \u00f6nde gelen eserlerinden biri: &#8220;Bana Ayd\u0131nl\u0131ktan S\u00f6z Et&#8221;. &#8220;\u015eamlu&#8217;nun \u015fiiri bir rivayet \u015fiiridir. Tarihine tan\u0131kl\u0131k \u015fiiridir. Onun \u015fiiri, ezilmi\u015f, susturulmu\u015f halk\u0131n uslanmaz hayk\u0131ar\u0131\u015f\u0131d\u0131r. O her zaman \u00f6zg\u00fcrl\u00fc\u011f\u00fcn, eme\u011fin ve insan onurunun \u015fiirini s\u00f6ylemi\u015f ve estetik kayg\u0131lar onun kendine bi\u00e7ti\u011fi, belki de halk\u0131n\u0131n ona bi\u00e7ti\u011fi bu g\u00f6revden al\u0131koymam\u0131\u015ft\u0131r.&#8221; -Ha\u015fim H\u00fcsrev\u015fahi- &#8220;Benim omuzlar\u0131mda bir g\u00fcvercin var senin a\u011fz\u0131ndan su i\u00e7er benim omuzlar\u0131mda bir g\u00fcvercin var bo\u011faz\u0131m\u0131 tazeler benim omuzlar\u0131mda bir g\u00fcvercin var a\u011f\u0131rba\u015fl\u0131 ve iyi bana ayd\u0131nl\u0131ktan s\u00f6z eder ve insandan -t\u00fcm tanr\u0131lar\u0131n tanr\u0131\u00e7as\u0131 olan ben insanla y\u0131ld\u0131z dolu sonsuzlukta y\u00fcr\u00fcyorum&#8221; -Ahmed \u015eamlu-<\/p>\n","protected":false},"excerpt":{"rendered":"<p>ran Edebiyat\u0131&#8217;n\u0131n en \u00f6nemli isimlerinden biri olan Ahmet \u015eamlu&#8217;nun \u00f6nde gelen eserlerinden biri: &#8220;Bana Ayd\u0131nl\u0131ktan S\u00f6z Et&#8221;. &#8220;\u015eamlu&#8217;nun \u015fiiri bir rivayet \u015fiiridir. Tarihine tan\u0131kl\u0131k \u015fiiridir. Onun<span class=\"excerpt-hellip\"> [\u2026]<\/span><\/p>\n","protected":false},"featured_media":0,"template":"","meta":{"_monsterinsights_skip_tracking":false,"_monsterinsights_sitenote_active":false,"_monsterinsights_sitenote_note":"","_monsterinsights_sitenote_category":0},"product_brand":[],"product_cat":[12291,12509],"product_tag":[],"class_list":{"0":"post-744432","1":"product","2":"type-product","3":"status-publish","5":"product_cat-edebiyat","6":"product_cat-siir","7":"pa_cilt-ciltsiz","8":"pa_tur-kitap","9":"pa_yayinevi-totem-yayinlari","10":"pa_yazar-ahmed-samlu","12":"first","13":"instock","14":"sale","15":"shipping-taxable","16":"purchasable","17":"product-type-simple"},"_links":{"self":[{"href":"https:\/\/roveyayinevi.com.tr\/index.php\/wp-json\/wp\/v2\/product\/744432","targetHints":{"allow":["GET"]}}],"collection":[{"href":"https:\/\/roveyayinevi.com.tr\/index.php\/wp-json\/wp\/v2\/product"}],"about":[{"href":"https:\/\/roveyayinevi.com.tr\/index.php\/wp-json\/wp\/v2\/types\/product"}],"wp:attachment":[{"href":"https:\/\/roveyayinevi.com.tr\/index.php\/wp-json\/wp\/v2\/media?parent=744432"}],"wp:term":[{"taxonomy":"product_brand","embeddable":true,"href":"https:\/\/roveyayinevi.com.tr\/index.php\/wp-json\/wp\/v2\/product_brand?post=744432"},{"taxonomy":"product_cat","embeddable":true,"href":"https:\/\/roveyayinevi.com.tr\/index.php\/wp-json\/wp\/v2\/product_cat?post=744432"},{"taxonomy":"product_tag","embeddable":true,"href":"https:\/\/roveyayinevi.com.tr\/index.php\/wp-json\/wp\/v2\/product_tag?post=744432"}],"curies":[{"name":"wp","href":"https:\/\/api.w.org\/{rel}","templated":true}]}}