{"id":744431,"date":"2025-08-28T01:56:50","date_gmt":"2025-08-27T22:56:50","guid":{"rendered":"https:\/\/roveyayinevi.com.tr\/index.php\/urun\/asik-olmak-ve-ask\/"},"modified":"2026-04-16T02:56:30","modified_gmt":"2026-04-15T23:56:30","slug":"asik-olmak-ve-ask","status":"publish","type":"product","link":"https:\/\/roveyayinevi.com.tr\/index.php\/urun\/asik-olmak-ve-ask\/","title":{"rendered":"A\u015f\u0131k Olmak ve A\u015fk"},"content":{"rendered":"<p>\u00c2\u015f\u0131k olmak nedir?\u201d\u201c\u0130ki ki\u015fiye dayal\u0131 kolektif bir hareketin ba\u015flang\u0131\u00e7 evresidir.\u201dFrancesco Alberoni, b\u00f6yle bir soru-cevapla a\u015fka ve \u00e2\u015f\u0131k olmaya ayna tutuyor ve \u00e2\u015f\u0131k olman\u0131n b\u00fcy\u00fck hazz\u0131n\u0131 sosyolojik a\u00e7\u0131dan irdeliyor. Kolektif hareketleri inceleyen Durkheim\u2019\u0131n g\u00f6r\u00fc\u015flerinin \u00e2\u015f\u0131k olmak eylemine de uygulanabilir oldu\u011funun alt\u0131n\u0131 \u00e7izerken bir yandan da Max Weber\u2019in \u201cEkonomi ve Toplum\u201d adl\u0131 eserinde yer alan hayranl\u0131k, yarat\u0131c\u0131l\u0131k ve sadakat konusundaki saptamalar\u0131n\u0131 adeta a\u015fkla ba\u011fda\u015ft\u0131r\u0131yor.Yazar bu kitapta, a\u015fk\u0131 bilimsel d\u00fczlemde ele al\u0131rken, gerek edeb\u00ee, gerek d\u00fc\u015f\u00fcnsel, gerekse mistik alanda \u00e7ok de\u011ferli yazar ve unutulmaz kahramanlara da yer veriyor. Mevl\u00e2n\u00e2\u2019dan Dante\u2019ye, Abelard ve Heloise\u2019den Romeo Juliet\u2019e uzanan a\u015fka dair ola\u011fan\u00fcst\u00fc eserlerden dizeler de \u00f6rnekleyerek g\u00f6r\u00fc\u015flerini sa\u011flamla\u015ft\u0131r\u0131yor<\/p>\n","protected":false},"excerpt":{"rendered":"<p>\u00c2\u015f\u0131k olmak nedir?\u201d\u201c\u0130ki ki\u015fiye dayal\u0131 kolektif bir hareketin ba\u015flang\u0131\u00e7 evresidir.\u201dFrancesco Alberoni, b\u00f6yle bir soru-cevapla a\u015fka ve \u00e2\u015f\u0131k olmaya ayna tutuyor ve \u00e2\u015f\u0131k olman\u0131n b\u00fcy\u00fck hazz\u0131n\u0131 sosyolojik<span class=\"excerpt-hellip\"> [\u2026]<\/span><\/p>\n","protected":false},"featured_media":0,"template":"","meta":{"_monsterinsights_skip_tracking":false,"_monsterinsights_sitenote_active":false,"_monsterinsights_sitenote_note":"","_monsterinsights_sitenote_category":0},"product_brand":[],"product_cat":[12325,12324],"product_tag":[],"class_list":{"0":"post-744431","1":"product","2":"type-product","3":"status-publish","5":"product_cat-diger-sosyoloji","6":"product_cat-sosyoloji","7":"pa_cilt-ciltsiz","8":"pa_tur-kitap","9":"pa_yayinevi-totem-yayinlari","10":"pa_yazar-francesco-alberoni","12":"first","13":"instock","14":"sale","15":"shipping-taxable","16":"purchasable","17":"product-type-simple"},"_links":{"self":[{"href":"https:\/\/roveyayinevi.com.tr\/index.php\/wp-json\/wp\/v2\/product\/744431","targetHints":{"allow":["GET"]}}],"collection":[{"href":"https:\/\/roveyayinevi.com.tr\/index.php\/wp-json\/wp\/v2\/product"}],"about":[{"href":"https:\/\/roveyayinevi.com.tr\/index.php\/wp-json\/wp\/v2\/types\/product"}],"wp:attachment":[{"href":"https:\/\/roveyayinevi.com.tr\/index.php\/wp-json\/wp\/v2\/media?parent=744431"}],"wp:term":[{"taxonomy":"product_brand","embeddable":true,"href":"https:\/\/roveyayinevi.com.tr\/index.php\/wp-json\/wp\/v2\/product_brand?post=744431"},{"taxonomy":"product_cat","embeddable":true,"href":"https:\/\/roveyayinevi.com.tr\/index.php\/wp-json\/wp\/v2\/product_cat?post=744431"},{"taxonomy":"product_tag","embeddable":true,"href":"https:\/\/roveyayinevi.com.tr\/index.php\/wp-json\/wp\/v2\/product_tag?post=744431"}],"curies":[{"name":"wp","href":"https:\/\/api.w.org\/{rel}","templated":true}]}}