{"id":744428,"date":"2025-08-28T01:56:41","date_gmt":"2025-08-27T22:56:41","guid":{"rendered":"https:\/\/roveyayinevi.com.tr\/index.php\/urun\/cevher-klasikler-sohrab-sepehri-butun-siirleri\/"},"modified":"2025-09-25T08:16:10","modified_gmt":"2025-09-25T05:16:10","slug":"cevher-klasikler-sohrab-sepehri-butun-siirleri","status":"publish","type":"product","link":"https:\/\/roveyayinevi.com.tr\/index.php\/urun\/cevher-klasikler-sohrab-sepehri-butun-siirleri\/","title":{"rendered":"CEVHER KLAS\u0130KLER SOHRAB SEPEHR\u0130   B\u00dcT\u00dcN \u015e\u0130\u0130RLER\u0130"},"content":{"rendered":"<p>Modern \u0130ran \u015fiirinin be\u015f y\u0131ld\u0131z\u0131ndan biridir Sohrap. Hem \u015fair hem ressam olman\u0131n imkanlar\u0131 b\u00fct\u00fcn derinli\u011fiyle duyulur \u015fiirlerinde. Kelimelerden ve renklerden kurulmu\u015f sonsuz bir samanyolu g\u00f6r\u00fcrs\u00fcn\u00fcz onda.   \u2018Bir g\u00fcn, Gelece\u011fim ve bir mesaj getirece\u011fim. Damarlara bir \u0131\u015f\u0131k serpece\u011fim. Yoldan ge\u00e7en biri: Do\u011frusu bir karanl\u0131k gece diyecek. Ne kadar k\u00f6t\u00fcl\u00fck varsa derece\u011fim dillerden, Ne kadar duvar varsa s\u00f6kece\u011fim yerinden, Yolkesicilere y\u00fck\u00fc g\u00fcl\u00fcc\u00fck olan bir kervan\u0131n geldi\u011fini s\u00f6yleyece\u011fim, Bulutu par\u00e7alayaca\u011f\u0131m. D\u00fc\u011f\u00fcmleyece\u011fim g\u00f6zleri g\u00fcne\u015fle, g\u00f6n\u00fclleri a\u015fkla, g\u00f6lgeleri suyla, dallar\u0131 r\u00fczg\u00e2rla\u2026\u2019   Evet, 21. y\u00fczy\u0131l\u0131n kaotik atmosferinden \u00e7\u0131k\u0131p \u015fiirle nefes almak isteyenler, Sohrap Sepehri okumal\u0131. \u00c7\u00fcnk\u00fc onun \u015fiirleri asl\u0131nda e\u015fsiz birer umut tablosudur. <\/p>\n","protected":false},"excerpt":{"rendered":"<p>Modern \u0130ran \u015fiirinin be\u015f y\u0131ld\u0131z\u0131ndan biridir Sohrap. Hem \u015fair hem ressam olman\u0131n imkanlar\u0131 b\u00fct\u00fcn derinli\u011fiyle duyulur \u015fiirlerinde. Kelimelerden ve renklerden kurulmu\u015f sonsuz bir samanyolu g\u00f6r\u00fcrs\u00fcn\u00fcz onda.<span class=\"excerpt-hellip\"> [\u2026]<\/span><\/p>\n","protected":false},"featured_media":0,"template":"","meta":{"_monsterinsights_skip_tracking":false,"_monsterinsights_sitenote_active":false,"_monsterinsights_sitenote_note":"","_monsterinsights_sitenote_category":0},"product_brand":[],"product_cat":[12291,12509],"product_tag":[],"class_list":{"0":"post-744428","1":"product","2":"type-product","3":"status-publish","5":"product_cat-edebiyat","6":"product_cat-siir","7":"pa_cilt-ciltsiz","8":"pa_tur-kitap","9":"pa_yayinevi-kapi-yayinlari","10":"pa_yazar-sohrab-sepehri","12":"first","13":"instock","14":"sale","15":"shipping-taxable","16":"purchasable","17":"product-type-simple"},"_links":{"self":[{"href":"https:\/\/roveyayinevi.com.tr\/index.php\/wp-json\/wp\/v2\/product\/744428","targetHints":{"allow":["GET"]}}],"collection":[{"href":"https:\/\/roveyayinevi.com.tr\/index.php\/wp-json\/wp\/v2\/product"}],"about":[{"href":"https:\/\/roveyayinevi.com.tr\/index.php\/wp-json\/wp\/v2\/types\/product"}],"wp:attachment":[{"href":"https:\/\/roveyayinevi.com.tr\/index.php\/wp-json\/wp\/v2\/media?parent=744428"}],"wp:term":[{"taxonomy":"product_brand","embeddable":true,"href":"https:\/\/roveyayinevi.com.tr\/index.php\/wp-json\/wp\/v2\/product_brand?post=744428"},{"taxonomy":"product_cat","embeddable":true,"href":"https:\/\/roveyayinevi.com.tr\/index.php\/wp-json\/wp\/v2\/product_cat?post=744428"},{"taxonomy":"product_tag","embeddable":true,"href":"https:\/\/roveyayinevi.com.tr\/index.php\/wp-json\/wp\/v2\/product_tag?post=744428"}],"curies":[{"name":"wp","href":"https:\/\/api.w.org\/{rel}","templated":true}]}}