{"id":744420,"date":"2025-08-28T01:56:30","date_gmt":"2025-08-27T22:56:30","guid":{"rendered":"https:\/\/roveyayinevi.com.tr\/index.php\/urun\/milletin-cebinden\/"},"modified":"2026-04-16T02:56:30","modified_gmt":"2026-04-15T23:56:30","slug":"milletin-cebinden","status":"publish","type":"product","link":"https:\/\/roveyayinevi.com.tr\/index.php\/urun\/milletin-cebinden\/","title":{"rendered":"Milletin Cebinden"},"content":{"rendered":"<p>\u00c7\u0131lg\u0131n projeler, devasa yeni \u015fehirler ve in\u015faatlar, havaalanlar\u0131, ge\u00e7i\u015f garantili k\u00f6pr\u00fcler, yat\u0131\u015f garantili \u015fehir hastaneleri\u2026 Kamu-\u00d6zel \u0130\u015fbirli\u011fi\u2019yle yap\u0131lmakta olan \u201cDevasa \u015eehir Hastaneleri\u201d kimin yarar\u0131 i\u00e7in? Kamu yarar\u0131 ad\u0131na y\u00fcr\u00fct\u00fcld\u00fc\u011f\u00fc iddia edilen \u201cdevasa\u201d in\u015faatlar\u0131n s\u00f6zle\u015fmeleri, \u00f6demeleri ve faturalar \u201cticari s\u0131r\u201d denilerek saklan\u0131yor. Bu projelerin bug\u00fcn kamuya y\u00fck\u00fc 81,2 milyar dolar! Yatak ba\u015f\u0131 maliyette ortaya \u00e7\u0131kan deh\u015fet verici farklar da dahil olmak \u00fczere her \u015fey M\u0130LLET\u0130N CEB\u0130NDEN! Y\u00fczy\u0131l sonra bu projeler bize neden imtiyazlar\u0131 hat\u0131rlat\u0131yor? Finans kapital Kamu-\u00d6zel \u0130\u015fbirli\u011fi s\u00f6zle\u015fmeleriyle bir h\u00fck\u00fcmranl\u0131k kuruyor. Uluslararas\u0131 bankalar ve finans \u015firketlerinin, \u00fclkemizde etkileri y\u0131llarca s\u00fcrecek bu \u201cimtiyazlar\u0131n\u0131\u201d a\u00e7\u0131k etmemek i\u00e7in u\u011fra\u015fan politikac\u0131lar ve k\u00fcresel finans sistemine verilen \u201cDEVASA\u201d \u00f6d\u00fcnler\u2026 \u00c7i\u011fdem Toker y\u0131lm\u0131yor! Ara\u015ft\u0131rmaya ve kamu ad\u0131na sormaya devam ediyor: K\u00d6\u0130 s\u00f6zle\u015fmeleriyle M\u0130LLET\u0130N CEB\u0130NDEN yap\u0131lan b\u00fcy\u00fck soygunu ve politikac\u0131lar\u0131n verdi\u011fi \u00f6d\u00fcnleri, \u201c\u0130MT\u0130YAZLAR\u201d\u0131 bu \u00e7al\u0131\u015fmas\u0131nda g\u00f6zler \u00f6n\u00fcne seriyor.   Usta gazeteci \u00c7i\u011fdem Toker, sa\u011fl\u0131kta \u00f6zelle\u015ftirmenin Truva At\u0131 olarak adland\u0131r\u0131lan \u015fehir hastanelerinden \u201cticari s\u0131r\u201d gerek\u00e7esiyle a\u00e7\u0131klanmayan ve k\u00fcresel sermayeye aktar\u0131lan kamu kaynaklar\u0131n\u0131, ihaleleri ve konuya ili\u015fkin belgeleri yak\u0131ndan izleyerek, gizlenen bilgilerin \u00f6nemli bir b\u00f6l\u00fcm\u00fcn\u00fc a\u00e7\u0131\u011fa \u00e7\u0131kart\u0131yor. (\u2026)                                                                                                                              Prof. Dr. Kay\u0131han Pala   \u00c7i\u011fdem Toker \u015fehir hastanelerinin sa\u011fl\u0131k hizmetlerine, hastalara ve kamu finansman\u0131na olan etkilerini inceliyor. Kitapta daha \u00f6nce yazd\u0131\u011f\u0131 gazete yaz\u0131lar\u0131n\u0131n yan\u0131 s\u0131ra kapsaml\u0131 bir de\u011ferlendirme de yap\u0131yor. (\u2026) Toker gazeteci ve hukuk\u00e7u kimli\u011fiyle konuyu ayr\u0131nt\u0131l\u0131 bi\u00e7imde irdelemekte ve okuyucuya da yal\u0131n bi\u00e7imde aktarmaktad\u0131r. Toker, \u015fehir hastaneleri gibi \u00e7etrefilli bir konuyu \u201ctekrar tekrar anlatma ihtiyac\u0131n\u0131n, b\u00fcy\u00fck oranda gazetecili\u011fin ku\u015fatma alt\u0131nda olu\u015fuyla ilgili\u201d oldu\u011funu s\u00f6yl\u00fcyor ve \u015fehir hastanelerinin neden oldu\u011fu tahribat\u0131n anla\u015f\u0131lmas\u0131na katk\u0131 sa\u011fl\u0131yor.                                                                                                                                                                           Prof. Dr. U\u011fur Emek  <\/p>\n","protected":false},"excerpt":{"rendered":"<p>\u00c7\u0131lg\u0131n projeler, devasa yeni \u015fehirler ve in\u015faatlar, havaalanlar\u0131, ge\u00e7i\u015f garantili k\u00f6pr\u00fcler, yat\u0131\u015f garantili \u015fehir hastaneleri\u2026 Kamu-\u00d6zel \u0130\u015fbirli\u011fi\u2019yle yap\u0131lmakta olan \u201cDevasa \u015eehir Hastaneleri\u201d kimin yarar\u0131 i\u00e7in? Kamu<span class=\"excerpt-hellip\"> [\u2026]<\/span><\/p>\n","protected":false},"featured_media":0,"template":"","meta":{"_monsterinsights_skip_tracking":false,"_monsterinsights_sitenote_active":false,"_monsterinsights_sitenote_note":"","_monsterinsights_sitenote_category":0},"product_brand":[],"product_cat":[14841,13043],"product_tag":[],"class_list":{"0":"post-744420","1":"product","2":"type-product","3":"status-publish","5":"product_cat-arastirma-inceleme-kuram","6":"product_cat-ekonomi","7":"pa_cilt-ciltsiz","8":"pa_tur-kitap","9":"pa_yayinevi-tekin-yayinevi","10":"pa_yazar-cigdem-toker","12":"first","13":"instock","14":"sale","15":"shipping-taxable","16":"purchasable","17":"product-type-simple"},"_links":{"self":[{"href":"https:\/\/roveyayinevi.com.tr\/index.php\/wp-json\/wp\/v2\/product\/744420","targetHints":{"allow":["GET"]}}],"collection":[{"href":"https:\/\/roveyayinevi.com.tr\/index.php\/wp-json\/wp\/v2\/product"}],"about":[{"href":"https:\/\/roveyayinevi.com.tr\/index.php\/wp-json\/wp\/v2\/types\/product"}],"wp:attachment":[{"href":"https:\/\/roveyayinevi.com.tr\/index.php\/wp-json\/wp\/v2\/media?parent=744420"}],"wp:term":[{"taxonomy":"product_brand","embeddable":true,"href":"https:\/\/roveyayinevi.com.tr\/index.php\/wp-json\/wp\/v2\/product_brand?post=744420"},{"taxonomy":"product_cat","embeddable":true,"href":"https:\/\/roveyayinevi.com.tr\/index.php\/wp-json\/wp\/v2\/product_cat?post=744420"},{"taxonomy":"product_tag","embeddable":true,"href":"https:\/\/roveyayinevi.com.tr\/index.php\/wp-json\/wp\/v2\/product_tag?post=744420"}],"curies":[{"name":"wp","href":"https:\/\/api.w.org\/{rel}","templated":true}]}}