{"id":744419,"date":"2025-08-28T01:56:29","date_gmt":"2025-08-27T22:56:29","guid":{"rendered":"https:\/\/roveyayinevi.com.tr\/index.php\/urun\/bilincli-makinelere-giden-yol\/"},"modified":"2026-04-16T02:56:30","modified_gmt":"2026-04-15T23:56:30","slug":"bilincli-makinelere-giden-yol","status":"publish","type":"product","link":"https:\/\/roveyayinevi.com.tr\/index.php\/urun\/bilincli-makinelere-giden-yol\/","title":{"rendered":"Bilin\u00e7li Makinelere Giden Yol"},"content":{"rendered":"<p>Bilgisayar teknolojilerinin h\u0131zla geli\u015fti\u011fi \u015fu g\u00fcnlerde \u201cyapay zek\u00e2\u201d terimini giderek daha s\u0131k duyuyoruz; bilim, sa\u011fl\u0131k, e\u011fitim, sanayi, e\u011flence, sanat ve daha nice alanda yapay zek\u00e2 uygulamalar\u0131 g\u00fcn ge\u00e7tik\u00e7e yayg\u0131nla\u015f\u0131yor. Peki ama yapay zek\u00e2 (YZ) derken tam olarak ne kastediyoruz?Otuz y\u0131ldan uzun s\u00fcredir YZ ara\u015ft\u0131rmac\u0131s\u0131 olarak \u00e7al\u0131\u015fan Michael Wooldridge, bu kitapta bize YZ\u2019nin ne oldu\u011funu ve \u2013belki daha da \u00f6nemlisi\u2013 ne olmad\u0131\u011f\u0131n\u0131 a\u00e7\u0131kl\u0131yor. Gerek medyada \u00e7\u0131kan sansasyonel haberlerin gerekse yak\u0131n gelecekte \u201cbilin\u00e7li makinelerin\u201d aram\u0131zda olaca\u011f\u0131n\u0131 ima eden ara\u015ft\u0131rmac\u0131lar\u0131n a\u015f\u0131r\u0131 iyimserli\u011finin yan\u0131lt\u0131c\u0131 bir tablo \u00e7izdi\u011fini vurgulayan Wooldridge, YZ ara\u015ft\u0131rmac\u0131lar\u0131n\u0131n ger\u00e7ekte ne \u00fcst\u00fcnde ve nas\u0131l \u00e7al\u0131\u015ft\u0131\u011f\u0131n\u0131 anlat\u0131yor.\u201cMakine \u00f6\u011frenmesi\u201d ve \u201cderin \u00f6\u011frenme\u201d nedir? YZ konusunda filmlerde, edebiyatta ve medyada kar\u015f\u0131la\u015ft\u0131\u011f\u0131m\u0131z \u201cTerminat\u00f6r\u201d senaryolar\u0131n\u0131n ger\u00e7ekle\u015fmesi m\u00fcmk\u00fcn m\u00fc? YZ\u2019de i\u015fler nas\u0131l z\u0131vanadan \u00e7\u0131kabilir? YZ konusunda ger\u00e7ekten endi\u015felenmemiz gereken meseleler ve endi\u015felenmemize \u00e7ok uzun bir zaman hi\u00e7 gerek olmayan meseleler neler? YZ i\u015fimizi elimizden alacak m\u0131 ve \u00e7al\u0131\u015fman\u0131n do\u011fas\u0131n\u0131 nas\u0131l etkileyecek? YZ teknolojilerini kullanman\u0131n insan haklar\u0131 \u00fcst\u00fcnde nas\u0131l bir etkisi olabilir? YZ sistemlerinin ahlaki fail olarak edimde bulunmas\u0131 m\u00fcmk\u00fcn m\u00fc? Ve elbette: Makineler d\u00fc\u015f\u00fcnebilir ve arzulayabilir mi?Yapay zek\u00e2n\u0131n ge\u00e7mi\u015fine, mevcut durumuna ve nereye gitti\u011fine dair nesnel bir de\u011ferlendirme sunan bu kitab\u0131, konuya ilgi duyan okurlar\u0131m\u0131za hararetle tavsiye ediyoruz.<\/p>\n","protected":false},"excerpt":{"rendered":"<p>Bilgisayar teknolojilerinin h\u0131zla geli\u015fti\u011fi \u015fu g\u00fcnlerde \u201cyapay zek\u00e2\u201d terimini giderek daha s\u0131k duyuyoruz; bilim, sa\u011fl\u0131k, e\u011fitim, sanayi, e\u011flence, sanat ve daha nice alanda yapay zek\u00e2 uygulamalar\u0131<span class=\"excerpt-hellip\"> [\u2026]<\/span><\/p>\n","protected":false},"featured_media":0,"template":"","meta":{"_monsterinsights_skip_tracking":false,"_monsterinsights_sitenote_active":false,"_monsterinsights_sitenote_note":"","_monsterinsights_sitenote_category":0},"product_brand":[],"product_cat":[13005,37328],"product_tag":[],"class_list":{"0":"post-744419","1":"product","2":"type-product","3":"status-publish","5":"product_cat-bilim-muhendislik","6":"product_cat-diger-bilim-muhendislik","7":"pa_cilt-ciltsiz","8":"pa_tur-kitap","9":"pa_yayinevi-metis-yayinlari","10":"pa_yazar-michael-wooldrige","12":"first","13":"instock","14":"sale","15":"shipping-taxable","16":"purchasable","17":"product-type-simple"},"_links":{"self":[{"href":"https:\/\/roveyayinevi.com.tr\/index.php\/wp-json\/wp\/v2\/product\/744419","targetHints":{"allow":["GET"]}}],"collection":[{"href":"https:\/\/roveyayinevi.com.tr\/index.php\/wp-json\/wp\/v2\/product"}],"about":[{"href":"https:\/\/roveyayinevi.com.tr\/index.php\/wp-json\/wp\/v2\/types\/product"}],"wp:attachment":[{"href":"https:\/\/roveyayinevi.com.tr\/index.php\/wp-json\/wp\/v2\/media?parent=744419"}],"wp:term":[{"taxonomy":"product_brand","embeddable":true,"href":"https:\/\/roveyayinevi.com.tr\/index.php\/wp-json\/wp\/v2\/product_brand?post=744419"},{"taxonomy":"product_cat","embeddable":true,"href":"https:\/\/roveyayinevi.com.tr\/index.php\/wp-json\/wp\/v2\/product_cat?post=744419"},{"taxonomy":"product_tag","embeddable":true,"href":"https:\/\/roveyayinevi.com.tr\/index.php\/wp-json\/wp\/v2\/product_tag?post=744419"}],"curies":[{"name":"wp","href":"https:\/\/api.w.org\/{rel}","templated":true}]}}