{"id":744417,"date":"2025-08-28T01:56:27","date_gmt":"2025-08-27T22:56:27","guid":{"rendered":"https:\/\/roveyayinevi.com.tr\/index.php\/urun\/guzel-sevisme-sanati-ve-kadim-seks-sirlari\/"},"modified":"2026-04-16T02:56:29","modified_gmt":"2026-04-15T23:56:29","slug":"guzel-sevisme-sanati-ve-kadim-seks-sirlari","status":"publish","type":"product","link":"https:\/\/roveyayinevi.com.tr\/index.php\/urun\/guzel-sevisme-sanati-ve-kadim-seks-sirlari\/","title":{"rendered":"G\u00fczel Sevi\u015fme Sanat\u0131 ve Kadim Seks S\u0131rlar\u0131"},"content":{"rendered":"<p>G\u00dcZEL SEV\u0130\u015eME SANATININ \u0130NCEL\u0130KLER\u0130N\u0130 VE KAD\u0130M SEKS SIRLARINI \u00d6\u011eREN\u0130N\u2026 Her insan sa\u011fl\u0131kl\u0131, doyumlu ve mutlu bir cinsel ya\u015fam\u0131 hak eder. Ancak sosyok\u00fclt\u00fcrel yarg\u0131lar, yanl\u0131\u015f bilgiler ve cinsel mitlerle olu\u015fan cinsel tabular\u0131n \u00f6rd\u00fc\u011f\u00fc duvar, \u00e7o\u011fu ki\u015finin cinselli\u011fi bir hak olarak zevkle ya\u015famas\u0131n\u0131n \u00f6n\u00fcndeki engeldir. Bu engeli ortadan kald\u0131racak tek g\u00fc\u00e7 do\u011fru bilgidir. Bu kitap, biyolojik cinsiyeti, cinsel kimli\u011fi, cinsel y\u00f6nelimi, toplumsal cinsiyet rolleri ve ya\u015f\u0131 ne olursa olsun herkesin utan\u00e7 ve su\u00e7luluk duymadan arzu etti\u011fi cinselli\u011fi ya\u015famas\u0131n\u0131 ve hak etti\u011fi hazz\u0131 elde etmesini sa\u011flayacak MetaSeks Cinsel Terapi teknikleriyle g\u00fczel sevi\u015fme sanat\u0131n\u0131n inceliklerini ve kadim seks s\u0131rlar\u0131n\u0131 a\u00e7\u0131kl\u0131yor. Psikoterapist &amp; Yazar &amp; E\u011fitmen Dr. Cem KE\u00c7E www.cemkece.com.tr     YA\u015eAM BOYU MUTLU C\u0130NSELL\u0130\u011e\u0130N KILAVUZU\u2026 IICPI T\u00fcrkiye E\u015fba\u015fkan\u0131 Psikoterapist Dr. Cem Ke\u00e7e\u2019nin, cinsel terapiye entegratif bir bak\u0131\u015f a\u00e7\u0131s\u0131 getirerek geli\u015ftirdi\u011fi MetaSeks Cinsel Terapi teknikleriyle ya\u015fam boyu mutlu cinselli\u011fin nas\u0131l s\u00fcrd\u00fcr\u00fclece\u011finin anlat\u0131ld\u0131\u011f\u0131, cinsel terapi e\u011fitimlerimizde de ders kitab\u0131 olarak kulland\u0131\u011f\u0131m\u0131z bu \u00f6nemli kaynak, hem dan\u0131\u015fanlara sa\u011fl\u0131kl\u0131 bir cinsel ya\u015fam i\u00e7in rehberlik edecek hem de dan\u0131\u015fanlar\u0131n\u0131n cinsel sorunlar\u0131na etkili ve kal\u0131c\u0131 \u00e7\u00f6z\u00fcmler sa\u011flamak i\u00e7in bu alanda \u00e7al\u0131\u015fan uzmanlar\u0131n vazge\u00e7emeyece\u011fi bir k\u0131lavuz olacakt\u0131r. B\u00fct\u00fcnc\u00fcl seks, bilin\u00e7li seks, a\u00e7\u0131lma, teslimiyet, sa\u011fduyu, \u0131l\u0131ml\u0131l\u0131k, samimiyet gibi kavramlar\u0131, sekste neyin ne zaman, nerede yap\u0131laca\u011f\u0131na dair kadim s\u0131rlar\u0131, haz almay\u0131 oldu\u011fu kadar haz vermeyi de, hazz\u0131 b\u00f6l\u00fc\u015fmeyi kadar hazz\u0131 payla\u015fmay\u0131 da, tutkuyla sevi\u015fmeyi oldu\u011fu kadar \u201cB\u0130R\u201d olmay\u0131 da esas alan, say\u0131s\u0131z inceliklerle hazz\u0131 doruklara ta\u015f\u0131man\u0131n \u00f6nemine vurgu yapan bu kitap bir bilgelik \u00f6\u011fretisidir. Uluslararas\u0131 Entegratif Kognitif Psikoterapi Enstit\u00fcs\u00fc (IICPI) www.iicpi.org   C\u0130NSELL\u0130\u011e\u0130N\u0130Z\u0130 HER Y\u00d6N\u00dcYLE KE\u015eFED\u0130N\u2026 C\u0130SEF Ba\u015fkan\u0131 Dr. Cem KE\u00c7E ve C\u0130SED Genel Ba\u015fkan\u0131 Dr. Fatma CO\u015eAR taraf\u0131ndan kaleme al\u0131nan ve cinselli\u011fin kadim s\u0131rlar\u0131n\u0131n yan\u0131 s\u0131ra, g\u00fczel sevi\u015fme sanat\u0131n\u0131n bilinmeyen y\u00f6nlerinin anlat\u0131ld\u0131\u011f\u0131 bu kitap; okurlar\u0131n kendi cinselliklerini her y\u00f6n\u00fcyle ke\u015ffetmelerine destek olacak, bu ke\u015fifler sayesinde bilinmezlikler, eksik ve yanl\u0131\u015f bilgilerle g\u00f6lgelenmi\u015f cinsel ya\u015famlar\u0131n\u0131n bilginin parlak \u0131\u015f\u0131\u011f\u0131yla ayd\u0131nlanmas\u0131na yard\u0131m edecek, g\u00fcn\u00fcm\u00fcz insan\u0131n\u0131n \u015fip\u015fak\u00e7\u0131 ve pornografik sevi\u015fme d\u00fczeyinin \u00fcst\u00fcne \u00e7\u0131kmas\u0131n\u0131 sa\u011flayacak, bo\u015falma denetimi, \u00f6nsevi\u015fme, sevi\u015fme ve sonsevi\u015fme bi\u00e7imleri, cinsel g\u00fc\u00e7s\u00fczl\u00fc\u011f\u00fcn yenilgiye u\u011frat\u0131lmas\u0131, b\u00fct\u00fcnc\u00fcl seks, sa\u011fl\u0131kl\u0131 ve mutlu cinsel ya\u015fam konular\u0131n\u0131 \u00f6\u011frenme f\u0131rsat\u0131n\u0131 sunacak \u00e7ok de\u011ferli bir kaynakt\u0131r. Cinsel Sa\u011fl\u0131k Dernekleri Federasyonu (C\u0130SEF) www.cisef.org.tr <\/p>\n","protected":false},"excerpt":{"rendered":"<p>G\u00dcZEL SEV\u0130\u015eME SANATININ \u0130NCEL\u0130KLER\u0130N\u0130 VE KAD\u0130M SEKS SIRLARINI \u00d6\u011eREN\u0130N\u2026 Her insan sa\u011fl\u0131kl\u0131, doyumlu ve mutlu bir cinsel ya\u015fam\u0131 hak eder. Ancak sosyok\u00fclt\u00fcrel yarg\u0131lar, yanl\u0131\u015f bilgiler ve<span class=\"excerpt-hellip\"> [\u2026]<\/span><\/p>\n","protected":false},"featured_media":0,"template":"","meta":{"_monsterinsights_skip_tracking":false,"_monsterinsights_sitenote_active":false,"_monsterinsights_sitenote_note":"","_monsterinsights_sitenote_category":0},"product_brand":[],"product_cat":[35288,13365],"product_tag":[],"class_list":{"0":"post-744417","1":"product","2":"type-product","3":"status-publish","5":"product_cat-cinsellik-saglik","6":"product_cat-saglik","7":"pa_cilt-ciltsiz","8":"pa_tur-kitap","9":"pa_yayinevi-pusula-yayinevi-ankara","10":"pa_yazar-cem-kece-fatma-cosar","12":"first","13":"instock","14":"sale","15":"shipping-taxable","16":"purchasable","17":"product-type-simple"},"_links":{"self":[{"href":"https:\/\/roveyayinevi.com.tr\/index.php\/wp-json\/wp\/v2\/product\/744417","targetHints":{"allow":["GET"]}}],"collection":[{"href":"https:\/\/roveyayinevi.com.tr\/index.php\/wp-json\/wp\/v2\/product"}],"about":[{"href":"https:\/\/roveyayinevi.com.tr\/index.php\/wp-json\/wp\/v2\/types\/product"}],"wp:attachment":[{"href":"https:\/\/roveyayinevi.com.tr\/index.php\/wp-json\/wp\/v2\/media?parent=744417"}],"wp:term":[{"taxonomy":"product_brand","embeddable":true,"href":"https:\/\/roveyayinevi.com.tr\/index.php\/wp-json\/wp\/v2\/product_brand?post=744417"},{"taxonomy":"product_cat","embeddable":true,"href":"https:\/\/roveyayinevi.com.tr\/index.php\/wp-json\/wp\/v2\/product_cat?post=744417"},{"taxonomy":"product_tag","embeddable":true,"href":"https:\/\/roveyayinevi.com.tr\/index.php\/wp-json\/wp\/v2\/product_tag?post=744417"}],"curies":[{"name":"wp","href":"https:\/\/api.w.org\/{rel}","templated":true}]}}