{"id":744413,"date":"2025-08-28T01:56:22","date_gmt":"2025-08-27T22:56:22","guid":{"rendered":"https:\/\/roveyayinevi.com.tr\/index.php\/urun\/hayat-olum-ask-ve-adalet-life-death-love-and-justice\/"},"modified":"2026-04-16T02:56:29","modified_gmt":"2026-04-15T23:56:29","slug":"hayat-olum-ask-ve-adalet-life-death-love-and-justice","status":"publish","type":"product","link":"https:\/\/roveyayinevi.com.tr\/index.php\/urun\/hayat-olum-ask-ve-adalet-life-death-love-and-justice\/","title":{"rendered":"Hayat, \u00d6l\u00fcm, A\u015fk ve Adalet\/Life, Death, Love and Justice"},"content":{"rendered":"<p>Didem Yaz\u0131c\u0131 ve Peter Sit k\u00fcrat\u00f6rl\u00fc\u011f\u00fcnde Yap\u0131 Kredi K\u00fclt\u00fcr Sanat taraf\u0131ndan 15 Eyl\u00fcl 2022 \u2013 2 Ocak 2023 tarihleri aras\u0131nda d\u00fczenlenen \u201cHayat, \u00d6l\u00fcm, A\u015fk ve Adalet\u201d segisindeki eserleri ve k\u00fcrat\u00f6ryel yakla\u015f\u0131m\u0131 derinlemesine inceleme \u015fans\u0131 sunan bu kitap, g\u00fcncel sanat\u0131n a\u00e7t\u0131\u011f\u0131 tart\u0131\u015fmalara yeni yakla\u015f\u0131mlarla bak\u0131yor. Kitapta Didem Yaz\u0131c\u0131\u2019n\u0131n metinlerine Banu Karaca\u2019n\u0131n makalesi e\u015flik ediyor.Hayat, \u00d6l\u00fcm, A\u015fk ve Adalet, bu d\u00f6rt kavram\u0131n hayat\u0131m\u0131zdaki k\u00f6kl\u00fc yeri \u00fczerine d\u00fc\u015f\u00fcnmek isteyenlere\u2026This book provides an opportunity to look at the discussions that were started by contemporary art with a new approach as it offers a chance to examine the works and the curatorial approach of the exhibition \u201cLife, Death, Love and Justice\u201d \u2013curated by Didem Yaz\u0131c\u0131 and Peter Sit organized by Yap\u0131 Kredi Culture Arts and Publishing between September 15, 2022 and January 2, \u2013. Didem Yazac\u0131\u2019s texts are accompanied by Banu Karaca\u2019s article.Life, Death, Love and Justice is for those who want to think about the deep rooted place these four concepts have in our lives\u2026<\/p>\n","protected":false},"excerpt":{"rendered":"<p>Didem Yaz\u0131c\u0131 ve Peter Sit k\u00fcrat\u00f6rl\u00fc\u011f\u00fcnde Yap\u0131 Kredi K\u00fclt\u00fcr Sanat taraf\u0131ndan 15 Eyl\u00fcl 2022 \u2013 2 Ocak 2023 tarihleri aras\u0131nda d\u00fczenlenen \u201cHayat, \u00d6l\u00fcm, A\u015fk ve Adalet\u201d<span class=\"excerpt-hellip\"> [\u2026]<\/span><\/p>\n","protected":false},"featured_media":0,"template":"","meta":{"_monsterinsights_skip_tracking":false,"_monsterinsights_sitenote_active":false,"_monsterinsights_sitenote_note":"","_monsterinsights_sitenote_category":0},"product_brand":[],"product_cat":[12291,104362],"product_tag":[],"class_list":{"0":"post-744413","1":"product","2":"type-product","3":"status-publish","5":"product_cat-edebiyat","6":"product_cat-makale","7":"pa_cilt-ciltsiz","8":"pa_tur-kitap","9":"pa_yayinevi-yapi-kredi-yayinlari","10":"pa_yazar-kolektif","12":"first","13":"instock","14":"sale","15":"shipping-taxable","16":"purchasable","17":"product-type-simple"},"_links":{"self":[{"href":"https:\/\/roveyayinevi.com.tr\/index.php\/wp-json\/wp\/v2\/product\/744413","targetHints":{"allow":["GET"]}}],"collection":[{"href":"https:\/\/roveyayinevi.com.tr\/index.php\/wp-json\/wp\/v2\/product"}],"about":[{"href":"https:\/\/roveyayinevi.com.tr\/index.php\/wp-json\/wp\/v2\/types\/product"}],"wp:attachment":[{"href":"https:\/\/roveyayinevi.com.tr\/index.php\/wp-json\/wp\/v2\/media?parent=744413"}],"wp:term":[{"taxonomy":"product_brand","embeddable":true,"href":"https:\/\/roveyayinevi.com.tr\/index.php\/wp-json\/wp\/v2\/product_brand?post=744413"},{"taxonomy":"product_cat","embeddable":true,"href":"https:\/\/roveyayinevi.com.tr\/index.php\/wp-json\/wp\/v2\/product_cat?post=744413"},{"taxonomy":"product_tag","embeddable":true,"href":"https:\/\/roveyayinevi.com.tr\/index.php\/wp-json\/wp\/v2\/product_tag?post=744413"}],"curies":[{"name":"wp","href":"https:\/\/api.w.org\/{rel}","templated":true}]}}