{"id":744412,"date":"2025-08-28T01:56:21","date_gmt":"2025-08-27T22:56:21","guid":{"rendered":"https:\/\/roveyayinevi.com.tr\/index.php\/urun\/cogito-107-hinc\/"},"modified":"2026-04-16T02:56:29","modified_gmt":"2026-04-15T23:56:29","slug":"cogito-107-hinc","status":"publish","type":"product","link":"https:\/\/roveyayinevi.com.tr\/index.php\/urun\/cogito-107-hinc\/","title":{"rendered":"Cogito 107: H\u0131n\u00e7"},"content":{"rendered":"<p>3 ayl\u0131k d\u00fc\u015f\u00fcnce dergisi cogito, G\u00fcz 2022 say\u0131s\u0131nda \u201cH\u0131n\u00e7\u201d olgusunu ele al\u0131yor.   G\u00fcvencesizli\u011fin otoriteryanizmi, ayr\u0131mc\u0131l\u0131\u011f\u0131 ve nefret s\u00f6ylemlerini t\u0131rmand\u0131rd\u0131\u011f\u0131, kitlelerin \u00f6fke ve hiddetinin manip\u00fcle edilerek icat edilmi\u015f\u0327 \u201cd\u00fc\u015fmanlara\u201d y\u00f6neltildi\u011fi ve farkl\u0131l\u0131\u011fa duyulan h\u0131nc\u0131n \u00f6tekileri cezaland\u0131rma yolundaki g\u00fcd\u00fcleri canland\u0131rd\u0131\u011f\u0131 bir d\u00f6nemden ge\u00e7iyoruz. Bir yandan da, neoliberalizmin nihilizmle kesi\u015fti\u011fi, hak ve adalet taleplerinin politik do\u011fruculuk yaftas\u0131 yap\u0131\u015ft\u0131r\u0131larak de\u011fersizle\u015ftirildi\u011fi bu d\u00f6neme\u00e7te  bireysel ve toplumsal \u00f6zg\u00fcrle\u015fme ba\u011flam\u0131nda &#8220;h\u0131n\u00e7&#8221; olgusuna odaklanan yaz\u0131lardan olu\u015fuyor H\u0131n\u00e7 dosyas\u0131.   Bu say\u0131n\u0131n Odak b\u00f6l\u00fcm\u00fcnde, 2012\u2019de kurdu\u011fu Crip Magazine\u2019in 5. say\u0131s\u0131 17. \u0130stanbul Bienali kapsam\u0131nda yay\u0131mlayan Eva Egermann\u2019la i\u015fbirli\u011fi i\u00e7inde haz\u0131rlanm\u0131\u015f Sakatl\u0131k S\u00f6ylemleri var. Engelsiz, \u201csa\u011fl\u0131kl\u0131\u201d bedenin norm kabul edildi\u011fi toplumda, keder ve ac\u0131ma \u00fcreten \u201cengelli\u201d teriminin aksine g\u00fc\u00e7lendirici ve \u00f6zg\u00fcrle\u015ftirici olan \u201csakatl\u0131k\u201d kavram\u0131 ve sakatl\u0131k s\u00f6ylemleri \u00fczerinden k\u00fclt\u00fcrel temsillerde, sanatta ve d\u00fc\u015f\u00fcncede yeni alanlar a\u00e7ma \u00e7abas\u0131 ara\u015ft\u0131r\u0131l\u0131yor bu b\u00f6l\u00fcmde. Cogito\u2019dan \u2022 H\u0131n\u00e7 ve \u00d6zg\u00fcrl\u00fck \u0130brahim Eylem Do\u011fan \u2022 Nietzsche, H\u0131n\u00e7 ve Tinsel Yazg\u0131 Michael Ure \u2022 H\u0131n\u00e7\/Ressentiment H\u00fcseyin Deniz \u00d6zcan \u2022 H\u0131nc\u0131n Tarihi: Nietzsche \u0130sa\u2019ya Kar\u015f\u0131 Wendy Brown \u2022 \u0130ncinmi\u015f Ba\u011fl\u0131l\u0131klar Sjoerd van Tuinen \u2022 H\u0131n\u00e7-Ressentiment Kompleksi: Liberal S\u00f6ylemin Ele\u015ftirisi Saul Newman \u2022 H\u0131n\u00e7 Siyaseti ve G\u00f6n\u00fcll\u00fc K\u00f6lelik Sorunu Rahel Jaeggi \u2022 Gerileme Tarzlar\u0131: H\u0131n\u00e7 Vakas\u0131 Marguerite La Caze \u2022 Haset ve H\u0131n\u00e7 Selen Erdo\u011fan \u2022 G\u00f6lgeler \u00c7ekildi\u011finde Aynalar\u0131n Serinli\u011finde Odak: Sakatl\u0131k S\u00f6ylemleri Doris Arztmann ve Eva Egermann \u2022 S\u00f6yle\u015fi: S\u0131n\u0131fta Siborglar Var: Beden Heteroglossia\u2019s\u0131 ve Sanat E\u011fitimindeki Kirli Bilgi i\u00e7in Sakat Materyaller Shelly L. Tremain \u2022 Felsefe ve Sakatl\u0131k Dispozitifi Lennard Davis \u2022 Pandemi Zaman\u0131nda Biyoiktidar\u0131n Derin Yap\u0131s\u0131 G\u00f6zler \u00d6n\u00fcne Serilir Pelin Tan, Aly Patsavas ve Eva Egermann \u2022 S\u00f6yle\u015fi: Zihnim Yerinde Durmuyor: Ar\u015fivleme, a\u011fr\u0131, toplumsal hareketler ve sakat tan\u0131kl\u0131\u011f\u0131 \u00fczerine bir sohbet Jonah Garde \u2022 Olu\u015f Zamansall\u0131klar\u0131 Trans(krono)normativite ve Hayali Hormon Zaman\u0131 <\/p>\n","protected":false},"excerpt":{"rendered":"<p>3 ayl\u0131k d\u00fc\u015f\u00fcnce dergisi cogito, G\u00fcz 2022 say\u0131s\u0131nda \u201cH\u0131n\u00e7\u201d olgusunu ele al\u0131yor. G\u00fcvencesizli\u011fin otoriteryanizmi, ayr\u0131mc\u0131l\u0131\u011f\u0131 ve nefret s\u00f6ylemlerini t\u0131rmand\u0131rd\u0131\u011f\u0131, kitlelerin \u00f6fke ve hiddetinin manip\u00fcle edilerek icat<span class=\"excerpt-hellip\"> [\u2026]<\/span><\/p>\n","protected":false},"featured_media":0,"template":"","meta":{"_monsterinsights_skip_tracking":false,"_monsterinsights_sitenote_active":false,"_monsterinsights_sitenote_note":"","_monsterinsights_sitenote_category":0},"product_brand":[],"product_cat":[19460,13527],"product_tag":[],"class_list":{"0":"post-744412","1":"product","2":"type-product","3":"status-publish","5":"product_cat-felsefe-sureli-yayinlar","6":"product_cat-sureli-yayinlar","7":"pa_cilt-ciltsiz","8":"pa_tur-dergi","9":"pa_yayinevi-yapi-kredi-yayinlari-dergi","10":"pa_yazar-kolektif","12":"first","13":"instock","14":"sale","15":"shipping-taxable","16":"purchasable","17":"product-type-simple"},"_links":{"self":[{"href":"https:\/\/roveyayinevi.com.tr\/index.php\/wp-json\/wp\/v2\/product\/744412","targetHints":{"allow":["GET"]}}],"collection":[{"href":"https:\/\/roveyayinevi.com.tr\/index.php\/wp-json\/wp\/v2\/product"}],"about":[{"href":"https:\/\/roveyayinevi.com.tr\/index.php\/wp-json\/wp\/v2\/types\/product"}],"wp:attachment":[{"href":"https:\/\/roveyayinevi.com.tr\/index.php\/wp-json\/wp\/v2\/media?parent=744412"}],"wp:term":[{"taxonomy":"product_brand","embeddable":true,"href":"https:\/\/roveyayinevi.com.tr\/index.php\/wp-json\/wp\/v2\/product_brand?post=744412"},{"taxonomy":"product_cat","embeddable":true,"href":"https:\/\/roveyayinevi.com.tr\/index.php\/wp-json\/wp\/v2\/product_cat?post=744412"},{"taxonomy":"product_tag","embeddable":true,"href":"https:\/\/roveyayinevi.com.tr\/index.php\/wp-json\/wp\/v2\/product_tag?post=744412"}],"curies":[{"name":"wp","href":"https:\/\/api.w.org\/{rel}","templated":true}]}}