{"id":744411,"date":"2025-08-28T01:56:19","date_gmt":"2025-08-27T22:56:19","guid":{"rendered":"https:\/\/roveyayinevi.com.tr\/index.php\/urun\/kadinesk\/"},"modified":"2026-04-01T03:00:58","modified_gmt":"2026-04-01T00:00:58","slug":"kadinesk","status":"publish","type":"product","link":"https:\/\/roveyayinevi.com.tr\/index.php\/urun\/kadinesk\/","title":{"rendered":"Kad\u0131nesk"},"content":{"rendered":"<p>L\u00e2le M\u00fcld\u00fcr\u2019\u00fcn \u015fiirleriyle Ercan Arslan\u2019\u0131n resimlerinden olu\u015fan Kad\u0131nesk Yap\u0131 Kredi Yay\u0131nlar\u0131 \u015fiir dizisinden \u00e7\u0131kt\u0131.   Kad\u0131nesk ad\u0131yla yay\u0131mlanan kitaptaki \u015fiirler L\u00e2le M\u00fcld\u00fcr\u2019\u00fcn 2016 bahar\u0131nda Berlin\u2019de Ercan Arslan ile kar\u015f\u0131la\u015fmas\u0131ndan bir g\u00fcn sonra, ressam\u0131n at\u00f6lyesinde ge\u00e7en gecelerde yaz\u0131lm\u0131\u015f.   L\u00e2le M\u00fcld\u00fcr, sunu yaz\u0131s\u0131nda \u015fiir-resim bulu\u015fmas\u0131n\u0131 \u015f\u00f6yle de\u011ferlendiriyor: \u201c\u015eiir ve resim ba\u015fka bir \u015fey. Kendinin binlerce mil \u00f6tesine gidebiliyorsun. Bu resimlerde, t\u0131pk\u0131 iyi m\u00fczi\u011fin tan\u0131m\u0131nda oldu\u011fu gibi, ayn\u0131 zaman\u0131n i\u00e7inde tekrar eden bir ritim var. B\u00fct\u00fcn et\u00fct boyunca bu m\u00fczi\u011fin i\u00e7inde gidip geliyor, sallan\u0131yordum. Ercan Arslan\u2019\u0131n resimlerindeki ritmi yakalay\u0131p m\u00fczi\u011finde gezindi\u011fimde ayn\u0131 yalpalanma duygusuna kap\u0131l\u0131yordum. Bir m\u00fczi\u011fi devreder gibiydim. Y\u0131ld\u0131zella burada i\u015fte.\u201d <\/p>\n","protected":false},"excerpt":{"rendered":"<p>L\u00e2le M\u00fcld\u00fcr\u2019\u00fcn \u015fiirleriyle Ercan Arslan\u2019\u0131n resimlerinden olu\u015fan Kad\u0131nesk Yap\u0131 Kredi Yay\u0131nlar\u0131 \u015fiir dizisinden \u00e7\u0131kt\u0131. Kad\u0131nesk ad\u0131yla yay\u0131mlanan kitaptaki \u015fiirler L\u00e2le M\u00fcld\u00fcr\u2019\u00fcn 2016 bahar\u0131nda Berlin\u2019de Ercan Arslan<span class=\"excerpt-hellip\"> [\u2026]<\/span><\/p>\n","protected":false},"featured_media":0,"template":"","meta":{"_monsterinsights_skip_tracking":false,"_monsterinsights_sitenote_active":false,"_monsterinsights_sitenote_note":"","_monsterinsights_sitenote_category":0},"product_brand":[],"product_cat":[12291,12509],"product_tag":[],"class_list":{"0":"post-744411","1":"product","2":"type-product","3":"status-publish","5":"product_cat-edebiyat","6":"product_cat-siir","7":"pa_cilt-ciltsiz","8":"pa_tur-kitap","9":"pa_yayinevi-yapi-kredi-yayinlari","10":"pa_yazar-lale-muldur","12":"first","13":"instock","14":"sale","15":"shipping-taxable","16":"purchasable","17":"product-type-simple"},"_links":{"self":[{"href":"https:\/\/roveyayinevi.com.tr\/index.php\/wp-json\/wp\/v2\/product\/744411","targetHints":{"allow":["GET"]}}],"collection":[{"href":"https:\/\/roveyayinevi.com.tr\/index.php\/wp-json\/wp\/v2\/product"}],"about":[{"href":"https:\/\/roveyayinevi.com.tr\/index.php\/wp-json\/wp\/v2\/types\/product"}],"wp:attachment":[{"href":"https:\/\/roveyayinevi.com.tr\/index.php\/wp-json\/wp\/v2\/media?parent=744411"}],"wp:term":[{"taxonomy":"product_brand","embeddable":true,"href":"https:\/\/roveyayinevi.com.tr\/index.php\/wp-json\/wp\/v2\/product_brand?post=744411"},{"taxonomy":"product_cat","embeddable":true,"href":"https:\/\/roveyayinevi.com.tr\/index.php\/wp-json\/wp\/v2\/product_cat?post=744411"},{"taxonomy":"product_tag","embeddable":true,"href":"https:\/\/roveyayinevi.com.tr\/index.php\/wp-json\/wp\/v2\/product_tag?post=744411"}],"curies":[{"name":"wp","href":"https:\/\/api.w.org\/{rel}","templated":true}]}}