{"id":744410,"date":"2025-08-28T01:56:19","date_gmt":"2025-08-27T22:56:19","guid":{"rendered":"https:\/\/roveyayinevi.com.tr\/index.php\/urun\/benim-bedenim-efsanevi-feminist-yeralti-kurtaj-servisi-janein-hikayesi\/"},"modified":"2026-04-16T02:56:29","modified_gmt":"2026-04-15T23:56:29","slug":"benim-bedenim-efsanevi-feminist-yeralti-kurtaj-servisi-janein-hikayesi","status":"publish","type":"product","link":"https:\/\/roveyayinevi.com.tr\/index.php\/urun\/benim-bedenim-efsanevi-feminist-yeralti-kurtaj-servisi-janein-hikayesi\/","title":{"rendered":"Benim Bedenim: Efsanevi Feminist Yeralt\u0131 K\u00fcrtaj Servisi Jane\u2019in Hik\u00e2yesi"},"content":{"rendered":"<p>\u201cBu giri\u015fim bizim zihnimizi de\u011fi\u015ftirdi; bize bir \u015feyi istemenin yeterli olmad\u0131\u011f\u0131n\u0131, onu elde etmek i\u00e7in bizzat harekete ge\u00e7memiz gerekti\u011fini g\u00f6sterdi\u2026 Toplumsal de\u011fi\u015fimin, liderler ve kahramanlar taraf\u0131ndan bah\u015fedilen bir hediye de\u011fil, aksine birlikte \u00e7al\u0131\u015fan s\u0131radan insanlar\u0131n ger\u00e7ekle\u015ftirdi\u011fi bir \u015fey oldu\u011funu anlamam\u0131z\u0131 sa\u011flad\u0131.\u201dw1960\u2019lar\u0131n sonu. Hak ve \u00f6zg\u00fcrl\u00fck m\u00fccadelelerinin en hareketli g\u00fcnleri. Kad\u0131nlar, \u00f6\u011frenciler, siyahlar, k\u0131sacas\u0131 toplumun her kesiminden insan \u00e7e\u015fitli organizasyonlarda g\u00f6rev al\u0131p \u00f6nemli g\u00f6rd\u00fc\u011f\u00fc bir sorunun \u00e7\u00f6z\u00fcm\u00fcne katk\u0131 sunmaya \u00e7al\u0131\u015f\u0131yor. Bu meselelerden biri de k\u00fcrtaj, zira \u00e7o\u011fu kad\u0131n toplumsal, ekonomik ve hukuki sebeplerden \u00f6t\u00fcr\u00fc g\u00fcvenli k\u00fcrtaja eri\u015fim sa\u011flayam\u0131yor. Benim Bedenim, b\u00f6yle bir ortamda, kad\u0131nlar\u0131n bu ihtiyac\u0131n\u0131 gidermek \u00fczere bir araya gelen bir grup s\u0131radan kad\u0131n\u0131n kurdu\u011fu efsanevi feminist yeralt\u0131 k\u00fcrtaj servisi Jane\u2019in hik\u00e2yesini anlat\u0131yor. Kad\u0131nlar\u0131n en temel \u00f6zg\u00fcrl\u00fc\u011f\u00fc kendi bedenleri \u00fczerindeki tasarruf hakk\u0131d\u0131r \u015fiar\u0131yla 1969\u2019da, k\u00fcrtaj yasaklar\u0131n\u0131n h\u00e2l\u00e2 h\u00fck\u00fcm s\u00fcrd\u00fc\u011f\u00fc g\u00fcnlerde kurulan ve yasal k\u00fcrtaj kliniklerinin a\u00e7\u0131ld\u0131\u011f\u0131 1973\u2019e dek faaliyet g\u00f6steren Jane, bu d\u00f6rt y\u0131ll\u0131k s\u00fcre zarf\u0131nda on binden fazla kad\u0131na k\u00fcrtaj dan\u0131\u015fmanl\u0131\u011f\u0131 yapm\u0131\u015f, kendisine ba\u015fvuranlar\u0131n g\u00fcvenilir ko\u015fullarda ve y\u00fcksek mebla\u011flar \u00f6demeden k\u00fcrtaj olmalar\u0131n\u0131 sa\u011flam\u0131\u015ft\u0131r.Bu kitapta kad\u0131nlar kendi hik\u00e2yelerini anlat\u0131yorlar. Bir \u015feylerin de\u011fi\u015fmesi gerekti\u011fini g\u00f6r\u00fcp harekete ge\u00e7en, ba\u015fka kad\u0131nlara yard\u0131mc\u0131 olmak i\u00e7in kanunlar\u0131 hi\u00e7e saymay\u0131 g\u00f6ze alan s\u0131radan kad\u0131nlar&#8230;<\/p>\n","protected":false},"excerpt":{"rendered":"<p>\u201cBu giri\u015fim bizim zihnimizi de\u011fi\u015ftirdi; bize bir \u015feyi istemenin yeterli olmad\u0131\u011f\u0131n\u0131, onu elde etmek i\u00e7in bizzat harekete ge\u00e7memiz gerekti\u011fini g\u00f6sterdi\u2026 Toplumsal de\u011fi\u015fimin, liderler ve kahramanlar taraf\u0131ndan<span class=\"excerpt-hellip\"> [\u2026]<\/span><\/p>\n","protected":false},"featured_media":0,"template":"","meta":{"_monsterinsights_skip_tracking":false,"_monsterinsights_sitenote_active":false,"_monsterinsights_sitenote_note":"","_monsterinsights_sitenote_category":0},"product_brand":[],"product_cat":[14787,13488],"product_tag":[],"class_list":{"0":"post-744410","1":"product","2":"type-product","3":"status-publish","5":"product_cat-diger-toplum-ve-insan","6":"product_cat-toplum-ve-insan","7":"pa_cilt-ciltsiz","8":"pa_tur-kitap","9":"pa_yayinevi-minotor-kitap","10":"pa_yazar-laura-kaplan","12":"first","13":"instock","14":"sale","15":"shipping-taxable","16":"purchasable","17":"product-type-simple"},"_links":{"self":[{"href":"https:\/\/roveyayinevi.com.tr\/index.php\/wp-json\/wp\/v2\/product\/744410","targetHints":{"allow":["GET"]}}],"collection":[{"href":"https:\/\/roveyayinevi.com.tr\/index.php\/wp-json\/wp\/v2\/product"}],"about":[{"href":"https:\/\/roveyayinevi.com.tr\/index.php\/wp-json\/wp\/v2\/types\/product"}],"wp:attachment":[{"href":"https:\/\/roveyayinevi.com.tr\/index.php\/wp-json\/wp\/v2\/media?parent=744410"}],"wp:term":[{"taxonomy":"product_brand","embeddable":true,"href":"https:\/\/roveyayinevi.com.tr\/index.php\/wp-json\/wp\/v2\/product_brand?post=744410"},{"taxonomy":"product_cat","embeddable":true,"href":"https:\/\/roveyayinevi.com.tr\/index.php\/wp-json\/wp\/v2\/product_cat?post=744410"},{"taxonomy":"product_tag","embeddable":true,"href":"https:\/\/roveyayinevi.com.tr\/index.php\/wp-json\/wp\/v2\/product_tag?post=744410"}],"curies":[{"name":"wp","href":"https:\/\/api.w.org\/{rel}","templated":true}]}}