{"id":744409,"date":"2025-08-28T01:56:18","date_gmt":"2025-08-27T22:56:18","guid":{"rendered":"https:\/\/roveyayinevi.com.tr\/index.php\/urun\/meraklisina-toplumsal-cinsiyetler\/"},"modified":"2026-04-16T02:56:29","modified_gmt":"2026-04-15T23:56:29","slug":"meraklisina-toplumsal-cinsiyetler","status":"publish","type":"product","link":"https:\/\/roveyayinevi.com.tr\/index.php\/urun\/meraklisina-toplumsal-cinsiyetler\/","title":{"rendered":"Merakl\u0131s\u0131na Toplumsal Cinsiyet(ler)"},"content":{"rendered":"<p>Merakl\u0131s\u0131na Toplumsal Cinsiyet(ler), hem b\u00fcy\u00fcleyen hem uzun bir ge\u00e7mi\u015fin y\u00fck\u00fcn\u00fc s\u0131rt\u0131nda ta\u015f\u0131yan hem de biteviye \u015fekil de\u011fi\u015ftiren bir meseleyi, toplumsal cinsiyet meselesini ele al\u0131yor. Toplumsal cinsiyeti ayr\u0131ca biyolojinin o kendine has y\u00f6ntemleriyle de inceleyerek, giyim-ku\u015fam, dil ve i\u015fg\u00fcc\u00fcyle toplumsal cinsiyeti tahkim etmeye y\u00f6nelik giri\u015fimleri de g\u00f6zler \u00f6n\u00fcne seriyor.Irk ve paran\u0131n herkesin toplumsal cinsiyetini nas\u0131l b\u00fcy\u00fck oranda \u015fekillendirdi\u011fini bilimsel ger\u00e7eklere dayanarak anlat\u0131rken, oyuncak bebeklerden cinsiyet a\u00e7\u0131klama partilerine, Jane Austen ve Lil Nas X\u2019ten kad\u0131n \u00fcniversitelerine kadar pek \u00e7ok konuya de\u011finiyor.\u201cKar\u015f\u0131 cinsiyet nedir ki? E\u011fer b\u00f6yle bir kar\u015f\u0131tl\u0131k s\u00f6z konusu de\u011filse o zaman toplumsal cinsiyetin temelini olu\u015fturan kad\u0131n\/erkek ikili\u011fi ortadan kalkm\u0131\u015f olmaz m\u0131?\u201d sorusuna yan\u0131t arayan bu kitap, toplumsal cinsiyetin bug\u00fcn i\u00e7inde bulundu\u011fumuz konuma nas\u0131l ta\u015f\u0131nd\u0131\u011f\u0131n\u0131 anlamak isteyen herkes i\u00e7in bir rehber niteli\u011finde.<\/p>\n","protected":false},"excerpt":{"rendered":"<p>Merakl\u0131s\u0131na Toplumsal Cinsiyet(ler), hem b\u00fcy\u00fcleyen hem uzun bir ge\u00e7mi\u015fin y\u00fck\u00fcn\u00fc s\u0131rt\u0131nda ta\u015f\u0131yan hem de biteviye \u015fekil de\u011fi\u015ftiren bir meseleyi, toplumsal cinsiyet meselesini ele al\u0131yor. Toplumsal cinsiyeti<span class=\"excerpt-hellip\"> [\u2026]<\/span><\/p>\n","protected":false},"featured_media":0,"template":"","meta":{"_monsterinsights_skip_tracking":false,"_monsterinsights_sitenote_active":false,"_monsterinsights_sitenote_note":"","_monsterinsights_sitenote_category":0},"product_brand":[],"product_cat":[26396,13488],"product_tag":[],"class_list":{"0":"post-744409","1":"product","2":"type-product","3":"status-publish","5":"product_cat-kadin-erkek-iliskileri","6":"product_cat-toplum-ve-insan","7":"pa_cilt-ciltsiz","8":"pa_tur-kitap","9":"pa_yayinevi-nova-kitap","10":"pa_yazar-kathryn-bond-stockton","12":"first","13":"instock","14":"sale","15":"shipping-taxable","16":"purchasable","17":"product-type-simple"},"_links":{"self":[{"href":"https:\/\/roveyayinevi.com.tr\/index.php\/wp-json\/wp\/v2\/product\/744409","targetHints":{"allow":["GET"]}}],"collection":[{"href":"https:\/\/roveyayinevi.com.tr\/index.php\/wp-json\/wp\/v2\/product"}],"about":[{"href":"https:\/\/roveyayinevi.com.tr\/index.php\/wp-json\/wp\/v2\/types\/product"}],"wp:attachment":[{"href":"https:\/\/roveyayinevi.com.tr\/index.php\/wp-json\/wp\/v2\/media?parent=744409"}],"wp:term":[{"taxonomy":"product_brand","embeddable":true,"href":"https:\/\/roveyayinevi.com.tr\/index.php\/wp-json\/wp\/v2\/product_brand?post=744409"},{"taxonomy":"product_cat","embeddable":true,"href":"https:\/\/roveyayinevi.com.tr\/index.php\/wp-json\/wp\/v2\/product_cat?post=744409"},{"taxonomy":"product_tag","embeddable":true,"href":"https:\/\/roveyayinevi.com.tr\/index.php\/wp-json\/wp\/v2\/product_tag?post=744409"}],"curies":[{"name":"wp","href":"https:\/\/api.w.org\/{rel}","templated":true}]}}