{"id":744408,"date":"2025-08-28T01:56:17","date_gmt":"2025-08-27T22:56:17","guid":{"rendered":"https:\/\/roveyayinevi.com.tr\/index.php\/urun\/okyanusya-ve-malay-takimadalari-alternatif-seyahat-rehberi\/"},"modified":"2026-04-16T02:56:29","modified_gmt":"2026-04-15T23:56:29","slug":"okyanusya-ve-malay-takimadalari-alternatif-seyahat-rehberi","status":"publish","type":"product","link":"https:\/\/roveyayinevi.com.tr\/index.php\/urun\/okyanusya-ve-malay-takimadalari-alternatif-seyahat-rehberi\/","title":{"rendered":"Okyanusya ve Malay Tak\u0131madalar\u0131: Alternatif Seyahat Rehberi"},"content":{"rendered":"<p>\u201cYakla\u015f\u0131k \u00fc\u00e7 ay s\u00fcrecek olan, hayat\u0131m\u0131n en uzun yolculu\u011funun ilk dura\u011f\u0131yd\u0131 buras\u0131. Endonezya\u2019dan sonra Papua Yeni Gine, Vanuatu, Fiji ve Yeni Zelanda\u2019y\u0131 gezecek, oradan Malay Tak\u0131madalar\u0131\u2019na ge\u00e7ip Borneo, Malezya ve Singapur\u2019a u\u011frayacakt\u0131m. Elimde yedi kiloluk bir \u00e7antayla birlikte i\u00e7imde b\u00fcy\u00fck bir heyecan da ta\u015f\u0131yordum. Yol yorgunlu\u011funu umursam\u0131yordum bile, i\u00e7im k\u0131p\u0131r k\u0131p\u0131rd\u0131.\u201dKendimize ait k\u0131ld\u0131\u011f\u0131m\u0131z t\u00fcm e\u015fyalar dahil, evrende kaplad\u0131\u011f\u0131m\u0131z yeri bir s\u0131rt \u00e7antas\u0131 kadar k\u00fc\u00e7\u00fcltebilir, evimizi s\u0131rt\u0131m\u0131zda ta\u015f\u0131yarak d\u00fcnyay\u0131 gezebiliriz.Okyanusya ve Malay Tak\u0131madalar\u0131\u2019nda gezdi\u011fi her \u00fclkede bir turist yerine misafir olmak isteyen gezgin Okan Okumu\u015f\u2019un pe\u015fine tak\u0131l\u0131p biz de yola \u00e7\u0131k\u0131yoruz. 800\u2019den fazla dilin konu\u015fuldu\u011fu Papua Yeni Gine\u2019de Sepik Nehri boyunca ya\u015fayan yerli halkla tan\u0131\u015facak, Yeni Zelanda\u2019da eriyen buzullar\u0131n \u015fekillendirdi\u011fi g\u00f6l ve vadilerin g\u00f6z kama\u015ft\u0131ran manzaralar\u0131na tan\u0131k olaca\u011f\u0131z. Y\u00fcz\u00fcklerin Efendisi filmlerinin \u00e7ekildi\u011fi Waitomo Ma\u011faralar\u0131\u2019n\u0131 ziyaret edecek, Avustralya\u2019da \u00e7\u00f6l\u00fcn ortas\u0131nda y\u0131ld\u0131zlar\u0131n alt\u0131nda uyuman\u0131n tad\u0131na varaca\u011f\u0131z. Malay Tak\u0131madalar\u0131\u2019nda Endonezya ve Filipinler\u2019in insan\u0131n akl\u0131n\u0131 ba\u015f\u0131ndan alan do\u011fas\u0131 kar\u015f\u0131s\u0131nda b\u00fcy\u00fclenece\u011fiz. Tam dokuz \u00fclkenin yerlilerine, ya\u015fam bi\u00e7imlerine, inan\u0131\u015flar\u0131na, \u00e2detlerine, yemeklerine ve daha pek \u00e7ok \u015fa\u015f\u0131rt\u0131c\u0131 ve keyifli \u015feye \u015fahit olaca\u011f\u0131z.<\/p>\n","protected":false},"excerpt":{"rendered":"<p>\u201cYakla\u015f\u0131k \u00fc\u00e7 ay s\u00fcrecek olan, hayat\u0131m\u0131n en uzun yolculu\u011funun ilk dura\u011f\u0131yd\u0131 buras\u0131. Endonezya\u2019dan sonra Papua Yeni Gine, Vanuatu, Fiji ve Yeni Zelanda\u2019y\u0131 gezecek, oradan Malay Tak\u0131madalar\u0131\u2019na<span class=\"excerpt-hellip\"> [\u2026]<\/span><\/p>\n","protected":false},"featured_media":0,"template":"","meta":{"_monsterinsights_skip_tracking":false,"_monsterinsights_sitenote_active":false,"_monsterinsights_sitenote_note":"","_monsterinsights_sitenote_category":0},"product_brand":[],"product_cat":[13054,45811],"product_tag":[],"class_list":{"0":"post-744408","1":"product","2":"type-product","3":"status-publish","5":"product_cat-gezi-ve-rehber-kitaplari","6":"product_cat-ulke-rehberleri","7":"pa_cilt-ciltsiz","8":"pa_tur-kitap","9":"pa_yayinevi-nova-kitap","10":"pa_yazar-okan-okumus","12":"first","13":"instock","14":"sale","15":"shipping-taxable","16":"purchasable","17":"product-type-simple"},"_links":{"self":[{"href":"https:\/\/roveyayinevi.com.tr\/index.php\/wp-json\/wp\/v2\/product\/744408","targetHints":{"allow":["GET"]}}],"collection":[{"href":"https:\/\/roveyayinevi.com.tr\/index.php\/wp-json\/wp\/v2\/product"}],"about":[{"href":"https:\/\/roveyayinevi.com.tr\/index.php\/wp-json\/wp\/v2\/types\/product"}],"wp:attachment":[{"href":"https:\/\/roveyayinevi.com.tr\/index.php\/wp-json\/wp\/v2\/media?parent=744408"}],"wp:term":[{"taxonomy":"product_brand","embeddable":true,"href":"https:\/\/roveyayinevi.com.tr\/index.php\/wp-json\/wp\/v2\/product_brand?post=744408"},{"taxonomy":"product_cat","embeddable":true,"href":"https:\/\/roveyayinevi.com.tr\/index.php\/wp-json\/wp\/v2\/product_cat?post=744408"},{"taxonomy":"product_tag","embeddable":true,"href":"https:\/\/roveyayinevi.com.tr\/index.php\/wp-json\/wp\/v2\/product_tag?post=744408"}],"curies":[{"name":"wp","href":"https:\/\/api.w.org\/{rel}","templated":true}]}}