{"id":744406,"date":"2025-08-28T01:56:14","date_gmt":"2025-08-27T22:56:14","guid":{"rendered":"https:\/\/roveyayinevi.com.tr\/index.php\/urun\/elf-krali-ile-anlasma\/"},"modified":"2026-04-16T02:56:29","modified_gmt":"2026-04-15T23:56:29","slug":"elf-krali-ile-anlasma","status":"publish","type":"product","link":"https:\/\/roveyayinevi.com.tr\/index.php\/urun\/elf-krali-ile-anlasma\/","title":{"rendered":"Elf Kral\u0131 ile Anla\u015fma"},"content":{"rendered":"<p>ELFLER YALNIZCA \u0130K\u0130 \u015eEY \u0130\u00c7\u0130N GEL\u0130R:SAVA\u015e YA DA EVL\u0130L\u0130KHER \u0130K\u0130S\u0130 DE \u00d6L\u00dcM\u00dc \u00c7A\u011eIRIRElflerle insanlar aras\u0131nda \u00fc\u00e7 bin y\u0131l \u00f6nce bozulmaz bir anla\u015fma yap\u0131lm\u0131\u015ft\u0131. Her y\u00fczy\u0131lda bir, \u0130lk \u0130nsan Krali\u00e7e\u2019nin b\u00fcy\u00fcs\u00fcne sahip olan gen\u00e7 k\u0131z, Elf Kral\u0131\u2019n\u0131n yan\u0131nda yer almak \u00fczere Ortadiyar\u2019a g\u00f6t\u00fcr\u00fcl\u00fcyordu. Hayat\u0131n\u0131 bitkibilime adam\u0131\u015f Luella ya\u015f\u0131n\u0131 ge\u00e7irdi\u011fi i\u00e7in minnettard\u0131. Art\u0131k kasabas\u0131n\u0131n tek \u015fifac\u0131s\u0131 olarak g\u00f6revlerine odaklanabilirdi.Ta ki Elf Kral\u0131, krali\u00e7esini bulmak i\u00e7in gelene kadar.Luella\u2019n\u0131n kendisi hakk\u0131nda bildi\u011fi her \u015fey yaland\u0131. Ancak Ortadiyar\u2019\u0131n \u00f6l\u00fcm\u00fcn e\u015fi\u011finde oldu\u011funu g\u00f6rd\u00fc\u011f\u00fcnde, hi\u00e7 haz\u0131r hissetmedi\u011fi bu sorumluluktan ka\u00e7amayaca\u011f\u0131n\u0131 anlam\u0131\u015ft\u0131. Tek sorun, nihai bir se\u00e7im yapmas\u0131 gerekti\u011finde sadakatini nereye sunaca\u011f\u0131yd\u0131 \u2013 ona hayat\u0131 boyunca destek olmu\u015f yuvas\u0131na m\u0131 yoksa ba\u015f\u0131ndan beri istemedi\u011fi a\u015fka m\u0131?\u201cAman TANRIM, bu \u00e7ok iyiydi! Ger\u00e7i hi\u00e7 \u015fa\u015f\u0131rmad\u0131m \u2013 Elise Kova k\u00f6t\u00fc bir kitap yazamaz. Bu hik\u00e2ye HADES ve PERSEPHONE havas\u0131 ta\u015f\u0131sa da bir yeniden anlat\u0131m de\u011fil.\u201d \u2014Laura Thalassa\u201cHobbit izleyip Thranduil\u2019i arzulad\u0131ysan\u0131z, Elf Kral\u0131 ile Anla\u015fma tam sizlik.\u201d \u2014Syfy Wire\u201cE\u015fsiz d\u00fcnyas\u0131, incelikli karakterleri ve hedefini on ikiden vuran yak\u0131c\u0131 romantizmiyle eksiksiz bir roman. Ke\u015fke bu hik\u00e2yenin i\u00e7ine girebilsem ve vah\u015fi b\u00fcy\u00fcy\u00fc kendi g\u00f6zlerimle g\u00f6rebilsem. Ger\u00e7i Elise Kova g\u00f6rsel duyulara o kadar hitap eden bir yazar ki tam da bunu yapt\u0131\u011f\u0131n\u0131za inanabilirsiniz.\u201d \u2014Alisha Klapheke\u201cElf Kral\u0131 ile Anla\u015fma kendilerini b\u00fcy\u00fcde kaybetmek isteyen okurlar i\u00e7in harika bir fantastik romans. Bu g\u00fczel hik\u00e2ye bana t\u00fcm duygular\u0131 ya\u015fatt\u0131, \u00f6yle ki bu d\u00fcnyaya ait daha fazla kitap okumak i\u00e7in sab\u0131rs\u0131zlan\u0131yorum. Elise Kova\u2019n\u0131n kulland\u0131\u011f\u0131 her kelime alt\u0131na d\u00f6n\u00fc\u015f\u00fcyor.\u201d \u2014Karpoy Kinrade\u201cElf Kral\u0131 ile Anla\u015fma\u2019da masallara dair en sevdi\u011fim elementler var: huysuz bir erkek ile g\u00fc\u00e7l\u00fc kad\u0131n, d\u00fc\u015fmandan \u00e2\u015f\u0131klara d\u00f6n\u00fc\u015fmelerinin yava\u015f geli\u015fen ate\u015fli hik\u00e2yesi ve g\u00f6zal\u0131c\u0131, iz b\u0131rakan bir b\u00fcy\u00fc sistemi!\u201d \u2014Raye Wagner<\/p>\n","protected":false},"excerpt":{"rendered":"<p>ELFLER YALNIZCA \u0130K\u0130 \u015eEY \u0130\u00c7\u0130N GEL\u0130R:SAVA\u015e YA DA EVL\u0130L\u0130KHER \u0130K\u0130S\u0130 DE \u00d6L\u00dcM\u00dc \u00c7A\u011eIRIRElflerle insanlar aras\u0131nda \u00fc\u00e7 bin y\u0131l \u00f6nce bozulmaz bir anla\u015fma yap\u0131lm\u0131\u015ft\u0131. Her y\u00fczy\u0131lda bir,<span class=\"excerpt-hellip\"> [\u2026]<\/span><\/p>\n","protected":false},"featured_media":0,"template":"","meta":{"_monsterinsights_skip_tracking":false,"_monsterinsights_sitenote_active":false,"_monsterinsights_sitenote_note":"","_monsterinsights_sitenote_category":0},"product_brand":[],"product_cat":[12291,14777],"product_tag":[],"class_list":{"0":"post-744406","1":"product","2":"type-product","3":"status-publish","5":"product_cat-edebiyat","6":"product_cat-fantastik","7":"pa_cilt-ciltsiz","8":"pa_tur-kitap","9":"pa_yayinevi-yabanci-yayinevi","10":"pa_yazar-elise-kova","12":"first","13":"instock","14":"sale","15":"shipping-taxable","16":"purchasable","17":"product-type-simple"},"_links":{"self":[{"href":"https:\/\/roveyayinevi.com.tr\/index.php\/wp-json\/wp\/v2\/product\/744406","targetHints":{"allow":["GET"]}}],"collection":[{"href":"https:\/\/roveyayinevi.com.tr\/index.php\/wp-json\/wp\/v2\/product"}],"about":[{"href":"https:\/\/roveyayinevi.com.tr\/index.php\/wp-json\/wp\/v2\/types\/product"}],"wp:attachment":[{"href":"https:\/\/roveyayinevi.com.tr\/index.php\/wp-json\/wp\/v2\/media?parent=744406"}],"wp:term":[{"taxonomy":"product_brand","embeddable":true,"href":"https:\/\/roveyayinevi.com.tr\/index.php\/wp-json\/wp\/v2\/product_brand?post=744406"},{"taxonomy":"product_cat","embeddable":true,"href":"https:\/\/roveyayinevi.com.tr\/index.php\/wp-json\/wp\/v2\/product_cat?post=744406"},{"taxonomy":"product_tag","embeddable":true,"href":"https:\/\/roveyayinevi.com.tr\/index.php\/wp-json\/wp\/v2\/product_tag?post=744406"}],"curies":[{"name":"wp","href":"https:\/\/api.w.org\/{rel}","templated":true}]}}