{"id":744404,"date":"2025-08-28T01:56:10","date_gmt":"2025-08-27T22:56:10","guid":{"rendered":"https:\/\/roveyayinevi.com.tr\/index.php\/urun\/gonul-tufan\/"},"modified":"2026-04-16T02:56:29","modified_gmt":"2026-04-15T23:56:29","slug":"gonul-tufan","status":"publish","type":"product","link":"https:\/\/roveyayinevi.com.tr\/index.php\/urun\/gonul-tufan\/","title":{"rendered":"G\u00f6n\u00fcl Tufan"},"content":{"rendered":"<p>Kanca ge\u00e7meyiversin bir kere enseye. \u00c7ekiyor ac\u0131madan. \u00c7irkinli\u011fin kancas\u0131 bu, g\u00fczelli\u011fin, araf\u0131n, kem g\u00f6zlerin\u2026 Suyunu yitirme korkusu \u00f6yle \u00e7etrefil ki, zehrine a\u015fina oldu\u011fu batakl\u0131\u011fa s\u0131k\u0131 s\u0131k\u0131 sar\u0131l\u0131veriyor herkes. Sonras\u0131 yakar\u0131\u015f ve \u00e7\u0131rp\u0131n\u0131\u015f. Kanca derine iniyor, kan s\u0131ca\u011f\u0131ndan oluyor, su bulan\u0131yor. Ama tersine akt\u0131\u011f\u0131 da g\u00f6r\u00fcl\u00fcyor sular\u0131n. \u0130p kopuyor, ya\u015f\u0131yor kancas\u0131yla insan.G\u00f6n\u00fcl Tufan, kan\u0131ksan\u0131p \u00fczerine d\u00fc\u015f\u00fcnme gere\u011fi duyulmayan bir \u00f6teki anlat\u0131s\u0131. Ay\u00e7a G\u00fc\u00e7l\u00fcten, bu roman\u0131yla g\u00fczele s\u0131rt \u00e7evirip unutulmayacak bir \u00e7irkin hik\u00e2yesi arma\u011fan ediyor bize. G\u00fc\u00e7l\u00fc karakterleri, tedirgin edici atmosferi ve usta i\u015fi kurgusuyla G\u00f6n\u00fcl Tufan, uzun zaman konu\u015fulacak bir eser.&#8221;\u00c7irkinli\u011fi, yaras\u0131n\u0131n g\u00fcnbeg\u00fcn kal\u0131nla\u015fan kabu\u011fu olabilir mi? Hangi yara g\u00fczelce kabuklan\u0131r ki? Kan kurur, par\u00e7alanm\u0131\u015f dokular ve h\u00fccreler birbirine kar\u0131\u015farak bak\u0131lamaz bir tabaka olu\u015fturur, \u00f6l\u00fc molek\u00fcller cesetlere d\u00f6n\u00fc\u015ferek yerle\u015fir. Kabuk, ard\u0131nda bir s\u0131r saklamaya ba\u015flar.\u201d<\/p>\n","protected":false},"excerpt":{"rendered":"<p>Kanca ge\u00e7meyiversin bir kere enseye. \u00c7ekiyor ac\u0131madan. \u00c7irkinli\u011fin kancas\u0131 bu, g\u00fczelli\u011fin, araf\u0131n, kem g\u00f6zlerin\u2026 Suyunu yitirme korkusu \u00f6yle \u00e7etrefil ki, zehrine a\u015fina oldu\u011fu batakl\u0131\u011fa s\u0131k\u0131 s\u0131k\u0131<span class=\"excerpt-hellip\"> [\u2026]<\/span><\/p>\n","protected":false},"featured_media":0,"template":"","meta":{"_monsterinsights_skip_tracking":false,"_monsterinsights_sitenote_active":false,"_monsterinsights_sitenote_note":"","_monsterinsights_sitenote_category":0},"product_brand":[],"product_cat":[12291,12711],"product_tag":[],"class_list":{"0":"post-744404","1":"product","2":"type-product","3":"status-publish","5":"product_cat-edebiyat","6":"product_cat-roman-oyku","7":"pa_cilt-ciltsiz","8":"pa_tur-kitap","9":"pa_yayinevi-ithaki-yayinlari","10":"pa_yazar-ayca-gucluten","12":"first","13":"instock","14":"sale","15":"shipping-taxable","16":"purchasable","17":"product-type-simple"},"_links":{"self":[{"href":"https:\/\/roveyayinevi.com.tr\/index.php\/wp-json\/wp\/v2\/product\/744404","targetHints":{"allow":["GET"]}}],"collection":[{"href":"https:\/\/roveyayinevi.com.tr\/index.php\/wp-json\/wp\/v2\/product"}],"about":[{"href":"https:\/\/roveyayinevi.com.tr\/index.php\/wp-json\/wp\/v2\/types\/product"}],"wp:attachment":[{"href":"https:\/\/roveyayinevi.com.tr\/index.php\/wp-json\/wp\/v2\/media?parent=744404"}],"wp:term":[{"taxonomy":"product_brand","embeddable":true,"href":"https:\/\/roveyayinevi.com.tr\/index.php\/wp-json\/wp\/v2\/product_brand?post=744404"},{"taxonomy":"product_cat","embeddable":true,"href":"https:\/\/roveyayinevi.com.tr\/index.php\/wp-json\/wp\/v2\/product_cat?post=744404"},{"taxonomy":"product_tag","embeddable":true,"href":"https:\/\/roveyayinevi.com.tr\/index.php\/wp-json\/wp\/v2\/product_tag?post=744404"}],"curies":[{"name":"wp","href":"https:\/\/api.w.org\/{rel}","templated":true}]}}