{"id":744403,"date":"2025-08-28T01:56:10","date_gmt":"2025-08-27T22:56:10","guid":{"rendered":"https:\/\/roveyayinevi.com.tr\/index.php\/urun\/futbol-asla-sadece-futbol-degildir\/"},"modified":"2026-04-16T02:56:29","modified_gmt":"2026-04-15T23:56:29","slug":"futbol-asla-sadece-futbol-degildir","status":"publish","type":"product","link":"https:\/\/roveyayinevi.com.tr\/index.php\/urun\/futbol-asla-sadece-futbol-degildir\/","title":{"rendered":"Futbol Asla Sadece Futbol De\u011fildir"},"content":{"rendered":"<p>D\u00dcNYANIN EN POP\u00dcLER SPORU DEVR\u0130MLER\u0130 NASIL BA\u015eLATIP K\u00d6R\u00dcKL\u00dcYOR VE D\u0130KTAT\u00d6RLER\u0130 NASIL \u0130KT\u0130DARDA TUTUYORSimon Kuper\u2019\u0131n neredeyse bir d\u00fcnya turu yaparak futbolun politika ve \u00e7e\u015fitli k\u00fclt\u00fcrlerle ili\u015fkisini ara\u015ft\u0131rd\u0131\u011f\u0131 \u00f6d\u00fcll\u00fc kitab\u0131 Futbol Asla Sadece Futbol De\u011fildir, bir k\u0131sm\u0131n \u201cg\u00fczel oyun\u201d dedi\u011fi, geri kalanlar\u0131n ise \u015f\u00f6hretine anlam veremedi\u011fi futbol tutkusuna olan bak\u0131\u015f\u0131 de\u011fi\u015ftirdi ve t\u00fcm d\u00fcnyada en \u00e7ok okunan futbol kitaplar\u0131ndan biri oldu.G\u00fcney Afrika\u2019dan \u0130talya\u2019ya, Rusya\u2019dan Almanya\u2019ya yirmi iki \u00fclkeyi gezerek d\u00fcnyan\u0131n en pop\u00fcler sporunun bu \u00fclkelerdeki k\u00fclt\u00fcrel ve politik etkisini inceleyen Kuper\u2019\u0131n bir\u00e7ok futbolcuyla, siyaset\u00e7iyle ve tabii ki taraftar grubuyla g\u00f6r\u00fc\u015ferek kaleme ald\u0131\u011f\u0131 Futbol Asla Sadece Futbol De\u011fildir, ilgin\u00e7 detaylar\u0131, perde arkas\u0131ndan bilgileriyle, bir futbol kitab\u0131ndan daha fazlas\u0131.<\/p>\n","protected":false},"excerpt":{"rendered":"<p>D\u00dcNYANIN EN POP\u00dcLER SPORU DEVR\u0130MLER\u0130 NASIL BA\u015eLATIP K\u00d6R\u00dcKL\u00dcYOR VE D\u0130KTAT\u00d6RLER\u0130 NASIL \u0130KT\u0130DARDA TUTUYORSimon Kuper\u2019\u0131n neredeyse bir d\u00fcnya turu yaparak futbolun politika ve \u00e7e\u015fitli k\u00fclt\u00fcrlerle ili\u015fkisini ara\u015ft\u0131rd\u0131\u011f\u0131<span class=\"excerpt-hellip\"> [\u2026]<\/span><\/p>\n","protected":false},"featured_media":0,"template":"","meta":{"_monsterinsights_skip_tracking":false,"_monsterinsights_sitenote_active":false,"_monsterinsights_sitenote_note":"","_monsterinsights_sitenote_category":0},"product_brand":[],"product_cat":[15563,15564],"product_tag":[],"class_list":{"0":"post-744403","1":"product","2":"type-product","3":"status-publish","5":"product_cat-hobi","6":"product_cat-spor","7":"pa_cilt-ciltsiz","8":"pa_tur-kitap","9":"pa_yayinevi-ithaki-yayinlari","10":"pa_yazar-simon-kuper","12":"first","13":"instock","14":"sale","15":"shipping-taxable","16":"purchasable","17":"product-type-simple"},"_links":{"self":[{"href":"https:\/\/roveyayinevi.com.tr\/index.php\/wp-json\/wp\/v2\/product\/744403","targetHints":{"allow":["GET"]}}],"collection":[{"href":"https:\/\/roveyayinevi.com.tr\/index.php\/wp-json\/wp\/v2\/product"}],"about":[{"href":"https:\/\/roveyayinevi.com.tr\/index.php\/wp-json\/wp\/v2\/types\/product"}],"wp:attachment":[{"href":"https:\/\/roveyayinevi.com.tr\/index.php\/wp-json\/wp\/v2\/media?parent=744403"}],"wp:term":[{"taxonomy":"product_brand","embeddable":true,"href":"https:\/\/roveyayinevi.com.tr\/index.php\/wp-json\/wp\/v2\/product_brand?post=744403"},{"taxonomy":"product_cat","embeddable":true,"href":"https:\/\/roveyayinevi.com.tr\/index.php\/wp-json\/wp\/v2\/product_cat?post=744403"},{"taxonomy":"product_tag","embeddable":true,"href":"https:\/\/roveyayinevi.com.tr\/index.php\/wp-json\/wp\/v2\/product_tag?post=744403"}],"curies":[{"name":"wp","href":"https:\/\/api.w.org\/{rel}","templated":true}]}}