{"id":744401,"date":"2025-08-28T01:56:06","date_gmt":"2025-08-27T22:56:06","guid":{"rendered":"https:\/\/roveyayinevi.com.tr\/index.php\/urun\/buyucu-ve-diger-gotik-oykuler\/"},"modified":"2026-04-16T02:56:29","modified_gmt":"2026-04-15T23:56:29","slug":"buyucu-ve-diger-gotik-oykuler","status":"publish","type":"product","link":"https:\/\/roveyayinevi.com.tr\/index.php\/urun\/buyucu-ve-diger-gotik-oykuler\/","title":{"rendered":"B\u00fcy\u00fcc\u00fc ve Di\u011fer Gotik \u00d6yk\u00fcler"},"content":{"rendered":"<p>\u201cAy \u0131\u015f\u0131\u011f\u0131nda, onlar\u0131n evin \u00f6n\u00fcnde z\u0131playan ve dans eden korkun\u00e7 siluetlerini g\u00f6rebiliyordum. Bunlar da\u011flar\u0131n ve nehirlerin k\u00f6t\u00fc ruhlar\u0131 m\u0131yd\u0131?\u201dFantazi ve gizem \u00f6yk\u00fcleri kaleme alan Kyoka \u0130zumi\u2019nin yazd\u0131klar\u0131 ya\u015fad\u0131\u011f\u0131 d\u00f6nemde pop\u00fcler olan ger\u00e7ek\u00e7ilik ak\u0131m\u0131 sebebiyle ilgi g\u00f6rmedi. Y\u0131llar sonra \u0130zumi i\u00e7in \u201cModern Japon edebiyat\u0131n\u0131n en zeki yazar\u0131,\u201d diyen Mi\u015fima ve onun \u201cJapon edebiyat\u0131n\u0131n \u00f6v\u00fcn\u00e7 kayna\u011f\u0131\u201d oldu\u011funu s\u00f6yleyen Tanizaki gibi isimler sayesinde \u00f6yk\u00fcleri bilinirlik kazand\u0131 ve ad\u0131 Japonya\u2019da E. T. A. Hoffmann ile Edgar Allan Poe gibi yazarlarla birlikte an\u0131l\u0131r oldu.B\u00fcy\u00fcc\u00fc ve Di\u011fer Gotik \u00d6yk\u00fcler\u2019de Japon gotik edebiyat\u0131n\u0131n en ba\u015far\u0131l\u0131 uzun \u00f6yk\u00fclerinden biri olarak kabul edilen \u201cKoya Da\u011f\u0131\u2019ndaki Kutsal Adam\u201d\u0131n yan\u0131 s\u0131ra y\u0131llard\u0131r saklad\u0131\u011f\u0131 s\u0131rr\u0131n\u0131 a\u00e7\u0131k etmek istemedi\u011fi i\u00e7in uyutulmadan ameliyat edilen bir kad\u0131n\u0131n, deniz kenar\u0131ndaki \u00fccra bir kasabaya musallat olan \u015feytanlar\u0131n ve bir adam\u0131n bir kad\u0131nla tan\u0131\u015ft\u0131ktan sonra gariple\u015fen g\u00fcn\u00fcn\u00fcn anlat\u0131ld\u0131\u011f\u0131 \u00fc\u00e7 \u00f6yk\u00fc daha bulunuyor.<\/p>\n","protected":false},"excerpt":{"rendered":"<p>\u201cAy \u0131\u015f\u0131\u011f\u0131nda, onlar\u0131n evin \u00f6n\u00fcnde z\u0131playan ve dans eden korkun\u00e7 siluetlerini g\u00f6rebiliyordum. Bunlar da\u011flar\u0131n ve nehirlerin k\u00f6t\u00fc ruhlar\u0131 m\u0131yd\u0131?\u201dFantazi ve gizem \u00f6yk\u00fcleri kaleme alan Kyoka \u0130zumi\u2019nin<span class=\"excerpt-hellip\"> [\u2026]<\/span><\/p>\n","protected":false},"featured_media":0,"template":"","meta":{"_monsterinsights_skip_tracking":false,"_monsterinsights_sitenote_active":false,"_monsterinsights_sitenote_note":"","_monsterinsights_sitenote_category":0},"product_brand":[],"product_cat":[12291,18202],"product_tag":[],"class_list":{"0":"post-744401","1":"product","2":"type-product","3":"status-publish","5":"product_cat-edebiyat","6":"product_cat-hikaye","7":"pa_cilt-ciltsiz","8":"pa_tur-kitap","9":"pa_yayinevi-ithaki-yayinlari","10":"pa_yazar-kyoka-izumi","12":"first","13":"instock","14":"sale","15":"shipping-taxable","16":"purchasable","17":"product-type-simple"},"_links":{"self":[{"href":"https:\/\/roveyayinevi.com.tr\/index.php\/wp-json\/wp\/v2\/product\/744401","targetHints":{"allow":["GET"]}}],"collection":[{"href":"https:\/\/roveyayinevi.com.tr\/index.php\/wp-json\/wp\/v2\/product"}],"about":[{"href":"https:\/\/roveyayinevi.com.tr\/index.php\/wp-json\/wp\/v2\/types\/product"}],"wp:attachment":[{"href":"https:\/\/roveyayinevi.com.tr\/index.php\/wp-json\/wp\/v2\/media?parent=744401"}],"wp:term":[{"taxonomy":"product_brand","embeddable":true,"href":"https:\/\/roveyayinevi.com.tr\/index.php\/wp-json\/wp\/v2\/product_brand?post=744401"},{"taxonomy":"product_cat","embeddable":true,"href":"https:\/\/roveyayinevi.com.tr\/index.php\/wp-json\/wp\/v2\/product_cat?post=744401"},{"taxonomy":"product_tag","embeddable":true,"href":"https:\/\/roveyayinevi.com.tr\/index.php\/wp-json\/wp\/v2\/product_tag?post=744401"}],"curies":[{"name":"wp","href":"https:\/\/api.w.org\/{rel}","templated":true}]}}