{"id":744397,"date":"2025-08-28T01:56:02","date_gmt":"2025-08-27T22:56:02","guid":{"rendered":"https:\/\/roveyayinevi.com.tr\/index.php\/urun\/vazgecilmez-olmanin-sirri\/"},"modified":"2026-04-16T02:56:29","modified_gmt":"2026-04-15T23:56:29","slug":"vazgecilmez-olmanin-sirri","status":"publish","type":"product","link":"https:\/\/roveyayinevi.com.tr\/index.php\/urun\/vazgecilmez-olmanin-sirri\/","title":{"rendered":"Vazge\u00e7ilmez Olman\u0131n S\u0131rr\u0131"},"content":{"rendered":"<p>Fark yaratmak ve vazge\u00e7ilmezlik hayal de\u011fildir&#8230;   Do\u011fan\u0131z\u0131n g\u00fcc\u00fcn\u00fc ele almak, huzurlu ve uyumlu ili\u015fkiler kurmak, hayat\u0131n\u0131za anlam katmak, de\u011ferli ve \u00f6zg\u00fcvenli hissetmek imk\u00e2ns\u0131z de\u011fildir.   Uzman Psikolog Esra Ezmeci bu kitapla ba\u011flanmadan \u015femalara, zihin ve beden b\u00fct\u00fcnle\u015fmesinden aura y\u00fckseltmeye kadar vazge\u00e7ilmez olman\u0131n ve fark yaratman\u0131n s\u0131rlar\u0131n\u0131 anlat\u0131yor. Afrodizyak ya\u011flar, kristaller, bitkiler ve \u00f6zel metotlarla hem bedeninizin hem de ya\u015fam alanlar\u0131n\u0131z\u0131n enerjisini nas\u0131l destekleyece\u011finizi g\u00f6steriyor. Ba\u015far\u0131dan berekete, cinsel \u00e7ekimden di\u015fil g\u00fcce kadar ya\u015fam\u0131n\u0131zda ihtiyac\u0131n\u0131z olan her alana uygulayabilece\u011finiz pratiklerle dolu bu kitap ba\u015fucunuzda tutaca\u011f\u0131n\u0131z bir rehber olacak.   Ger\u00e7ek benli\u011finizle ili\u015fki kurdu\u011funuzda kendi i\u00e7sel \u0131\u015f\u0131\u011f\u0131n\u0131z\u0131 ke\u015ffedersiniz.  <\/p>\n","protected":false},"excerpt":{"rendered":"<p>Fark yaratmak ve vazge\u00e7ilmezlik hayal de\u011fildir&#8230; Do\u011fan\u0131z\u0131n g\u00fcc\u00fcn\u00fc ele almak, huzurlu ve uyumlu ili\u015fkiler kurmak, hayat\u0131n\u0131za anlam katmak, de\u011ferli ve \u00f6zg\u00fcvenli hissetmek imk\u00e2ns\u0131z de\u011fildir. Uzman Psikolog<span class=\"excerpt-hellip\"> [\u2026]<\/span><\/p>\n","protected":false},"featured_media":0,"template":"","meta":{"_monsterinsights_skip_tracking":false,"_monsterinsights_sitenote_active":false,"_monsterinsights_sitenote_note":"","_monsterinsights_sitenote_category":0},"product_brand":[],"product_cat":[12755,12357],"product_tag":[],"class_list":{"0":"post-744397","1":"product","2":"type-product","3":"status-publish","5":"product_cat-gelisim-psikolojisi","6":"product_cat-psikoloji","7":"pa_cilt-ciltsiz","8":"pa_tur-kitap","9":"pa_yayinevi-destek-yayinlari","10":"pa_yazar-esra-ezmeci","12":"first","13":"instock","14":"sale","15":"shipping-taxable","16":"purchasable","17":"product-type-simple"},"_links":{"self":[{"href":"https:\/\/roveyayinevi.com.tr\/index.php\/wp-json\/wp\/v2\/product\/744397","targetHints":{"allow":["GET"]}}],"collection":[{"href":"https:\/\/roveyayinevi.com.tr\/index.php\/wp-json\/wp\/v2\/product"}],"about":[{"href":"https:\/\/roveyayinevi.com.tr\/index.php\/wp-json\/wp\/v2\/types\/product"}],"wp:attachment":[{"href":"https:\/\/roveyayinevi.com.tr\/index.php\/wp-json\/wp\/v2\/media?parent=744397"}],"wp:term":[{"taxonomy":"product_brand","embeddable":true,"href":"https:\/\/roveyayinevi.com.tr\/index.php\/wp-json\/wp\/v2\/product_brand?post=744397"},{"taxonomy":"product_cat","embeddable":true,"href":"https:\/\/roveyayinevi.com.tr\/index.php\/wp-json\/wp\/v2\/product_cat?post=744397"},{"taxonomy":"product_tag","embeddable":true,"href":"https:\/\/roveyayinevi.com.tr\/index.php\/wp-json\/wp\/v2\/product_tag?post=744397"}],"curies":[{"name":"wp","href":"https:\/\/api.w.org\/{rel}","templated":true}]}}