{"id":744396,"date":"2025-08-28T01:56:00","date_gmt":"2025-08-27T22:56:00","guid":{"rendered":"https:\/\/roveyayinevi.com.tr\/index.php\/urun\/yarinin-adami-mustafa-kemali-anlamak\/"},"modified":"2026-04-16T02:56:29","modified_gmt":"2026-04-15T23:56:29","slug":"yarinin-adami-mustafa-kemali-anlamak","status":"publish","type":"product","link":"https:\/\/roveyayinevi.com.tr\/index.php\/urun\/yarinin-adami-mustafa-kemali-anlamak\/","title":{"rendered":"Yar\u0131n\u0131n Adam\u0131 Mustafa Kemal&#8217;i Anlamak"},"content":{"rendered":"<p>\u2022 Okul y\u0131llar\u0131nda a\u015fk ac\u0131s\u0131 \u00e7ekti\u011finde not defterine neler yazd\u0131? \u2022 2. Abd\u00fclhamid d\u00f6neminde neden zindana at\u0131ld\u0131? \u2022 \u0130lk g\u00f6rev yerinde kendisine teklif edilen r\u00fc\u015fvete nas\u0131l cevap verdi? \u2022 Neden \u0130ttihat\u00e7\u0131lar\u0131n aras\u0131na kat\u0131lmak zorunda kald\u0131? \u2022 Kader birli\u011fi yapt\u0131\u011f\u0131 arkada\u015flar\u0131 taraf\u0131ndan s\u00fcrg\u00fcne g\u00f6nderilmesinin sebebi neydi? \u2022 Trablusgarp\u2019ta yaveriyle gericilerin merkezini nas\u0131l bast\u0131? \u2022 \u00c7anakkale Sava\u015f\u0131\u2019nda ba\u015far\u0131l\u0131 olmas\u0131na ra\u011fmen neden pa\u015fal\u0131\u011fa terfi ettirilmedi? \u2022 Enver Pa\u015fa ile nerede ve nas\u0131l kar\u015f\u0131 kar\u015f\u0131ya geldi? \u2022 Vahdettin\u2019le yapt\u0131\u011f\u0131 Almanya seyahatinde neler ya\u015fand\u0131? \u2022 Filistin Cephesi\u2019nde yenildi ve \u00e7ekildi mi? \u2022 Cumhuriyet\u2019i kurmak ve ink\u0131laplar yapmak idealine ne zaman sahip oldu? <\/p>\n","protected":false},"excerpt":{"rendered":"<p>\u2022 Okul y\u0131llar\u0131nda a\u015fk ac\u0131s\u0131 \u00e7ekti\u011finde not defterine neler yazd\u0131? \u2022 2. Abd\u00fclhamid d\u00f6neminde neden zindana at\u0131ld\u0131? \u2022 \u0130lk g\u00f6rev yerinde kendisine teklif edilen r\u00fc\u015fvete nas\u0131l<span class=\"excerpt-hellip\"> [\u2026]<\/span><\/p>\n","protected":false},"featured_media":0,"template":"","meta":{"_monsterinsights_skip_tracking":false,"_monsterinsights_sitenote_active":false,"_monsterinsights_sitenote_note":"","_monsterinsights_sitenote_category":0},"product_brand":[],"product_cat":[14009,12291],"product_tag":[],"class_list":{"0":"post-744396","1":"product","2":"type-product","3":"status-publish","5":"product_cat-biyografi-otobiyografi-edebiyat","6":"product_cat-edebiyat","7":"pa_cilt-ciltsiz","8":"pa_tur-kitap","9":"pa_yayinevi-masa-kitap","10":"pa_yazar-con-sinov","12":"first","13":"instock","14":"sale","15":"shipping-taxable","16":"purchasable","17":"product-type-simple"},"_links":{"self":[{"href":"https:\/\/roveyayinevi.com.tr\/index.php\/wp-json\/wp\/v2\/product\/744396","targetHints":{"allow":["GET"]}}],"collection":[{"href":"https:\/\/roveyayinevi.com.tr\/index.php\/wp-json\/wp\/v2\/product"}],"about":[{"href":"https:\/\/roveyayinevi.com.tr\/index.php\/wp-json\/wp\/v2\/types\/product"}],"wp:attachment":[{"href":"https:\/\/roveyayinevi.com.tr\/index.php\/wp-json\/wp\/v2\/media?parent=744396"}],"wp:term":[{"taxonomy":"product_brand","embeddable":true,"href":"https:\/\/roveyayinevi.com.tr\/index.php\/wp-json\/wp\/v2\/product_brand?post=744396"},{"taxonomy":"product_cat","embeddable":true,"href":"https:\/\/roveyayinevi.com.tr\/index.php\/wp-json\/wp\/v2\/product_cat?post=744396"},{"taxonomy":"product_tag","embeddable":true,"href":"https:\/\/roveyayinevi.com.tr\/index.php\/wp-json\/wp\/v2\/product_tag?post=744396"}],"curies":[{"name":"wp","href":"https:\/\/api.w.org\/{rel}","templated":true}]}}