{"id":744395,"date":"2025-08-28T01:55:59","date_gmt":"2025-08-27T22:55:59","guid":{"rendered":"https:\/\/roveyayinevi.com.tr\/index.php\/urun\/iyi-hissettiren-yazilar\/"},"modified":"2026-04-16T02:56:29","modified_gmt":"2026-04-15T23:56:29","slug":"iyi-hissettiren-yazilar","status":"publish","type":"product","link":"https:\/\/roveyayinevi.com.tr\/index.php\/urun\/iyi-hissettiren-yazilar\/","title":{"rendered":"\u0130yi Hissettiren Yaz\u0131lar"},"content":{"rendered":"<p>\u201cSon birka\u00e7 y\u0131lda \u00e7ok \u015fey ya\u015fad\u0131k ve \u00e7ok yorulduk. B\u00fct\u00fcn d\u00fcnya akla s\u0131\u011fmaz bir \u00e7emberin i\u00e7inden ge\u00e7iyor. Adaletsizlik, namussuzluk, omurgas\u0131zl\u0131k \u00fcst \u00fcste gelirken; do\u011frulu\u011fa olan ihtiya\u00e7 da t\u0131pk\u0131 i\u015fleme al\u0131nmay\u0131 bekleyen evraklar gibi \u00fcst \u00fcste y\u0131\u011f\u0131larak birikiyor.\u201d \u0130\u015fte bu y\u00fczden T\u00fcrk sinemas\u0131nda S\u0131nav ve Ayla gibi sevilen filmlerin yarat\u0131c\u0131s\u0131 Yi\u011fit G\u00fcralp, ilk kitab\u0131 \u0130yi Hissettiren Yaz\u0131lar\u2019da okurlar\u0131n\u0131 do\u011frunun esas al\u0131nd\u0131\u011f\u0131, iyilerin kazand\u0131\u011f\u0131 ve g\u00fclmek i\u00e7in sebeplerin \u00e7ok oldu\u011fu y\u0131llara g\u00f6t\u00fcr\u00fcyor. S\u0131rad\u0131\u015f\u0131 hayat\u0131n\u0131n en renkli anlar\u0131ndan \u00e7\u0131kard\u0131\u011f\u0131 tecr\u00fcbelerden gelece\u011fe dair tahminlere ve Bar\u0131\u015f Man\u00e7o\u2019dan Zeki M\u00fcren\u2019e, Tar\u0131k Akan\u2019dan Sad\u0131k \u015eendil\u2019e uzanan anekdotlara kalemiyle yapt\u0131\u011f\u0131 yolculukla bizi; iyili\u011fin, g\u00fcl\u00fcmsemenin, umudun ve normalli\u011fin sokaklar\u0131nda dola\u015ft\u0131r\u0131yor. Bazen bir \u015fark\u0131yla, bazen bir \u015fiirle ya da filmle, hat\u0131ralar\u0131m\u0131zda saklanan duygular\u0131m\u0131z\u0131 sat\u0131rlar\u0131na seriyor. Biliyoruz ki iyili\u011fi, g\u00fczelli\u011fi, bilimi ve ayd\u0131nl\u0131\u011f\u0131 yaymak, bunlar\u0131 \u00e7evremizle payla\u015farak pek \u00e7ok duyguyu bir arada ya\u015fatmak bizlerin elinde. \u0130yi Hissettiren Yaz\u0131lar, i\u015fte bu payla\u015f\u0131m\u0131n ilk fitilini ate\u015fliyor. T\u00fcm iyi duygular\u0131 elimizden almas\u0131nlar diye onlara s\u0131k\u0131 s\u0131k\u0131 sar\u0131l\u0131yor ve okurlar\u0131n\u0131 da kendine payda\u015f etmeyi hedefliyor.<\/p>\n","protected":false},"excerpt":{"rendered":"<p>\u201cSon birka\u00e7 y\u0131lda \u00e7ok \u015fey ya\u015fad\u0131k ve \u00e7ok yorulduk. B\u00fct\u00fcn d\u00fcnya akla s\u0131\u011fmaz bir \u00e7emberin i\u00e7inden ge\u00e7iyor. Adaletsizlik, namussuzluk, omurgas\u0131zl\u0131k \u00fcst \u00fcste gelirken; do\u011frulu\u011fa olan ihtiya\u00e7<span class=\"excerpt-hellip\"> [\u2026]<\/span><\/p>\n","protected":false},"featured_media":0,"template":"","meta":{"_monsterinsights_skip_tracking":false,"_monsterinsights_sitenote_active":false,"_monsterinsights_sitenote_note":"","_monsterinsights_sitenote_category":0},"product_brand":[],"product_cat":[12777,12291],"product_tag":[],"class_list":{"0":"post-744395","1":"product","2":"type-product","3":"status-publish","5":"product_cat-deneme","6":"product_cat-edebiyat","7":"pa_cilt-ciltsiz","8":"pa_tur-kitap","9":"pa_yayinevi-masa-kitap","10":"pa_yazar-yigit-guralp","12":"first","13":"instock","14":"sale","15":"shipping-taxable","16":"purchasable","17":"product-type-simple"},"_links":{"self":[{"href":"https:\/\/roveyayinevi.com.tr\/index.php\/wp-json\/wp\/v2\/product\/744395","targetHints":{"allow":["GET"]}}],"collection":[{"href":"https:\/\/roveyayinevi.com.tr\/index.php\/wp-json\/wp\/v2\/product"}],"about":[{"href":"https:\/\/roveyayinevi.com.tr\/index.php\/wp-json\/wp\/v2\/types\/product"}],"wp:attachment":[{"href":"https:\/\/roveyayinevi.com.tr\/index.php\/wp-json\/wp\/v2\/media?parent=744395"}],"wp:term":[{"taxonomy":"product_brand","embeddable":true,"href":"https:\/\/roveyayinevi.com.tr\/index.php\/wp-json\/wp\/v2\/product_brand?post=744395"},{"taxonomy":"product_cat","embeddable":true,"href":"https:\/\/roveyayinevi.com.tr\/index.php\/wp-json\/wp\/v2\/product_cat?post=744395"},{"taxonomy":"product_tag","embeddable":true,"href":"https:\/\/roveyayinevi.com.tr\/index.php\/wp-json\/wp\/v2\/product_tag?post=744395"}],"curies":[{"name":"wp","href":"https:\/\/api.w.org\/{rel}","templated":true}]}}