{"id":744394,"date":"2025-08-28T01:55:57","date_gmt":"2025-08-27T22:55:57","guid":{"rendered":"https:\/\/roveyayinevi.com.tr\/index.php\/urun\/ozgur-cocuk\/"},"modified":"2026-04-16T02:56:29","modified_gmt":"2026-04-15T23:56:29","slug":"ozgur-cocuk","status":"publish","type":"product","link":"https:\/\/roveyayinevi.com.tr\/index.php\/urun\/ozgur-cocuk\/","title":{"rendered":"\u00d6zg\u00fcr \u00c7ocuk"},"content":{"rendered":"<p>\u2022 Her \u015feyi \u00f6\u011fretmeye \u00e7al\u0131\u015fanlar\u0131n oldu\u011fu yerde, hi\u00e7bir \u015fey \u00f6\u011frenemeyen nesiller yeti\u015fir.\u2022 Bir \u00e7ocu\u011fun kendisi ad\u0131na en do\u011fru se\u00e7imleri yapmas\u0131n\u0131 istiyorsan\u0131z, ona hi\u00e7bir \u015fey yapmama \u00f6zg\u00fcrl\u00fc\u011f\u00fcn\u00fc vermek zorundas\u0131n\u0131z. \u2022 \u201c\u00c7ocuk\u201d kelimesinin a\u015fa\u011f\u0131lama ve k\u00fc\u00e7\u00fck g\u00f6rme anlam\u0131nda kullan\u0131ld\u0131\u011f\u0131 bir \u00fclkede, do\u011frular\u0131 ger\u00e7e\u011fe d\u00f6n\u00fc\u015ft\u00fcrmek kolay de\u011fildir. \u2022 Bir \u00e7ocu\u011fun neyi, ne zaman ve nas\u0131l \u00f6\u011frenece\u011fine ba\u015fkalar\u0131 karar veriyorsa ortada \u00e7ok b\u00fcy\u00fck bir yanl\u0131\u015f var demektir. \u2022 Bizler sayg\u0131l\u0131, efendi, terbiyeli \u00e7ocuklar de\u011fil; kendimize itaat edecek \u00e7ocuklar istiyoruz. \u2022 \u00d6zg\u00fcr olamam\u0131\u015f \u00e7ocuklara kitap okuma al\u0131\u015fkanl\u0131\u011f\u0131 kazand\u0131ramaya \u00e7al\u0131\u015fan aileler, att\u0131klar\u0131 her ad\u0131mda hayal k\u0131r\u0131kl\u0131\u011f\u0131na biraz daha yakla\u015f\u0131rlar. \u2022 \u201cAk\u0131ll\u0131 telefonlar, sosyal medya, tabletler, bilgisayarlar k\u00f6t\u00fcd\u00fcr ve \u00e7ocuklara zararl\u0131d\u0131r\u201d d\u00fc\u015f\u00fcncesini bir kenara b\u0131rakal\u0131m. Onlar k\u00f6t\u00fc de\u011fil, onlarla ne yapaca\u011f\u0131m\u0131z\u0131 bilmiyoruz sadece. \u2022 Kitaplar\u0131 bitirmek, m\u00fcfredatlar\u0131 yeti\u015ftirmek, konular\u0131 bir an \u00f6nce \u00f6\u011fretmeye \u00e7al\u0131\u015fmak; e\u011fitimin kanseridir. \u2022 Bir \u00e7ocu\u011fun matematik dersi, o dersin dilini \u00f6zg\u00fcrce kullanmas\u0131yla ba\u015flar.<\/p>\n","protected":false},"excerpt":{"rendered":"<p>\u2022 Her \u015feyi \u00f6\u011fretmeye \u00e7al\u0131\u015fanlar\u0131n oldu\u011fu yerde, hi\u00e7bir \u015fey \u00f6\u011frenemeyen nesiller yeti\u015fir.\u2022 Bir \u00e7ocu\u011fun kendisi ad\u0131na en do\u011fru se\u00e7imleri yapmas\u0131n\u0131 istiyorsan\u0131z, ona hi\u00e7bir \u015fey yapmama \u00f6zg\u00fcrl\u00fc\u011f\u00fcn\u00fc<span class=\"excerpt-hellip\"> [\u2026]<\/span><\/p>\n","protected":false},"featured_media":0,"template":"","meta":{"_monsterinsights_skip_tracking":false,"_monsterinsights_sitenote_active":false,"_monsterinsights_sitenote_note":"","_monsterinsights_sitenote_category":0},"product_brand":[],"product_cat":[12777,12291],"product_tag":[],"class_list":{"0":"post-744394","1":"product","2":"type-product","3":"status-publish","5":"product_cat-deneme","6":"product_cat-edebiyat","7":"pa_cilt-ciltsiz","8":"pa_tur-kitap","9":"pa_yayinevi-masa-kitap","10":"pa_yazar-ahmet-nac","12":"first","13":"instock","14":"sale","15":"shipping-taxable","16":"purchasable","17":"product-type-simple"},"_links":{"self":[{"href":"https:\/\/roveyayinevi.com.tr\/index.php\/wp-json\/wp\/v2\/product\/744394","targetHints":{"allow":["GET"]}}],"collection":[{"href":"https:\/\/roveyayinevi.com.tr\/index.php\/wp-json\/wp\/v2\/product"}],"about":[{"href":"https:\/\/roveyayinevi.com.tr\/index.php\/wp-json\/wp\/v2\/types\/product"}],"wp:attachment":[{"href":"https:\/\/roveyayinevi.com.tr\/index.php\/wp-json\/wp\/v2\/media?parent=744394"}],"wp:term":[{"taxonomy":"product_brand","embeddable":true,"href":"https:\/\/roveyayinevi.com.tr\/index.php\/wp-json\/wp\/v2\/product_brand?post=744394"},{"taxonomy":"product_cat","embeddable":true,"href":"https:\/\/roveyayinevi.com.tr\/index.php\/wp-json\/wp\/v2\/product_cat?post=744394"},{"taxonomy":"product_tag","embeddable":true,"href":"https:\/\/roveyayinevi.com.tr\/index.php\/wp-json\/wp\/v2\/product_tag?post=744394"}],"curies":[{"name":"wp","href":"https:\/\/api.w.org\/{rel}","templated":true}]}}