{"id":744391,"date":"2025-08-28T01:55:55","date_gmt":"2025-08-27T22:55:55","guid":{"rendered":"https:\/\/roveyayinevi.com.tr\/index.php\/urun\/hidrojen-devrimi\/"},"modified":"2026-04-16T02:56:29","modified_gmt":"2026-04-15T23:56:29","slug":"hidrojen-devrimi","status":"publish","type":"product","link":"https:\/\/roveyayinevi.com.tr\/index.php\/urun\/hidrojen-devrimi\/","title":{"rendered":"Hidrojen Devrimi"},"content":{"rendered":"<p>Fosil yak\u0131tlar\u0131n kullan\u0131lmas\u0131 sonucu atmosfere sal\u0131nan CO ve CO2 gibi gazlar D\u00fcnya\u2019ya \u00e7arpan g\u00fcne\u015f \u0131\u015f\u0131\u011f\u0131n\u0131n gitgide daha b\u00fcy\u00fck k\u0131sm\u0131n\u0131n atmosfer i\u00e7ine hapsolmas\u0131na ve sonu\u00e7 olarak k\u00fcresel \u0131s\u0131nmaya yol a\u00e7\u0131yor. Bu sorunu \u00e7\u00f6zmek istiyorsak enerji \u00fcretimi ve t\u00fcketimini karbonsuzla\u015ft\u0131rmak zorunday\u0131z. \u00c7\u00f6z\u00fcm, imalatta, k\u0131\u015f \u0131s\u0131tmas\u0131nda ve ula\u015f\u0131mda enerji kayna\u011f\u0131 olarak elektrik kullanmak de\u011fil, \u00e7\u00fcnk\u00fc elektrik enerjisi \u00fcretimi de b\u00fcy\u00fck \u00f6l\u00e7\u00fcde fosil yak\u0131tlara dayal\u0131. Yani t\u00fcm otomobiller elektrikli olsa bile k\u00fcresel \u0131s\u0131nmay\u0131 engelleyemeyiz. Elektronlar\u0131 karbondan farkl\u0131 bir elementi yakarak harekete ge\u00e7irmek gerek. \u0130\u015fte bu element hidrojen. Yak\u0131ld\u0131\u011f\u0131nda b\u00fcy\u00fck miktarda enerji a\u00e7\u0131\u011fa \u00e7\u0131kar\u0131yor ve at\u0131k olarak atmosfere sadece su buhar\u0131 sal\u0131yor. Bu da onu gelece\u011fin yak\u0131t\u0131 yap\u0131yor. Hidrojenin, fosil yak\u0131t rezervlerine direkt eri\u015fimi olmayan ekonomilere h\u0131zla geli\u015fme f\u0131rsat\u0131 sunmas\u0131 da cabas\u0131. MarcoAlver\u00e0 bize mevcut enerji altyap\u0131s\u0131n\u0131n yenilenebilir enerji ve hidrojen enerjisi vas\u0131tas\u0131yla karbondan nas\u0131l ar\u0131nd\u0131r\u0131labilece\u011fine dair d\u00f6rt d\u00f6rtl\u00fck bir plan sunuyor. *** \u201cBu kitap, hidrojenin gelece\u011fi hakk\u0131nda net ve ak\u0131l \u00e7elen fikirler i\u00e7eriyor. Hidrojenin t\u00fcm d\u00fcnyan\u0131n temiz enerji kullan\u0131m\u0131na ge\u00e7mesinde \u00f6nemli rol oynamas\u0131n\u0131n nas\u0131l sa\u011flanaca\u011f\u0131 tart\u0131\u015fmas\u0131n\u0131 canland\u0131rmaya yard\u0131mc\u0131 olabilir.\u201d \u2014Dr. Fatih Birol Uluslararas\u0131 Enerji Ajans\u0131 Y\u00f6neticisi <\/p>\n","protected":false},"excerpt":{"rendered":"<p>Fosil yak\u0131tlar\u0131n kullan\u0131lmas\u0131 sonucu atmosfere sal\u0131nan CO ve CO2 gibi gazlar D\u00fcnya\u2019ya \u00e7arpan g\u00fcne\u015f \u0131\u015f\u0131\u011f\u0131n\u0131n gitgide daha b\u00fcy\u00fck k\u0131sm\u0131n\u0131n atmosfer i\u00e7ine hapsolmas\u0131na ve sonu\u00e7 olarak k\u00fcresel<span class=\"excerpt-hellip\"> [\u2026]<\/span><\/p>\n","protected":false},"featured_media":0,"template":"","meta":{"_monsterinsights_skip_tracking":false,"_monsterinsights_sitenote_active":false,"_monsterinsights_sitenote_note":"","_monsterinsights_sitenote_category":0},"product_brand":[],"product_cat":[13005,13006],"product_tag":[],"class_list":{"0":"post-744391","1":"product","2":"type-product","3":"status-publish","5":"product_cat-bilim-muhendislik","6":"product_cat-populer-bilim","7":"pa_cilt-ciltsiz","8":"pa_tur-kitap","9":"pa_yayinevi-say-yayinlari","10":"pa_yazar-marco-alvera","12":"first","13":"instock","14":"sale","15":"shipping-taxable","16":"purchasable","17":"product-type-simple"},"_links":{"self":[{"href":"https:\/\/roveyayinevi.com.tr\/index.php\/wp-json\/wp\/v2\/product\/744391","targetHints":{"allow":["GET"]}}],"collection":[{"href":"https:\/\/roveyayinevi.com.tr\/index.php\/wp-json\/wp\/v2\/product"}],"about":[{"href":"https:\/\/roveyayinevi.com.tr\/index.php\/wp-json\/wp\/v2\/types\/product"}],"wp:attachment":[{"href":"https:\/\/roveyayinevi.com.tr\/index.php\/wp-json\/wp\/v2\/media?parent=744391"}],"wp:term":[{"taxonomy":"product_brand","embeddable":true,"href":"https:\/\/roveyayinevi.com.tr\/index.php\/wp-json\/wp\/v2\/product_brand?post=744391"},{"taxonomy":"product_cat","embeddable":true,"href":"https:\/\/roveyayinevi.com.tr\/index.php\/wp-json\/wp\/v2\/product_cat?post=744391"},{"taxonomy":"product_tag","embeddable":true,"href":"https:\/\/roveyayinevi.com.tr\/index.php\/wp-json\/wp\/v2\/product_tag?post=744391"}],"curies":[{"name":"wp","href":"https:\/\/api.w.org\/{rel}","templated":true}]}}