{"id":744388,"date":"2025-08-28T01:55:51","date_gmt":"2025-08-27T22:55:51","guid":{"rendered":"https:\/\/roveyayinevi.com.tr\/index.php\/urun\/agzini-acmayan-robot\/"},"modified":"2026-04-16T02:56:28","modified_gmt":"2026-04-15T23:56:28","slug":"agzini-acmayan-robot","status":"publish","type":"product","link":"https:\/\/roveyayinevi.com.tr\/index.php\/urun\/agzini-acmayan-robot\/","title":{"rendered":"A\u011fz\u0131n\u0131 A\u00e7mayan Robot"},"content":{"rendered":"<p>\u00c7\u0131nar yine macera pe\u015finde! \u00c7\u0131nar ve Deniz, Lutan Adas\u0131\u2019nda tan\u0131\u015ft\u0131klar\u0131 Nimnim\u2019le beraberA\u011fz\u0131n\u0131 A\u00e7mayan Robot\u2019 un s\u0131rr\u0131n\u0131 ke\u015ffe \u00e7\u0131k\u0131yorlar.Daha \u00f6nce herkesle ileti\u015fim kuran robota ne olmu\u015ftu? K\u00fcsm\u00fc\u015f m\u00fcyd\u00fc yoksa a\u011fz\u0131n\u0131n i\u00e7inde herkesten saklad\u0131\u011f\u0131 bir s\u00fcrpriz mi vard\u0131? Dahas\u0131 \u00c7\u0131nar bu macerada bir daha g\u00f6remeyece\u011fini d\u00fc\u015f\u00fcnd\u00fc\u011f\u00fc ve \u00e7ok \u00f6zledi\u011fi k\u00f6pe\u011fi Karaku\u2019 yu yeniden g\u00f6rebilecek miydi?Haydi, hep beraber \u00c7\u0131nar\u2019\u0131n harika d\u00fcnyas\u0131na gidiyoruz!(Tan\u0131t\u0131m B\u00fclteninden)<\/p>\n","protected":false},"excerpt":{"rendered":"<p>\u00c7\u0131nar yine macera pe\u015finde! \u00c7\u0131nar ve Deniz, Lutan Adas\u0131\u2019nda tan\u0131\u015ft\u0131klar\u0131 Nimnim\u2019le beraberA\u011fz\u0131n\u0131 A\u00e7mayan Robot\u2019 un s\u0131rr\u0131n\u0131 ke\u015ffe \u00e7\u0131k\u0131yorlar.Daha \u00f6nce herkesle ileti\u015fim kuran robota ne olmu\u015ftu? K\u00fcsm\u00fc\u015f<span class=\"excerpt-hellip\"> [\u2026]<\/span><\/p>\n","protected":false},"featured_media":0,"template":"","meta":{"_monsterinsights_skip_tracking":false,"_monsterinsights_sitenote_active":false,"_monsterinsights_sitenote_note":"","_monsterinsights_sitenote_category":0},"product_brand":[],"product_cat":[12274,12284],"product_tag":[],"class_list":{"0":"post-744388","1":"product","2":"type-product","3":"status-publish","5":"product_cat-cocuk-ve-genclik-kitaplari","6":"product_cat-hikayeler","7":"pa_cilt-ciltsiz","8":"pa_tur-kitap","9":"pa_yayinevi-fom-kitap","10":"pa_yazar-imren-tubcil","12":"first","13":"instock","14":"sale","15":"shipping-taxable","16":"purchasable","17":"product-type-simple"},"_links":{"self":[{"href":"https:\/\/roveyayinevi.com.tr\/index.php\/wp-json\/wp\/v2\/product\/744388","targetHints":{"allow":["GET"]}}],"collection":[{"href":"https:\/\/roveyayinevi.com.tr\/index.php\/wp-json\/wp\/v2\/product"}],"about":[{"href":"https:\/\/roveyayinevi.com.tr\/index.php\/wp-json\/wp\/v2\/types\/product"}],"wp:attachment":[{"href":"https:\/\/roveyayinevi.com.tr\/index.php\/wp-json\/wp\/v2\/media?parent=744388"}],"wp:term":[{"taxonomy":"product_brand","embeddable":true,"href":"https:\/\/roveyayinevi.com.tr\/index.php\/wp-json\/wp\/v2\/product_brand?post=744388"},{"taxonomy":"product_cat","embeddable":true,"href":"https:\/\/roveyayinevi.com.tr\/index.php\/wp-json\/wp\/v2\/product_cat?post=744388"},{"taxonomy":"product_tag","embeddable":true,"href":"https:\/\/roveyayinevi.com.tr\/index.php\/wp-json\/wp\/v2\/product_tag?post=744388"}],"curies":[{"name":"wp","href":"https:\/\/api.w.org\/{rel}","templated":true}]}}