{"id":744387,"date":"2025-08-28T01:55:49","date_gmt":"2025-08-27T22:55:49","guid":{"rendered":"https:\/\/roveyayinevi.com.tr\/index.php\/urun\/ataturk-ve-ulkunun-boya-kalemleri\/"},"modified":"2026-04-16T02:56:28","modified_gmt":"2026-04-15T23:56:28","slug":"ataturk-ve-ulkunun-boya-kalemleri","status":"publish","type":"product","link":"https:\/\/roveyayinevi.com.tr\/index.php\/urun\/ataturk-ve-ulkunun-boya-kalemleri\/","title":{"rendered":"Atat\u00fcrk ve \u00dclk\u00fc\u2019n\u00fcn Boya Kalemleri"},"content":{"rendered":"<p>\u201cAtat\u00fcrk, k\u00fc\u00e7\u00fck \u00dclk\u00fc\u2019y\u00fc \u00e7ok seviyordu. Sabah uyan\u0131r uyanmaz, \u00dclk\u00fc\u2019y\u00fc soruyor, \u00e7a\u011fr\u0131lmas\u0131n\u0131 istiyordu.Onunla uzun uzun sohbet ediyor, \u015fakala\u015f\u0131yor, birlikte \u00e7e\u015fitli oyunlar oynuyorlard\u0131. Bir sabah \u00dclk\u00fc, Atat\u00fcrk\u2019\u00fcn uyanmas\u0131n\u0131 beklerken onun kahverengi ayakkab\u0131lar\u0131n\u0131 siyaha boyamas\u0131n m\u0131? Atat\u00fcrk bunu g\u00f6r\u00fcnce ne yapt\u0131 dersiniz? \u00c7ocuklar\u0131n ve \u00e7ocuklarla birlikte b\u00fcy\u00fcklerin ilgiyle okuyaca\u011f\u0131 ger\u00e7ek bir \u00f6yk\u00fc&#8230;\u201d (Tan\u0131t\u0131m B\u00fclteninden)<\/p>\n","protected":false},"excerpt":{"rendered":"<p>\u201cAtat\u00fcrk, k\u00fc\u00e7\u00fck \u00dclk\u00fc\u2019y\u00fc \u00e7ok seviyordu. Sabah uyan\u0131r uyanmaz, \u00dclk\u00fc\u2019y\u00fc soruyor, \u00e7a\u011fr\u0131lmas\u0131n\u0131 istiyordu.Onunla uzun uzun sohbet ediyor, \u015fakala\u015f\u0131yor, birlikte \u00e7e\u015fitli oyunlar oynuyorlard\u0131. Bir sabah \u00dclk\u00fc, Atat\u00fcrk\u2019\u00fcn uyanmas\u0131n\u0131<span class=\"excerpt-hellip\"> [\u2026]<\/span><\/p>\n","protected":false},"featured_media":0,"template":"","meta":{"_monsterinsights_skip_tracking":false,"_monsterinsights_sitenote_active":false,"_monsterinsights_sitenote_note":"","_monsterinsights_sitenote_category":0},"product_brand":[],"product_cat":[12274,12284],"product_tag":[],"class_list":{"0":"post-744387","1":"product","2":"type-product","3":"status-publish","5":"product_cat-cocuk-ve-genclik-kitaplari","6":"product_cat-hikayeler","7":"pa_cilt-ciltsiz","8":"pa_tur-kitap","9":"pa_yayinevi-fom-kitap","10":"pa_yazar-suleyman-bulut","12":"first","13":"instock","14":"sale","15":"shipping-taxable","16":"purchasable","17":"product-type-simple"},"_links":{"self":[{"href":"https:\/\/roveyayinevi.com.tr\/index.php\/wp-json\/wp\/v2\/product\/744387","targetHints":{"allow":["GET"]}}],"collection":[{"href":"https:\/\/roveyayinevi.com.tr\/index.php\/wp-json\/wp\/v2\/product"}],"about":[{"href":"https:\/\/roveyayinevi.com.tr\/index.php\/wp-json\/wp\/v2\/types\/product"}],"wp:attachment":[{"href":"https:\/\/roveyayinevi.com.tr\/index.php\/wp-json\/wp\/v2\/media?parent=744387"}],"wp:term":[{"taxonomy":"product_brand","embeddable":true,"href":"https:\/\/roveyayinevi.com.tr\/index.php\/wp-json\/wp\/v2\/product_brand?post=744387"},{"taxonomy":"product_cat","embeddable":true,"href":"https:\/\/roveyayinevi.com.tr\/index.php\/wp-json\/wp\/v2\/product_cat?post=744387"},{"taxonomy":"product_tag","embeddable":true,"href":"https:\/\/roveyayinevi.com.tr\/index.php\/wp-json\/wp\/v2\/product_tag?post=744387"}],"curies":[{"name":"wp","href":"https:\/\/api.w.org\/{rel}","templated":true}]}}