{"id":744383,"date":"2025-08-28T01:55:45","date_gmt":"2025-08-27T22:55:45","guid":{"rendered":"https:\/\/roveyayinevi.com.tr\/index.php\/urun\/senden-basla\/"},"modified":"2026-04-16T02:56:28","modified_gmt":"2026-04-15T23:56:28","slug":"senden-basla","status":"publish","type":"product","link":"https:\/\/roveyayinevi.com.tr\/index.php\/urun\/senden-basla\/","title":{"rendered":"Senden Ba\u015fla"},"content":{"rendered":"<p>Senden Ba\u015fla, ya\u015fanm\u0131\u015f bir \u015fifa bulma hik\u00e2yesi&#8230; Reyhan \u0130lda\u015f kitab\u0131nda bir taraftan kendi ya\u015fad\u0131\u011f\u0131 zorluklardan, hayal k\u0131r\u0131kl\u0131klar\u0131ndan, engellerden bahsederken di\u011fer taraftan kendisinin nas\u0131l d\u00f6n\u00fc\u015ft\u00fc\u011f\u00fcn\u00fc anlat\u0131yor ve kendisini hayat\u0131n i\u00e7ine s\u0131k\u0131\u015fm\u0131\u015f hisseden herkese \u0131\u015f\u0131k oluyor. Ki\u015fisel geli\u015fim dan\u0131\u015fman\u0131 ve ThetaHealing e\u011fitmeni olan Reyhan \u0130lda\u015f, karanl\u0131kla sava\u015fmak  yerine g\u00fcne\u015fe \u015fark\u0131lar s\u00f6ylemeyi nas\u0131l \u00f6\u011frendi\u011fini anlat\u0131rken dar yollara s\u0131k\u0131\u015fm\u0131\u015f okurlar\u0131na rehberlik ediyor.<\/p>\n","protected":false},"excerpt":{"rendered":"<p>Senden Ba\u015fla, ya\u015fanm\u0131\u015f bir \u015fifa bulma hik\u00e2yesi&#8230; Reyhan \u0130lda\u015f kitab\u0131nda bir taraftan kendi ya\u015fad\u0131\u011f\u0131 zorluklardan, hayal k\u0131r\u0131kl\u0131klar\u0131ndan, engellerden bahsederken di\u011fer taraftan kendisinin nas\u0131l d\u00f6n\u00fc\u015ft\u00fc\u011f\u00fcn\u00fc anlat\u0131yor ve<span class=\"excerpt-hellip\"> [\u2026]<\/span><\/p>\n","protected":false},"featured_media":0,"template":"","meta":{"_monsterinsights_skip_tracking":false,"_monsterinsights_sitenote_active":false,"_monsterinsights_sitenote_note":"","_monsterinsights_sitenote_category":0},"product_brand":[],"product_cat":[12364,12376],"product_tag":[],"class_list":{"0":"post-744383","1":"product","2":"type-product","3":"status-publish","5":"product_cat-genel-konular","6":"product_cat-kisisel-gelisim","7":"pa_cilt-ciltsiz","8":"pa_tur-kitap","9":"pa_yayinevi-mona-kitap","10":"pa_yazar-reyhan-ildas","12":"first","13":"instock","14":"sale","15":"shipping-taxable","16":"purchasable","17":"product-type-simple"},"_links":{"self":[{"href":"https:\/\/roveyayinevi.com.tr\/index.php\/wp-json\/wp\/v2\/product\/744383","targetHints":{"allow":["GET"]}}],"collection":[{"href":"https:\/\/roveyayinevi.com.tr\/index.php\/wp-json\/wp\/v2\/product"}],"about":[{"href":"https:\/\/roveyayinevi.com.tr\/index.php\/wp-json\/wp\/v2\/types\/product"}],"wp:attachment":[{"href":"https:\/\/roveyayinevi.com.tr\/index.php\/wp-json\/wp\/v2\/media?parent=744383"}],"wp:term":[{"taxonomy":"product_brand","embeddable":true,"href":"https:\/\/roveyayinevi.com.tr\/index.php\/wp-json\/wp\/v2\/product_brand?post=744383"},{"taxonomy":"product_cat","embeddable":true,"href":"https:\/\/roveyayinevi.com.tr\/index.php\/wp-json\/wp\/v2\/product_cat?post=744383"},{"taxonomy":"product_tag","embeddable":true,"href":"https:\/\/roveyayinevi.com.tr\/index.php\/wp-json\/wp\/v2\/product_tag?post=744383"}],"curies":[{"name":"wp","href":"https:\/\/api.w.org\/{rel}","templated":true}]}}