{"id":744382,"date":"2025-08-28T01:55:43","date_gmt":"2025-08-27T22:55:43","guid":{"rendered":"https:\/\/roveyayinevi.com.tr\/index.php\/urun\/kambur-balina\/"},"modified":"2026-04-16T02:56:28","modified_gmt":"2026-04-15T23:56:28","slug":"kambur-balina","status":"publish","type":"product","link":"https:\/\/roveyayinevi.com.tr\/index.php\/urun\/kambur-balina\/","title":{"rendered":"Kambur Balina"},"content":{"rendered":"<p>Denizin ortas\u0131ndaki dinginli\u011fi olabildi\u011fince bozmadan, beni \u00fcrk\u00fctmeden sessizce \u00e7\u0131km\u0131\u015ft\u0131 sudan. Sessizceydi ama sinsice de\u011fildi ortaya \u00e7\u0131k\u0131\u015f\u0131. Birka\u00e7 saniye kadar bak\u0131\u015ft\u0131k, korkup korkmad\u0131\u011f\u0131m\u0131 bak\u0131\u015flar\u0131mda sezmeye \u00e7al\u0131\u015ft\u0131. Korkmad\u0131\u011f\u0131m\u0131 anlay\u0131nca daha da yana\u015ft\u0131. \u00c7ekingen ve temkinli bir ses tonuyla \u201cMerhaba,\u201d dedi. Korkuyordum ve endi\u015feliydim. Bunu ona belli edip onu cesaretlendirmemek i\u00e7in, ya da bilemiyorum, belki de sadece gururum y\u00fcz\u00fcnden, g\u00fcvenli ve rahat bir ses tonu ile \u201cMerhaba&#8230;\u201d diye kar\u015f\u0131l\u0131k verdim, \u201cBurada ne i\u015fin var?\u201d diye de ekledim. Sonra o an ne kadar uzun s\u00fcrece\u011fini hi\u00e7 de tahmin edemedi\u011fim muhabbetimizi ba\u015flatan c\u00fcmleler d\u00f6k\u00fclmeye ba\u015flad\u0131. A\u011fz\u0131 oynam\u0131yordu, ama duyabiliyordum, konu\u015fuyordu!   G\u00f6khan Sevim, zihn\u00ee kar\u0131\u015f\u0131kl\u0131klar ve \u00e7eli\u015fkilerle dolu bir kahraman\u0131, ola\u011fan\u00fcst\u00fc tutarl\u0131 bir \u015fekilde i\u015fleyip, okuru s\u0131k s\u0131k \u00e7eli\u015fkilere d\u00fc\u015f\u00fcrecek bir kurgu yarat\u0131yor.   Kambur Balina, ger\u00e7e\u011fe te\u011fet ge\u00e7en bir g\u00fcnl\u00fck, g\u00fcnl\u00fc\u011fe te\u011fet ge\u00e7en bir roman&#8230;   <\/p>\n","protected":false},"excerpt":{"rendered":"<p>Denizin ortas\u0131ndaki dinginli\u011fi olabildi\u011fince bozmadan, beni \u00fcrk\u00fctmeden sessizce \u00e7\u0131km\u0131\u015ft\u0131 sudan. Sessizceydi ama sinsice de\u011fildi ortaya \u00e7\u0131k\u0131\u015f\u0131. Birka\u00e7 saniye kadar bak\u0131\u015ft\u0131k, korkup korkmad\u0131\u011f\u0131m\u0131 bak\u0131\u015flar\u0131mda sezmeye \u00e7al\u0131\u015ft\u0131. Korkmad\u0131\u011f\u0131m\u0131<span class=\"excerpt-hellip\"> [\u2026]<\/span><\/p>\n","protected":false},"featured_media":0,"template":"","meta":{"_monsterinsights_skip_tracking":false,"_monsterinsights_sitenote_active":false,"_monsterinsights_sitenote_note":"","_monsterinsights_sitenote_category":0},"product_brand":[],"product_cat":[12291,12711],"product_tag":[],"class_list":{"0":"post-744382","1":"product","2":"type-product","3":"status-publish","5":"product_cat-edebiyat","6":"product_cat-roman-oyku","7":"pa_cilt-ciltsiz","8":"pa_tur-kitap","9":"pa_yayinevi-luna-yayinlari","10":"pa_yazar-gokhan-sevim","12":"first","13":"instock","14":"sale","15":"shipping-taxable","16":"purchasable","17":"product-type-simple"},"_links":{"self":[{"href":"https:\/\/roveyayinevi.com.tr\/index.php\/wp-json\/wp\/v2\/product\/744382","targetHints":{"allow":["GET"]}}],"collection":[{"href":"https:\/\/roveyayinevi.com.tr\/index.php\/wp-json\/wp\/v2\/product"}],"about":[{"href":"https:\/\/roveyayinevi.com.tr\/index.php\/wp-json\/wp\/v2\/types\/product"}],"wp:attachment":[{"href":"https:\/\/roveyayinevi.com.tr\/index.php\/wp-json\/wp\/v2\/media?parent=744382"}],"wp:term":[{"taxonomy":"product_brand","embeddable":true,"href":"https:\/\/roveyayinevi.com.tr\/index.php\/wp-json\/wp\/v2\/product_brand?post=744382"},{"taxonomy":"product_cat","embeddable":true,"href":"https:\/\/roveyayinevi.com.tr\/index.php\/wp-json\/wp\/v2\/product_cat?post=744382"},{"taxonomy":"product_tag","embeddable":true,"href":"https:\/\/roveyayinevi.com.tr\/index.php\/wp-json\/wp\/v2\/product_tag?post=744382"}],"curies":[{"name":"wp","href":"https:\/\/api.w.org\/{rel}","templated":true}]}}