{"id":744381,"date":"2025-08-28T01:55:41","date_gmt":"2025-08-27T22:55:41","guid":{"rendered":"https:\/\/roveyayinevi.com.tr\/index.php\/urun\/sozlu-ceviri-dunyasi\/"},"modified":"2026-04-16T02:56:28","modified_gmt":"2026-04-15T23:56:28","slug":"sozlu-ceviri-dunyasi","status":"publish","type":"product","link":"https:\/\/roveyayinevi.com.tr\/index.php\/urun\/sozlu-ceviri-dunyasi\/","title":{"rendered":"S\u00f6zl\u00fc \u00c7eviri D\u00fcnyas\u0131"},"content":{"rendered":"<p>S\u00f6zl\u00fc \u00c7eviri D\u00fcnyas\u0131, bu konu ile ilgili bilinmesi gereken her bir ayr\u0131nt\u0131y\u0131 anla\u015f\u0131l\u0131r bir dille b\u00fcnyesinde bar\u0131nd\u0131r\u0131yor. Melissa Sim Erbil, konular\u0131 anla\u015f\u0131l\u0131r bir bi\u00e7imde tasnif ederek bu alanda bilgi sahibi olmak isteyenler i\u00e7in kolay anla\u015f\u0131l\u0131r bir ba\u015fvuru kitab\u0131 olu\u015fturuyor.   Yaln\u0131zca teknik bilgiler de\u011fil, bu sekt\u00f6rde \u00e7evirmenlerin kar\u015f\u0131lar\u0131na \u00e7\u0131kabilecek problemlerin ve tavsiyelerin de yer ald\u0131\u011f\u0131 bu kitap, gerek \u00fcniversitelerin ilgili b\u00f6l\u00fcmlerinde okutulabilecek, gerekse bu alana ilgi duyan herkesin faydalanabilece\u011fi nadide bir eser&#8230; <\/p>\n","protected":false},"excerpt":{"rendered":"<p>S\u00f6zl\u00fc \u00c7eviri D\u00fcnyas\u0131, bu konu ile ilgili bilinmesi gereken her bir ayr\u0131nt\u0131y\u0131 anla\u015f\u0131l\u0131r bir dille b\u00fcnyesinde bar\u0131nd\u0131r\u0131yor. Melissa Sim Erbil, konular\u0131 anla\u015f\u0131l\u0131r bir bi\u00e7imde tasnif ederek<span class=\"excerpt-hellip\"> [\u2026]<\/span><\/p>\n","protected":false},"featured_media":0,"template":"","meta":{"_monsterinsights_skip_tracking":false,"_monsterinsights_sitenote_active":false,"_monsterinsights_sitenote_note":"","_monsterinsights_sitenote_category":0},"product_brand":[],"product_cat":[13072,12291],"product_tag":[],"class_list":{"0":"post-744381","1":"product","2":"type-product","3":"status-publish","5":"product_cat-arastirma-inceleme-referans","6":"product_cat-edebiyat","7":"pa_cilt-ciltsiz","8":"pa_tur-kitap","9":"pa_yayinevi-luna-yayinlari","10":"pa_yazar-melissa-sim-erbil","12":"first","13":"instock","14":"sale","15":"shipping-taxable","16":"purchasable","17":"product-type-simple"},"_links":{"self":[{"href":"https:\/\/roveyayinevi.com.tr\/index.php\/wp-json\/wp\/v2\/product\/744381","targetHints":{"allow":["GET"]}}],"collection":[{"href":"https:\/\/roveyayinevi.com.tr\/index.php\/wp-json\/wp\/v2\/product"}],"about":[{"href":"https:\/\/roveyayinevi.com.tr\/index.php\/wp-json\/wp\/v2\/types\/product"}],"wp:attachment":[{"href":"https:\/\/roveyayinevi.com.tr\/index.php\/wp-json\/wp\/v2\/media?parent=744381"}],"wp:term":[{"taxonomy":"product_brand","embeddable":true,"href":"https:\/\/roveyayinevi.com.tr\/index.php\/wp-json\/wp\/v2\/product_brand?post=744381"},{"taxonomy":"product_cat","embeddable":true,"href":"https:\/\/roveyayinevi.com.tr\/index.php\/wp-json\/wp\/v2\/product_cat?post=744381"},{"taxonomy":"product_tag","embeddable":true,"href":"https:\/\/roveyayinevi.com.tr\/index.php\/wp-json\/wp\/v2\/product_tag?post=744381"}],"curies":[{"name":"wp","href":"https:\/\/api.w.org\/{rel}","templated":true}]}}