{"id":744380,"date":"2025-08-28T01:55:39","date_gmt":"2025-08-27T22:55:39","guid":{"rendered":"https:\/\/roveyayinevi.com.tr\/index.php\/urun\/kovulanlar\/"},"modified":"2026-04-16T02:56:28","modified_gmt":"2026-04-15T23:56:28","slug":"kovulanlar","status":"publish","type":"product","link":"https:\/\/roveyayinevi.com.tr\/index.php\/urun\/kovulanlar\/","title":{"rendered":"Kovulanlar"},"content":{"rendered":"<p>\u201cHi\u00e7bir \u015fey bilmeyene hangi ger\u00e7e\u011fi anlatabilirsin Silbi? Hi\u00e7bir \u015fey bilmeyen nereye ait olabilir? Ama \u2018hi\u00e7bir \u015feyi bilmemek\u2019 i\u00e7ten i\u00e7e kendini hissettirir. Hep hayatlar\u0131 boyunca neyi bilmeleri gerekti\u011fini \u00f6\u011frenmeye \u00e7al\u0131\u015facaklar. Bunu tamamlayamamak onlara endi\u015fe, korku ve rahats\u0131zl\u0131k duygusunu ya\u015fatacak. G\u00fcne\u015fi g\u00f6recekler ama onun ne i\u015fe yarad\u0131\u011f\u0131n\u0131 bilemeyecekler; o ayd\u0131nl\u0131\u011f\u0131n i\u00e7inde karanl\u0131\u011fa esir olacaklar. Ac\u0131y\u0131, nefreti, \u00f6l\u00fcm\u00fc tadacaklar. En k\u00f6t\u00fcs\u00fc, o duygular\u0131 anlayabilmeleri, o duyguyu ya\u015famalar\u0131ndan daha \u0131zd\u0131rap verici olacak. A\u015fk\u0131, sevgiyi, mutlulu\u011fu da tadacaklar ama bunun i\u00e7in b\u00fcy\u00fck bedeller \u00f6demeleri gerekti\u011fini de \u00f6\u011frenecekler. \u0130\u015fte bu y\u00fczden en b\u00fcy\u00fck ceza hi\u00e7bir \u015fey bilmeden ya\u015famakt\u0131r\u2026\u201d <\/p>\n","protected":false},"excerpt":{"rendered":"<p>\u201cHi\u00e7bir \u015fey bilmeyene hangi ger\u00e7e\u011fi anlatabilirsin Silbi? Hi\u00e7bir \u015fey bilmeyen nereye ait olabilir? Ama \u2018hi\u00e7bir \u015feyi bilmemek\u2019 i\u00e7ten i\u00e7e kendini hissettirir. Hep hayatlar\u0131 boyunca neyi bilmeleri<span class=\"excerpt-hellip\"> [\u2026]<\/span><\/p>\n","protected":false},"featured_media":0,"template":"","meta":{"_monsterinsights_skip_tracking":false,"_monsterinsights_sitenote_active":false,"_monsterinsights_sitenote_note":"","_monsterinsights_sitenote_category":0},"product_brand":[],"product_cat":[12291,12711],"product_tag":[],"class_list":{"0":"post-744380","1":"product","2":"type-product","3":"status-publish","5":"product_cat-edebiyat","6":"product_cat-roman-oyku","7":"pa_cilt-ciltsiz","8":"pa_tur-kitap","9":"pa_yayinevi-luna-yayinlari","10":"pa_yazar-cansu-basak-yalcinkaya","12":"first","13":"instock","14":"sale","15":"shipping-taxable","16":"purchasable","17":"product-type-simple"},"_links":{"self":[{"href":"https:\/\/roveyayinevi.com.tr\/index.php\/wp-json\/wp\/v2\/product\/744380","targetHints":{"allow":["GET"]}}],"collection":[{"href":"https:\/\/roveyayinevi.com.tr\/index.php\/wp-json\/wp\/v2\/product"}],"about":[{"href":"https:\/\/roveyayinevi.com.tr\/index.php\/wp-json\/wp\/v2\/types\/product"}],"wp:attachment":[{"href":"https:\/\/roveyayinevi.com.tr\/index.php\/wp-json\/wp\/v2\/media?parent=744380"}],"wp:term":[{"taxonomy":"product_brand","embeddable":true,"href":"https:\/\/roveyayinevi.com.tr\/index.php\/wp-json\/wp\/v2\/product_brand?post=744380"},{"taxonomy":"product_cat","embeddable":true,"href":"https:\/\/roveyayinevi.com.tr\/index.php\/wp-json\/wp\/v2\/product_cat?post=744380"},{"taxonomy":"product_tag","embeddable":true,"href":"https:\/\/roveyayinevi.com.tr\/index.php\/wp-json\/wp\/v2\/product_tag?post=744380"}],"curies":[{"name":"wp","href":"https:\/\/api.w.org\/{rel}","templated":true}]}}